{"id":8159,"date":"2024-04-05T11:38:49","date_gmt":"2024-04-05T09:38:49","guid":{"rendered":"https:\/\/handbag-sense.com\/?post_type=product&#038;p=8159"},"modified":"2025-05-06T11:56:15","modified_gmt":"2025-05-06T09:56:15","slug":"chypre-gold-sandalen-fur-herren-copy-copy","status":"publish","type":"product","link":"https:\/\/handbag-sense.com\/de\/produkt\/chypre-gold-sandalen-fur-herren-copy-copy\/","title":{"rendered":"Genius Sandalen Etoupe f\u00fcr Herren"},"content":{"rendered":"<div class=\"c-columns-m-1 c-columns-2 c-columns-gap-s\">\n<div><strong>Farbe:<\/strong> Etoupe<br \/>\n<strong>Material:<\/strong> Leder \/ Gummi<\/div>\n<div><strong>Grade:<\/strong> 1 <img decoding=\"async\" class=\"info_box alignnone size-medium wp-image-885\" title=\"Info\" role=\"img\" src=\"https:\/\/handbag-sense.com\/wp-content\/uploads\/2023\/05\/info_icon.svg\" alt=\"info box\" width=\"15\" height=\"15\"><br \/>\n<strong>Gr\u00f6\u00dfe:<\/strong> 43,5<\/div>\n<\/div>\n<p><strong>Enth\u00e4lt:<\/strong> Staubbeutel, Box<\/p>\n","protected":false},"excerpt":{"rendered":"<p><strong>Herm\u00e8s Genius Sandalen Etoupe f\u00fcr Herren .  <\/strong>Diese Techno-Sandalen aus Kalbsleder zeichnen sich durch klare Linien, eine ergonomische Gummisohle und einen verstellbaren Riemen aus. Sie verbinden eine l\u00e4ssige \u00c4sthetik mit kompromisslosem Komfort. Die Gummisohle ist in elegantem Schwarz gehalten, w\u00e4hrend die Innensohle aus nat\u00fcrlichem Kalbsleder besteht. Der Innenraum ist mit nat\u00fcrlichem Kalbsleder gef\u00fcttert und sorgt f\u00fcr einen luxuri\u00f6sen Touch. Treten Sie ein in die Welt des m\u00fchelosen Stils und des au\u00dfergew\u00f6hnlichen Komforts mit diesen Herm\u00e8s Genius Sandalen. Die <strong>Genius Sandalen <\/strong> <strong> <\/strong>sind brandneu und nie getragen.<\/p>\n","protected":false},"featured_media":4722,"template":"","meta":[],"product_brand":[2404],"product_cat":[1589],"product_tag":[1958,1959],"class_list":{"0":"post-8159","1":"product","2":"type-product","3":"status-publish","4":"has-post-thumbnail","6":"product_brand-hermes-de","7":"product_cat-schuhe","8":"product_tag-hermes-chypre-weis","9":"product_tag-weise-chypre-sandalen","10":"pa_brand-hermes-de","11":"pa_color-beige-de","12":"pa_color-lila","13":"pa_color-mehrfarbig","14":"pa_color-nude-de","15":"pa_color-rosa-de","16":"pa_color-weiss","17":"pa_grade-grad-1","18":"pa_material-leder","20":"first","21":"outofstock","22":"shipping-taxable","23":"product-type-simple"},"_links":{"self":[{"href":"https:\/\/handbag-sense.com\/de\/wp-json\/wp\/v2\/product\/8159","targetHints":{"allow":["GET"]}}],"collection":[{"href":"https:\/\/handbag-sense.com\/de\/wp-json\/wp\/v2\/product"}],"about":[{"href":"https:\/\/handbag-sense.com\/de\/wp-json\/wp\/v2\/types\/product"}],"wp:featuredmedia":[{"embeddable":true,"href":"https:\/\/handbag-sense.com\/de\/wp-json\/wp\/v2\/media\/4722"}],"wp:attachment":[{"href":"https:\/\/handbag-sense.com\/de\/wp-json\/wp\/v2\/media?parent=8159"}],"wp:term":[{"taxonomy":"product_brand","embeddable":true,"href":"https:\/\/handbag-sense.com\/de\/wp-json\/wp\/v2\/product_brand?post=8159"},{"taxonomy":"product_cat","embeddable":true,"href":"https:\/\/handbag-sense.com\/de\/wp-json\/wp\/v2\/product_cat?post=8159"},{"taxonomy":"product_tag","embeddable":true,"href":"https:\/\/handbag-sense.com\/de\/wp-json\/wp\/v2\/product_tag?post=8159"}],"curies":[{"name":"wp","href":"https:\/\/api.w.org\/{rel}","templated":true}]}}