{"id":7785,"date":"2024-03-27T16:17:37","date_gmt":"2024-03-27T15:17:37","guid":{"rendered":"https:\/\/handbag-sense.com\/?post_type=product&#038;p=7785"},"modified":"2025-05-06T11:56:18","modified_gmt":"2025-05-06T09:56:18","slug":"hermes-birkin-30-togo-gold","status":"publish","type":"product","link":"https:\/\/handbag-sense.com\/de\/produkt\/hermes-birkin-30-togo-gold\/","title":{"rendered":"Birkin 30 Togo Gold"},"content":{"rendered":"<div class=\"c-columns-m-1 c-columns-2 c-columns-gap-s\">\n<div><strong>Material:<\/strong> Togo-Leder<br \/>\n<strong>Farbe:<\/strong> Gold<br \/>\n<strong>Metallelemente:<\/strong> Gold Hardware<br \/>\n<strong>Inner material:<\/strong> Leder<\/div>\n<div><strong>Note: <\/strong> 1 <img decoding=\"async\" class=\"info_box alignnone size-medium wp-image-885\" title=\"Info\" role=\"img\" src=\"https:\/\/handbag-sense.com\/wp-content\/uploads\/2023\/05\/info_icon.svg\" alt=\"info box\" width=\"15\" height=\"15\" \/><br \/>\n<strong>Baujahr\/Stempel:<\/strong> 2023 \/ B<br \/>\n<strong>Gr\u00f6\u00dfe:<\/strong> 30 x 22 x 16 cm<br \/>\n<strong>Versand:<\/strong> Weltweit<\/div>\n<\/div>\n<p><strong>Enth\u00e4lt:<\/strong> Original-Quittung, Staubbeutel, Clochette, Schloss, Schl\u00fcssel, Regenmantel, Filz, Heft, Box<\/p>\n","protected":false},"excerpt":{"rendered":"<p><strong>Herm\u00e8s Birkin 30 Togo Gold mit Goldbeschl\u00e4gen<\/strong>. Die Herm\u00e8s Birkin 30 in Togo Gold mit Goldbeschl\u00e4gen ist eine exquisite und klassische Handtasche. Handgefertigt aus goldenem Togo-Leder und erg\u00e4nzt durch goldene Beschl\u00e4ge, strahlt diese Tasche Luxus und Eleganz aus. Als eine der ikonischsten Handtaschen der Welt ist die Birkin seit Jahrzehnten ein Symbol f\u00fcr Eleganz und Klasse. Im Lieferumfang der Tasche enthalten sind eine Clochette, ein Schloss mit zwei Schl\u00fcsseln, ein Herm\u00e8s-Staubbeutel und die charakteristische orangefarbene Herm\u00e8s-Box. Diese Herm\u00e8s Birkin befindet sich in einem brandneuen Zustand und wird mit der Originalrechnung von 2023 geliefert, was zu ihrer exklusiven Attraktivit\u00e4t beitr\u00e4gt.<\/p>\n","protected":false},"featured_media":7792,"template":"","meta":[],"product_brand":[2404],"product_cat":[347],"product_tag":[1433,2049,1412,1984],"class_list":{"0":"post-7785","1":"product","2":"type-product","3":"status-publish","4":"has-post-thumbnail","6":"product_brand-hermes-de","7":"product_cat-handtasche","8":"product_tag-birkin-30-gold-de","9":"product_tag-birkin-30-togo-de","10":"product_tag-hermes-birkin-30-de","11":"product_tag-hermes-birkin-tasche","12":"pa_brand-hermes-de","13":"pa_color-gold-de","14":"pa_grade-grad-1","15":"pa_hermes-models-birkin-de","16":"pa_material-leder","18":"first","19":"outofstock","20":"sold-individually","21":"product-type-simple"},"_links":{"self":[{"href":"https:\/\/handbag-sense.com\/de\/wp-json\/wp\/v2\/product\/7785","targetHints":{"allow":["GET"]}}],"collection":[{"href":"https:\/\/handbag-sense.com\/de\/wp-json\/wp\/v2\/product"}],"about":[{"href":"https:\/\/handbag-sense.com\/de\/wp-json\/wp\/v2\/types\/product"}],"wp:featuredmedia":[{"embeddable":true,"href":"https:\/\/handbag-sense.com\/de\/wp-json\/wp\/v2\/media\/7792"}],"wp:attachment":[{"href":"https:\/\/handbag-sense.com\/de\/wp-json\/wp\/v2\/media?parent=7785"}],"wp:term":[{"taxonomy":"product_brand","embeddable":true,"href":"https:\/\/handbag-sense.com\/de\/wp-json\/wp\/v2\/product_brand?post=7785"},{"taxonomy":"product_cat","embeddable":true,"href":"https:\/\/handbag-sense.com\/de\/wp-json\/wp\/v2\/product_cat?post=7785"},{"taxonomy":"product_tag","embeddable":true,"href":"https:\/\/handbag-sense.com\/de\/wp-json\/wp\/v2\/product_tag?post=7785"}],"curies":[{"name":"wp","href":"https:\/\/api.w.org\/{rel}","templated":true}]}}