{"id":7780,"date":"2024-03-27T14:58:29","date_gmt":"2024-03-27T13:58:29","guid":{"rendered":"https:\/\/handbag-sense.com\/?post_type=product&#038;p=7780"},"modified":"2025-05-06T13:03:11","modified_gmt":"2025-05-06T11:03:11","slug":"chanel-grand-shopping-einkaufstasche-schwarz","status":"publish","type":"product","link":"https:\/\/handbag-sense.com\/de\/produkt\/chanel-grand-shopping-einkaufstasche-schwarz\/","title":{"rendered":"Grand Shopping Einkaufstasche Schwarz"},"content":{"rendered":"<div class=\"c-columns-m-1 c-columns-2 c-columns-gap-s\">\n<div><strong>Material:<\/strong> genarbtes Kalbsleder<br \/>\n<strong>Farbe:<\/strong> Schwarz<br \/>\n<strong>Metallelemente:<\/strong> Silberne Hardware<br \/>\n<strong>Innenmaterial:<\/strong> Textilfutter<\/div>\n<div><strong>Note:<\/strong> 3\/4 <img decoding=\"async\" class=\"info_box alignnone size-medium wp-image-885\" title=\"Info\" role=\"img\" src=\"https:\/\/handbag-sense.com\/wp-content\/uploads\/2023\/05\/info_icon.svg\" alt=\"info box\" width=\"15\" height=\"15\" \/><br \/>\n<strong>Gr\u00f6\u00dfe:<\/strong> 34 x 23 x 13 cm<br \/>\n<strong>Jahr \/ Seriennummer:<\/strong> 2013, beginnt mit 178...<\/div>\n<\/div>\n<p><strong>Beinhaltet:<\/strong> Originalquittung, Authentizit\u00e4tskarte, Staubbeutel, Karton<\/p>\n","protected":false},"excerpt":{"rendered":"<p><strong>Chanel Grand Shopping Einkaufstasche Schwarzes Kaviarleder. <\/strong>Diese Traumtasche ist ein Klassiker aus dem Hause CHANEL und damit ein zeitloser und stets gefragter Begleiter f\u00fcr den Alltag. Die Chanel Grand Shopping Tote Bag ist aus schwarzem Kaviarleder gefertigt und verf\u00fcgt \u00fcber Schulterriemen mit silbernen Kettengliedern, sodass die Tasche lang oder kurz \u00fcber der Schulter getragen werden kann. Ein auff\u00e4lliges, auf der Vorderseite gen\u00e4htes Chanel CC-Logo ziert diese Tasche. Dies ist eine wunderbare Tragetasche, ideal f\u00fcr einen Tagesausflug! Die Tasche ist in sehr gutem Zustand und wird mit der Originalquittung, einer Echtheitskarte, einem Chanel-Staubbeutel und der Chanel-Box geliefert<\/p>\n","protected":false},"featured_media":18646,"template":"","meta":[],"product_brand":[2417],"product_cat":[347,349],"product_tag":[2058,2056,2057],"class_list":{"0":"post-7780","1":"product","2":"type-product","3":"status-publish","4":"has-post-thumbnail","6":"product_brand-chanel-de","7":"product_cat-handtasche","8":"product_cat-shopper-de","9":"product_tag-chanel-einkaufstasche","10":"product_tag-chanel-gst-schwarz-de","11":"product_tag-einkaufstasche-schwarz","12":"pa_brand-chanel-de","13":"pa_chanel-models-grand-shopping-de","14":"pa_color-schwarz","15":"pa_grade-grad-3","16":"pa_material-leder","18":"first","19":"outofstock","20":"shipping-taxable","21":"purchasable","22":"product-type-simple"},"_links":{"self":[{"href":"https:\/\/handbag-sense.com\/de\/wp-json\/wp\/v2\/product\/7780","targetHints":{"allow":["GET"]}}],"collection":[{"href":"https:\/\/handbag-sense.com\/de\/wp-json\/wp\/v2\/product"}],"about":[{"href":"https:\/\/handbag-sense.com\/de\/wp-json\/wp\/v2\/types\/product"}],"wp:featuredmedia":[{"embeddable":true,"href":"https:\/\/handbag-sense.com\/de\/wp-json\/wp\/v2\/media\/18646"}],"wp:attachment":[{"href":"https:\/\/handbag-sense.com\/de\/wp-json\/wp\/v2\/media?parent=7780"}],"wp:term":[{"taxonomy":"product_brand","embeddable":true,"href":"https:\/\/handbag-sense.com\/de\/wp-json\/wp\/v2\/product_brand?post=7780"},{"taxonomy":"product_cat","embeddable":true,"href":"https:\/\/handbag-sense.com\/de\/wp-json\/wp\/v2\/product_cat?post=7780"},{"taxonomy":"product_tag","embeddable":true,"href":"https:\/\/handbag-sense.com\/de\/wp-json\/wp\/v2\/product_tag?post=7780"}],"curies":[{"name":"wp","href":"https:\/\/api.w.org\/{rel}","templated":true}]}}