{"id":7733,"date":"2024-03-25T17:55:50","date_gmt":"2024-03-25T16:55:50","guid":{"rendered":"https:\/\/handbag-sense.com\/?post_type=product&#038;p=7733"},"modified":"2025-05-06T13:03:13","modified_gmt":"2025-05-06T11:03:13","slug":"chanel-wallet-on-chain-schwarz-2","status":"publish","type":"product","link":"https:\/\/handbag-sense.com\/de\/produkt\/chanel-wallet-on-chain-schwarz-2\/","title":{"rendered":"Geldb\u00f6rse an Kette Schwarz"},"content":{"rendered":"<div class=\"c-columns-m-1 c-columns-2 c-columns-gap-s\">\n<div><strong>Material:<\/strong> Kaviar-Leder<br \/>\n<strong>Farbe:<\/strong> Schwarz<br \/>\n<strong>Metallelemente:<\/strong> Gold Hardware<br \/>\n<strong>Innenmaterial:<\/strong> Textilfutter<\/div>\n<div><strong>Note: <\/strong> 3\/4 <img decoding=\"async\" class=\"info_box alignnone size-medium wp-image-885\" title=\"Info\" role=\"img\" src=\"https:\/\/handbag-sense.com\/wp-content\/uploads\/2023\/05\/info_icon.svg\" alt=\"info box\" width=\"15\" height=\"15\" \/><br \/>\n<strong>Baujahr\/Buchstabe:<\/strong> 2013, beginnt mit 182...<br \/>\n<strong>Gr\u00f6\u00dfe:<\/strong> 19,5 x 13 x 3 cm<\/div>\n<\/div>\n<p><strong>Enth\u00e4lt:<\/strong> Echtheitskarte, Staubbeutel, Karton, Originalquittung<\/p>\n","protected":false},"excerpt":{"rendered":"<p><strong>Chanel Geldb\u00f6rse an der Kette schwarz.<\/strong> Die Chanel Wallet On Chain ist ein zeitloses Accessoire im klassischen Stil von Chanel. Durch ihre geringe Gr\u00f6\u00dfe eignet sie sich perfekt als Abendtasche. Die Tasche ist aus Kaviarleder, die Hardware und die Schulterkette aus goldenem Metall. Das Innere der Tasche ist in zwei Hauptf\u00e4cher und ein Rei\u00dfverschlussfach unterteilt. Unter der Klappe befindet sich ein weiteres Rei\u00dfverschlussfach. Der WOC kann sowohl \u00fcber der Schulter als auch als Umh\u00e4ngetasche getragen werden. Diese kleine Tasche wurde selten getragen, ist daher in sehr gutem Zustand, wird mit dem Staubbeutel, der Echtheitskarte, der Originalquittung und der Chanel-Box geliefert.<\/p>\n","protected":false},"featured_media":7717,"template":"","meta":[],"product_brand":[2417],"product_cat":[350,351,344,346,345,342],"product_tag":[1724,2041],"class_list":{"0":"post-7733","1":"product","2":"type-product","3":"status-publish","4":"has-post-thumbnail","6":"product_brand-chanel-de","7":"product_cat-schultertaschen","8":"product_cat-kleine-taschen","9":"product_cat-pochette-de","10":"product_cat-abendtasche","11":"product_cat-crossbody-taschen","12":"product_cat-accessoire-de","13":"product_tag-chanel-wallet-on-chain-de","14":"product_tag-chanel-woc-schwarz-de","15":"pa_brand-chanel-de","16":"pa_chanel-models-wallet-on-chain-de","17":"pa_color-schwarz","18":"pa_grade-grad-4","19":"pa_material-leder","21":"first","22":"outofstock","23":"shipping-taxable","24":"product-type-simple"},"_links":{"self":[{"href":"https:\/\/handbag-sense.com\/de\/wp-json\/wp\/v2\/product\/7733","targetHints":{"allow":["GET"]}}],"collection":[{"href":"https:\/\/handbag-sense.com\/de\/wp-json\/wp\/v2\/product"}],"about":[{"href":"https:\/\/handbag-sense.com\/de\/wp-json\/wp\/v2\/types\/product"}],"wp:featuredmedia":[{"embeddable":true,"href":"https:\/\/handbag-sense.com\/de\/wp-json\/wp\/v2\/media\/7717"}],"wp:attachment":[{"href":"https:\/\/handbag-sense.com\/de\/wp-json\/wp\/v2\/media?parent=7733"}],"wp:term":[{"taxonomy":"product_brand","embeddable":true,"href":"https:\/\/handbag-sense.com\/de\/wp-json\/wp\/v2\/product_brand?post=7733"},{"taxonomy":"product_cat","embeddable":true,"href":"https:\/\/handbag-sense.com\/de\/wp-json\/wp\/v2\/product_cat?post=7733"},{"taxonomy":"product_tag","embeddable":true,"href":"https:\/\/handbag-sense.com\/de\/wp-json\/wp\/v2\/product_tag?post=7733"}],"curies":[{"name":"wp","href":"https:\/\/api.w.org\/{rel}","templated":true}]}}