{"id":7730,"date":"2024-03-25T17:23:41","date_gmt":"2024-03-25T16:23:41","guid":{"rendered":"https:\/\/handbag-sense.com\/?post_type=product&#038;p=7730"},"modified":"2025-05-06T13:03:14","modified_gmt":"2025-05-06T11:03:14","slug":"chanel-boy-bag-schwarz-old-medium","status":"publish","type":"product","link":"https:\/\/handbag-sense.com\/de\/produkt\/chanel-boy-bag-schwarz-old-medium\/","title":{"rendered":"Boy Bag Schwarz Gesteppt"},"content":{"rendered":"<div class=\"c-columns-m-1 c-columns-2 c-columns-gap-s\">\n<div><strong>Material:<\/strong> Kalbsleder<br \/>\n<strong>Farbe:<\/strong> Schwarz<br \/>\n<strong>Metallelemente:<\/strong> Ruthenium-Hardware<br \/>\n<strong>Innenmaterial:<\/strong> Textilfutter<\/div>\n<div><strong>Note: <\/strong> 4 <img decoding=\"async\" class=\"info_box alignnone size-medium wp-image-885\" title=\"Info\" role=\"img\" src=\"https:\/\/handbag-sense.com\/wp-content\/uploads\/2023\/05\/info_icon.svg\" alt=\"info box\" width=\"15\" height=\"15\" \/><br \/>\n<strong>Baujahr\/Seriennummer:<\/strong> 2013, beginn7 mit 187...<br \/>\n<strong>Gr\u00f6\u00dfe:<\/strong> 25 x 15 x 9 cm<\/div>\n<\/div>\n<p><strong>Enth\u00e4lt:<\/strong> Authentizit\u00e4tskarte, Box, Staubbeutel, Originalquittung<\/p>\n","protected":false},"excerpt":{"rendered":"<p><strong>Chanel Boy Bag Schwarz mit schwarzen N\u00e4hten in Old Medium.<\/strong> Diese Traumtasche geh\u00f6rt zu den Klassikern von CHANEL und ist damit ein zeitloser, allseits begehrter Alltagsbegleiter. Die Chanel Boy Bag ist aus Kalbsleder in der Farbe Schwarz gefertigt, kombiniert mit einer Kette im Ruthenium-Finish, die in der L\u00e4nge verstellbar ist, so dass die Tasche lang oder kurz \u00fcber der Schulter getragen werden kann. Das Innere der Tasche ist in ein gro\u00dfes Hauptfach und eine Tasche unterteilt. Verschlossen wird die Tasche durch den typischen CC-Boy Push Lock. Die <strong>Chanel Boy Black<\/strong> ist in einem sehr guten Zustand, wird mit dem Staubbeutel, der Authenticity Card, der Chanel-Box und der Originalquittung von 2013 geliefert.<\/p>\n","protected":false},"featured_media":7707,"template":"","meta":[],"product_brand":[2417],"product_cat":[347,350,345],"product_tag":[1493,2021,2020],"class_list":{"0":"post-7730","1":"product","2":"type-product","3":"status-publish","4":"has-post-thumbnail","6":"product_brand-chanel-de","7":"product_cat-handtasche","8":"product_cat-schultertaschen","9":"product_cat-crossbody-taschen","10":"product_tag-chanel-boy-bag-de","11":"product_tag-chanel-junge-schwarz","12":"product_tag-jungentasche-schwarz","13":"pa_brand-chanel-de","14":"pa_chanel-models-boy-bag-de","15":"pa_color-schwarz","16":"pa_grade-grad-4","17":"pa_material-leder","19":"first","20":"outofstock","21":"shipping-taxable","22":"product-type-simple"},"_links":{"self":[{"href":"https:\/\/handbag-sense.com\/de\/wp-json\/wp\/v2\/product\/7730","targetHints":{"allow":["GET"]}}],"collection":[{"href":"https:\/\/handbag-sense.com\/de\/wp-json\/wp\/v2\/product"}],"about":[{"href":"https:\/\/handbag-sense.com\/de\/wp-json\/wp\/v2\/types\/product"}],"wp:featuredmedia":[{"embeddable":true,"href":"https:\/\/handbag-sense.com\/de\/wp-json\/wp\/v2\/media\/7707"}],"wp:attachment":[{"href":"https:\/\/handbag-sense.com\/de\/wp-json\/wp\/v2\/media?parent=7730"}],"wp:term":[{"taxonomy":"product_brand","embeddable":true,"href":"https:\/\/handbag-sense.com\/de\/wp-json\/wp\/v2\/product_brand?post=7730"},{"taxonomy":"product_cat","embeddable":true,"href":"https:\/\/handbag-sense.com\/de\/wp-json\/wp\/v2\/product_cat?post=7730"},{"taxonomy":"product_tag","embeddable":true,"href":"https:\/\/handbag-sense.com\/de\/wp-json\/wp\/v2\/product_tag?post=7730"}],"curies":[{"name":"wp","href":"https:\/\/api.w.org\/{rel}","templated":true}]}}