{"id":7619,"date":"2024-03-22T17:27:04","date_gmt":"2024-03-22T16:27:04","guid":{"rendered":"https:\/\/handbag-sense.com\/?post_type=product&#038;p=7619"},"modified":"2025-05-06T11:56:22","modified_gmt":"2025-05-06T09:56:22","slug":"hermes-evelyne-iii-33-taurillon-clemence-bleu-brighton","status":"publish","type":"product","link":"https:\/\/handbag-sense.com\/de\/produkt\/hermes-evelyne-iii-33-taurillon-clemence-bleu-brighton\/","title":{"rendered":"Evelyne III 33 Taurillon Clemence Bleu Brighton"},"content":{"rendered":"<div class=\"c-columns-m-1 c-columns-2 c-columns-gap-s\">\n<div><strong>Material:<\/strong> Taurillon Clemence Leder<br \/>\n<strong>Farbe:<\/strong> Bleu Brighton<br \/>\n<strong>Metallelemente:<\/strong> Palladium Hardware<br \/>\n<strong>Innenmaterial:<\/strong> Naturleder<\/div>\n<div><strong>Note: 3<\/strong> <img decoding=\"async\" class=\"info_box alignnone size-medium wp-image-885\" title=\"Info\" role=\"img\" src=\"https:\/\/handbag-sense.com\/wp-content\/uploads\/2023\/05\/info_icon.svg\" alt=\"info box\" width=\"15\" height=\"15\" \/><br \/>\n<strong>Baujahr\/Stempel:<\/strong> 2018 \/ C<br \/>\n<strong>Gr\u00f6\u00dfe:<\/strong> 33 x 33 x 11 cm<br \/>\n<strong>Versand:<\/strong> Weltweit<\/div>\n<\/div>\n<p><strong>Enth\u00e4lt:<\/strong> Fotokopie-Quittung, Staubbeutel, Gurt, Booklet, Box<\/p>\n","protected":false},"excerpt":{"rendered":"<p><strong>Herm\u00e8s Evelyne III 33 Taurillon Clemence Bleu Brighton Palladium Hardware.<\/strong> Diese 2018 gefertigte Evelyne Tasche zeigt die leuchtende Farbe Bleu Brighton auf Taurillon Clemence Leder, erg\u00e4nzt durch silberne Beschl\u00e4ge. Das Design verf\u00fcgt \u00fcber ein Hauptfach und eine zus\u00e4tzliche Tasche auf der R\u00fcckseite. Die Evelyne zeichnet sich durch ihre farblich abgestimmten N\u00e4hte, einen Durchziehverschluss und das ikonische perforierte Herm\u00e8s H-Oval auf der Vorderseite aus. Ein \u00fcberkreuzter Riemen enth\u00fcllt ein Interieur aus Naturleder, w\u00e4hrend die Tasche \u00fcber einen abnehmbaren Schulterriemen aus Canvas\/Leder in einer passenden Bleu Brighton-Farbe verf\u00fcgt. Diese praktische Kuriertasche ist die ideale Wahl f\u00fcr die wichtigsten Dinge des t\u00e4glichen Bedarfs und strahlt die f\u00fcr Herm\u00e8s typische Eleganz aus. Die Tasche ist in ausgezeichnetem Zustand ohne Gebrauchsspuren und verk\u00f6rpert sowohl Stil als auch Praktikabilit\u00e4t.<\/p>\n","protected":false},"featured_media":7687,"template":"","meta":[],"product_brand":[2404],"product_cat":[350,347,345],"product_tag":[2029,2027],"class_list":{"0":"post-7619","1":"product","2":"type-product","3":"status-publish","4":"has-post-thumbnail","6":"product_brand-hermes-de","7":"product_cat-schultertaschen","8":"product_cat-handtasche","9":"product_cat-crossbody-taschen","10":"product_tag-hermes-evelyne-bleu-brighton-de","11":"product_tag-hermes-evelyne-iii-33-de","12":"pa_brand-hermes-de","13":"pa_color-gold-de","14":"pa_grade-grad-1","15":"pa_hermes-models-evelyne-de","16":"pa_material-leder","18":"first","19":"instock","20":"shipping-taxable","21":"purchasable","22":"product-type-simple"},"_links":{"self":[{"href":"https:\/\/handbag-sense.com\/de\/wp-json\/wp\/v2\/product\/7619","targetHints":{"allow":["GET"]}}],"collection":[{"href":"https:\/\/handbag-sense.com\/de\/wp-json\/wp\/v2\/product"}],"about":[{"href":"https:\/\/handbag-sense.com\/de\/wp-json\/wp\/v2\/types\/product"}],"wp:featuredmedia":[{"embeddable":true,"href":"https:\/\/handbag-sense.com\/de\/wp-json\/wp\/v2\/media\/7687"}],"wp:attachment":[{"href":"https:\/\/handbag-sense.com\/de\/wp-json\/wp\/v2\/media?parent=7619"}],"wp:term":[{"taxonomy":"product_brand","embeddable":true,"href":"https:\/\/handbag-sense.com\/de\/wp-json\/wp\/v2\/product_brand?post=7619"},{"taxonomy":"product_cat","embeddable":true,"href":"https:\/\/handbag-sense.com\/de\/wp-json\/wp\/v2\/product_cat?post=7619"},{"taxonomy":"product_tag","embeddable":true,"href":"https:\/\/handbag-sense.com\/de\/wp-json\/wp\/v2\/product_tag?post=7619"}],"curies":[{"name":"wp","href":"https:\/\/api.w.org\/{rel}","templated":true}]}}