{"id":7566,"date":"2024-03-20T16:34:12","date_gmt":"2024-03-20T15:34:12","guid":{"rendered":"https:\/\/handbag-sense.com\/?post_type=product&#038;p=7566"},"modified":"2025-05-06T11:56:24","modified_gmt":"2025-05-06T09:56:24","slug":"hermes-budy-charm-ecru-orange-poppy-cornaline","status":"publish","type":"product","link":"https:\/\/handbag-sense.com\/de\/produkt\/hermes-budy-charm-ecru-orange-poppy-cornaline\/","title":{"rendered":"Budy Charm \u00c9cru \/ Orange Poppy \/ Cornaline"},"content":{"rendered":"<div class=\"c-columns-m-1 c-columns-2 c-columns-gap-s\">\n<div><strong>Farbe:<\/strong> \u00c9cru, Orange Poppy, Cornaline<br \/>\n<strong>Material:<\/strong> Milo-Lammleder, Merino-Schafwolle<\/div>\n<div><strong>Grade:<\/strong> 1 <img decoding=\"async\" class=\"info_box alignnone size-medium wp-image-885\" title=\"Info\" role=\"img\" src=\"https:\/\/handbag-sense.com\/wp-content\/uploads\/2023\/05\/info_icon.svg\" alt=\"info box\" width=\"15\" height=\"15\" \/><br \/>\n<strong>Gro\u00dfe:<\/strong> 9 x 7,5 cm<\/div>\n<\/div>\n<p><strong>Beinhaltet:<\/strong> Box, Originalrechnung<\/p>\n","protected":false},"excerpt":{"rendered":"<p><strong>Herm\u00e8s Budy Charm \u00c9cru \/ Orange Poppy \/ Cornaline. <\/strong>Das Herm\u00e8s Budy Taschenaccessoire, ein entz\u00fcckender Charm in Form eines Foxterriers, verbindet exklusives Design mit luxuri\u00f6ser Handwerkskunst. Handgefertigt aus Merino-Schafwolle und geschmeidigem Milo-Lammleder, repr\u00e4sentiert dieser Charm die Pr\u00e4zision und Qualit\u00e4t, f\u00fcr die Herm\u00e8s bekannt ist. Seine flauschige Textur und die lebensechte Darstellung eines Foxterriers verleihen jeder Tasche einen Hauch von Verspieltheit und Eleganz. Dieses kleine, aber beeindruckende Accessoire strahlt einen s\u00fc\u00dfen und fr\u00f6hlichen Charme aus und macht es zum perfekten Begleiter f\u00fcr den Alltag oder besondere Anl\u00e4sse.<\/p>\n","protected":false},"featured_media":7472,"template":"","meta":[],"product_brand":[2404],"product_cat":[342],"product_tag":[1995,1996],"class_list":{"0":"post-7566","1":"product","2":"type-product","3":"status-publish","4":"has-post-thumbnail","6":"product_brand-hermes-de","7":"product_cat-accessoire-de","8":"product_tag-pegasus-pm-talisman","9":"product_tag-pegasus-tri-colore-de","10":"pa_brand-hermes-de","11":"pa_color-beige-de","12":"pa_color-lila","13":"pa_color-mehrfarbig","14":"pa_color-nude-de","15":"pa_color-rosa-de","16":"pa_color-weiss","17":"pa_grade-grad-1","18":"pa_material-leder","19":"pa_material-pelz","21":"first","22":"outofstock","23":"shipping-taxable","24":"purchasable","25":"product-type-simple"},"_links":{"self":[{"href":"https:\/\/handbag-sense.com\/de\/wp-json\/wp\/v2\/product\/7566","targetHints":{"allow":["GET"]}}],"collection":[{"href":"https:\/\/handbag-sense.com\/de\/wp-json\/wp\/v2\/product"}],"about":[{"href":"https:\/\/handbag-sense.com\/de\/wp-json\/wp\/v2\/types\/product"}],"wp:featuredmedia":[{"embeddable":true,"href":"https:\/\/handbag-sense.com\/de\/wp-json\/wp\/v2\/media\/7472"}],"wp:attachment":[{"href":"https:\/\/handbag-sense.com\/de\/wp-json\/wp\/v2\/media?parent=7566"}],"wp:term":[{"taxonomy":"product_brand","embeddable":true,"href":"https:\/\/handbag-sense.com\/de\/wp-json\/wp\/v2\/product_brand?post=7566"},{"taxonomy":"product_cat","embeddable":true,"href":"https:\/\/handbag-sense.com\/de\/wp-json\/wp\/v2\/product_cat?post=7566"},{"taxonomy":"product_tag","embeddable":true,"href":"https:\/\/handbag-sense.com\/de\/wp-json\/wp\/v2\/product_tag?post=7566"}],"curies":[{"name":"wp","href":"https:\/\/api.w.org\/{rel}","templated":true}]}}