{"id":7563,"date":"2024-03-20T16:21:44","date_gmt":"2024-03-20T15:21:44","guid":{"rendered":"https:\/\/handbag-sense.com\/?post_type=product&#038;p=7563"},"modified":"2025-05-06T15:00:51","modified_gmt":"2025-05-06T13:00:51","slug":"louis-vuitton-keepall-bandouliere-50-optic-weiss","status":"publish","type":"product","link":"https:\/\/handbag-sense.com\/de\/produkt\/louis-vuitton-keepall-bandouliere-50-optic-weiss\/","title":{"rendered":"Keepall Bandouli\u00e8re 50 Optic Wei\u00df"},"content":{"rendered":"<div class=\"c-columns-m-1 c-columns-2 c-columns-gap-s\">\n<div><strong>Material:<\/strong> Leder<br \/>\n<strong>Farbe:<\/strong> wei\u00df<br \/>\n<strong>Metallelemente:<\/strong> Wei\u00dfmetall<\/div>\n<div><strong>Grade:<\/strong> 1 <img decoding=\"async\" class=\"info_box alignnone size-medium wp-image-885\" title=\"Info\" role=\"img\" src=\"https:\/\/handbag-sense.com\/wp-content\/uploads\/2023\/05\/info_icon.svg\" alt=\"info box\" width=\"15\" height=\"15\" \/><br \/>\n<strong>Innenmaterial:<\/strong> Textilfutter<br \/>\n<strong>Gr\u00f6\u00dfe:<\/strong> 50 x 29 x 23 cm<\/div>\n<\/div>\n<p><strong>Enth\u00e4lt:<\/strong> Staubbeutel, Schultergurt, Schloss, 2 Schl\u00fcssel, Gep\u00e4ckanh\u00e4nger<\/p>\n<p>&nbsp;<\/p>\n","protected":false},"excerpt":{"rendered":"<p><strong>Louis Vuitton Keepall Bandouli\u00e8re 50 Optic Wei\u00df.<\/strong> Werten Sie Ihren Reisestil mit dieser au\u00dfergew\u00f6hnlichen Louis Vuitton Keepall Bandouli\u00e8re 50 auf, einer einzigartigen Mischung aus Kunstfertigkeit und Handwerkskunst. Mit seinem ger\u00e4umigen Innenraum haben Sie ausreichend Platz, um Ihre wichtigsten Dinge f\u00fcr jede Reise zu verstauen. Die silbernen Beschl\u00e4ge verleihen der Tasche einen Hauch von Eleganz und erg\u00e4nzen das Gesamtdesign perfekt. Der Innenraum ist elegant mit wei\u00dfem Textilmaterial ausgekleidet, was seiner Funktionalit\u00e4t einen Hauch von Luxus verleiht. Die <strong>Louis Vuitton Optic White <\/strong>Reisetasche befindet sich in einem neuen und ungetragenen Zustand.<\/p>\n","protected":false},"featured_media":7556,"template":"","meta":[],"product_brand":[2436],"product_cat":[1590],"product_tag":[2045],"class_list":{"0":"post-7563","1":"product","2":"type-product","3":"status-publish","4":"has-post-thumbnail","6":"product_brand-louis-vuitton-de","7":"product_cat-reisetasche","8":"product_tag-nigo-blue-keepall-de","9":"pa_brand-louis-vuitton-de","10":"pa_color-schwarz","11":"pa_color-grau","12":"pa_grade-grad-4","13":"pa_material-leder","14":"pa_material-leinwand","15":"pa_material-andere-materialien","17":"first","18":"outofstock","19":"shipping-taxable","20":"product-type-simple"},"_links":{"self":[{"href":"https:\/\/handbag-sense.com\/de\/wp-json\/wp\/v2\/product\/7563","targetHints":{"allow":["GET"]}}],"collection":[{"href":"https:\/\/handbag-sense.com\/de\/wp-json\/wp\/v2\/product"}],"about":[{"href":"https:\/\/handbag-sense.com\/de\/wp-json\/wp\/v2\/types\/product"}],"wp:featuredmedia":[{"embeddable":true,"href":"https:\/\/handbag-sense.com\/de\/wp-json\/wp\/v2\/media\/7556"}],"wp:attachment":[{"href":"https:\/\/handbag-sense.com\/de\/wp-json\/wp\/v2\/media?parent=7563"}],"wp:term":[{"taxonomy":"product_brand","embeddable":true,"href":"https:\/\/handbag-sense.com\/de\/wp-json\/wp\/v2\/product_brand?post=7563"},{"taxonomy":"product_cat","embeddable":true,"href":"https:\/\/handbag-sense.com\/de\/wp-json\/wp\/v2\/product_cat?post=7563"},{"taxonomy":"product_tag","embeddable":true,"href":"https:\/\/handbag-sense.com\/de\/wp-json\/wp\/v2\/product_tag?post=7563"}],"curies":[{"name":"wp","href":"https:\/\/api.w.org\/{rel}","templated":true}]}}