{"id":7528,"date":"2024-03-20T11:10:51","date_gmt":"2024-03-20T10:10:51","guid":{"rendered":"https:\/\/handbag-sense.com\/?post_type=product&#038;p=7528"},"modified":"2025-05-06T11:56:35","modified_gmt":"2025-05-06T09:56:35","slug":"rodeo-pegasus-pm-gold-craie-vert-criquet-copy","status":"publish","type":"product","link":"https:\/\/handbag-sense.com\/de\/produkt\/rodeo-pegasus-pm-gold-craie-vert-criquet-copy\/","title":{"rendered":"Rodeo PM charm Vert Criquet"},"content":{"rendered":"<div class=\"c-columns-m-1 c-columns-2 c-columns-gap-s\">\n<div><strong>Farbe:<\/strong> Vert Criquet<br \/>\n<strong>Material:<\/strong> Lammfell<\/div>\n<div><strong>Grade:<\/strong> 1 <img decoding=\"async\" class=\"info_box alignnone size-medium wp-image-885\" title=\"Info\" role=\"img\" src=\"https:\/\/handbag-sense.com\/wp-content\/uploads\/2023\/05\/info_icon.svg\" alt=\"info box\" width=\"15\" height=\"15\"><br \/>\n<strong>Gr\u00f6\u00dfe:<\/strong> 9 x 7,5 cm<\/div>\n<\/div>\n<p><strong>Enth\u00e4lt:<\/strong> Original-Quittung, Box<\/p>\n","protected":false},"excerpt":{"rendered":"<p><strong>Herm\u00e8s Rodeo PM Vert Criquet. <\/strong>Dieser <strong>Rodeo-Anh\u00e4nger <\/strong> ist aus Milo-Lammleder gefertigt und zeigt einen entz\u00fcckenden Vert-Criquet. Binden Sie es m\u00fchelos um Ihren Taschengriff, um Ihrem Alltag einen verspielten Hauch von Fantasie zu verleihen und die Fantasie von Reisen zu neuen Horizonten anzuregen. Kommt in der originalen Herm\u00e8s-Box an. Egal, ob Sie Ihre Lieblingshandtasche betonen oder als eigenst\u00e4ndiges St\u00fcck Charme dienen, dieses Accessoire verspricht, Ihrem Stil einen Hauch von Eleganz und Spa\u00df zu verleihen.<\/p>\n","protected":false},"featured_media":7512,"template":"","meta":[],"product_brand":[2404],"product_cat":[342],"product_tag":[2018],"class_list":{"0":"post-7528","1":"product","2":"type-product","3":"status-publish","4":"has-post-thumbnail","6":"product_brand-hermes-de","7":"product_cat-accessoire-de","8":"product_tag-rodeo-mm-anhanger","9":"pa_brand-hermes-de","10":"pa_color-beige-de","11":"pa_color-lila","12":"pa_color-mehrfarbig","13":"pa_color-nude-de","14":"pa_color-rosa-de","15":"pa_color-weiss","16":"pa_grade-grad-1","17":"pa_material-leder","19":"first","20":"outofstock","21":"shipping-taxable","22":"product-type-simple"},"_links":{"self":[{"href":"https:\/\/handbag-sense.com\/de\/wp-json\/wp\/v2\/product\/7528","targetHints":{"allow":["GET"]}}],"collection":[{"href":"https:\/\/handbag-sense.com\/de\/wp-json\/wp\/v2\/product"}],"about":[{"href":"https:\/\/handbag-sense.com\/de\/wp-json\/wp\/v2\/types\/product"}],"wp:featuredmedia":[{"embeddable":true,"href":"https:\/\/handbag-sense.com\/de\/wp-json\/wp\/v2\/media\/7512"}],"wp:attachment":[{"href":"https:\/\/handbag-sense.com\/de\/wp-json\/wp\/v2\/media?parent=7528"}],"wp:term":[{"taxonomy":"product_brand","embeddable":true,"href":"https:\/\/handbag-sense.com\/de\/wp-json\/wp\/v2\/product_brand?post=7528"},{"taxonomy":"product_cat","embeddable":true,"href":"https:\/\/handbag-sense.com\/de\/wp-json\/wp\/v2\/product_cat?post=7528"},{"taxonomy":"product_tag","embeddable":true,"href":"https:\/\/handbag-sense.com\/de\/wp-json\/wp\/v2\/product_tag?post=7528"}],"curies":[{"name":"wp","href":"https:\/\/api.w.org\/{rel}","templated":true}]}}