{"id":7525,"date":"2024-03-20T10:42:32","date_gmt":"2024-03-20T09:42:32","guid":{"rendered":"https:\/\/handbag-sense.com\/?post_type=product&#038;p=7525"},"modified":"2025-05-06T15:00:55","modified_gmt":"2025-05-06T13:00:55","slug":"louis-vuitton-keepall-bandouliere-55","status":"publish","type":"product","link":"https:\/\/handbag-sense.com\/de\/produkt\/louis-vuitton-keepall-bandouliere-55\/","title":{"rendered":"Keepall Bandouli\u00e8re 55 X Yayoi Kusama Monogram Eclipse"},"content":{"rendered":"<div class=\"c-columns-m-1 c-columns-2 c-columns-gap-s\">\n<div><strong>Material:<\/strong> Monogramm beschichtetes Canvas<br \/>\n<strong>Farbe: <\/strong>Schwarz\/silber\/wei\u00df<br \/>\n<strong>Metallelemente:<\/strong> Silberne\u00a0Beschl\u00e4ge<\/div>\n<div><strong><b>Grad<\/b>:<\/strong> 1 <img decoding=\"async\" class=\"info_box alignnone size-medium wp-image-885\" title=\"Info\" role=\"img\" src=\"https:\/\/handbag-sense.com\/wp-content\/uploads\/2023\/05\/info_icon.svg\" alt=\"info box\" width=\"15\" height=\"15\" \/><br \/>\n<strong>Innenmaterial:<\/strong> Stoffutter<br \/>\n<strong>Gr\u00f6\u00dfe:<\/strong> 55 x 31 x 24 cm<\/div>\n<\/div>\n<p><strong>Beinhaltet:<\/strong> Schloss, zwei Schl\u00fcssel, Riemen, Schulterpolster f\u00fcr den Riemen, Gep\u00e4ckanh\u00e4nger<\/p>\n","protected":false},"excerpt":{"rendered":"<p><strong>Louis Vuitton Keepall Bandouli\u00e8re 55 X Yayoi Kusama Monogram Eclipse<\/strong> Die Louis Vuitton Keepall ist eine vielseitige Reisetasche, das Sie zu verschiedenen Anl\u00e4ssen begleiten kann. Mit seiner gro\u00dfz\u00fcgigen Gr\u00f6\u00dfe 55 bietet sie ausreichend Stauraum und ist kabinenfreundlich, sodass Sie bequem reisen k\u00f6nnen. Der schlichte Stil und die au\u00dfergew\u00f6hnliche Funktionalit\u00e4t der Tasche haben sie zu einem Favoriten unter passionierten Reisenden gemacht.<\/p>\n<p>&nbsp;<\/p>\n","protected":false},"featured_media":4575,"template":"","meta":[],"product_brand":[2436],"product_cat":[1590],"product_tag":[],"class_list":{"0":"post-7525","1":"product","2":"type-product","3":"status-publish","4":"has-post-thumbnail","6":"product_brand-louis-vuitton-de","7":"product_cat-reisetasche","8":"pa_brand-louis-vuitton-de","9":"pa_color-schwarz","10":"pa_color-grau","11":"pa_color-metallic-de","12":"pa_grade-grad-4","13":"pa_material-leder","14":"pa_material-leinwand","15":"pa_material-andere-materialien","17":"first","18":"outofstock","19":"shipping-taxable","20":"product-type-simple"},"_links":{"self":[{"href":"https:\/\/handbag-sense.com\/de\/wp-json\/wp\/v2\/product\/7525","targetHints":{"allow":["GET"]}}],"collection":[{"href":"https:\/\/handbag-sense.com\/de\/wp-json\/wp\/v2\/product"}],"about":[{"href":"https:\/\/handbag-sense.com\/de\/wp-json\/wp\/v2\/types\/product"}],"wp:featuredmedia":[{"embeddable":true,"href":"https:\/\/handbag-sense.com\/de\/wp-json\/wp\/v2\/media\/4575"}],"wp:attachment":[{"href":"https:\/\/handbag-sense.com\/de\/wp-json\/wp\/v2\/media?parent=7525"}],"wp:term":[{"taxonomy":"product_brand","embeddable":true,"href":"https:\/\/handbag-sense.com\/de\/wp-json\/wp\/v2\/product_brand?post=7525"},{"taxonomy":"product_cat","embeddable":true,"href":"https:\/\/handbag-sense.com\/de\/wp-json\/wp\/v2\/product_cat?post=7525"},{"taxonomy":"product_tag","embeddable":true,"href":"https:\/\/handbag-sense.com\/de\/wp-json\/wp\/v2\/product_tag?post=7525"}],"curies":[{"name":"wp","href":"https:\/\/api.w.org\/{rel}","templated":true}]}}