{"id":7520,"date":"2024-03-19T16:46:50","date_gmt":"2024-03-19T15:46:50","guid":{"rendered":"https:\/\/handbag-sense.com\/?post_type=product&#038;p=7520"},"modified":"2025-05-06T11:56:38","modified_gmt":"2025-05-06T09:56:38","slug":"hermes-rodeo-pegasus-pm-gold-craie-vert-criquet","status":"publish","type":"product","link":"https:\/\/handbag-sense.com\/de\/produkt\/hermes-rodeo-pegasus-pm-gold-craie-vert-criquet\/","title":{"rendered":"Rodeo Pegasus PM Gold \/ Craie \/ Vert Criquet"},"content":{"rendered":"<div class=\"c-columns-m-1 c-columns-2 c-columns-gap-s\">\n<div><strong>Farbe:<\/strong> Gold \/ Craie \/ Vert Criquet<br \/>\n<strong>Material:<\/strong> Milo-Lammleder<\/div>\n<div><strong>Grade:<\/strong> 1 <img decoding=\"async\" class=\"info_box alignnone size-medium wp-image-885\" title=\"Info\" role=\"img\" src=\"https:\/\/handbag-sense.com\/wp-content\/uploads\/2023\/05\/info_icon.svg\" alt=\"info box\" width=\"15\" height=\"15\" \/><br \/>\n<strong>Gro\u00dfe:<\/strong> 9 x 7,5 cm<\/div>\n<\/div>\n<p><strong>Beinhaltet:<\/strong> Box, Originalrechnung<\/p>\n","protected":false},"excerpt":{"rendered":"<p><strong>Herm\u00e8s Rodeo Pegasus PM Gold \/ Craie \/ Vert Criquet.\u00a0 <\/strong>Dieser <strong>Rodeo Pegasus Charme<\/strong> ist aus Milo-Lammleder gefertigt und pr\u00e4sentiert ein Farbtrio: Gold, Craie und Vert Criquet. Binden Sie ihn m\u00fchelos um den Griff Ihrer Tasche, um Ihrem Alltag einen spielerischen Hauch von Fantasie zu verleihen und die Vorstellungskraft f\u00fcr Reisen in neue Horizonte zu wecken. Der dreifarbige<strong> Rodeo Pegasus PM<\/strong> Charme ist ein frisches und bezauberndes Design, das in seiner originalen Herm\u00e8s-Box geliefert wird. Ob als Akzent f\u00fcr Ihre Lieblingstasche oder als eigenst\u00e4ndiges Charme-St\u00fcck, dieses Accessoire verspricht, Ihrem Stil einen Hauch von Eleganz und Spa\u00df zu verleihen.<\/p>\n","protected":false},"featured_media":7492,"template":"","meta":[],"product_brand":[2404],"product_cat":[342],"product_tag":[1995,1996],"class_list":{"0":"post-7520","1":"product","2":"type-product","3":"status-publish","4":"has-post-thumbnail","6":"product_brand-hermes-de","7":"product_cat-accessoire-de","8":"product_tag-pegasus-pm-talisman","9":"product_tag-pegasus-tri-colore-de","10":"pa_brand-hermes-de","11":"pa_color-beige-de","12":"pa_color-lila","13":"pa_color-mehrfarbig","14":"pa_color-nude-de","15":"pa_color-rosa-de","16":"pa_color-weiss","17":"pa_grade-grad-1","18":"pa_material-leder","20":"first","21":"instock","22":"shipping-taxable","23":"purchasable","24":"product-type-simple"},"_links":{"self":[{"href":"https:\/\/handbag-sense.com\/de\/wp-json\/wp\/v2\/product\/7520","targetHints":{"allow":["GET"]}}],"collection":[{"href":"https:\/\/handbag-sense.com\/de\/wp-json\/wp\/v2\/product"}],"about":[{"href":"https:\/\/handbag-sense.com\/de\/wp-json\/wp\/v2\/types\/product"}],"wp:featuredmedia":[{"embeddable":true,"href":"https:\/\/handbag-sense.com\/de\/wp-json\/wp\/v2\/media\/7492"}],"wp:attachment":[{"href":"https:\/\/handbag-sense.com\/de\/wp-json\/wp\/v2\/media?parent=7520"}],"wp:term":[{"taxonomy":"product_brand","embeddable":true,"href":"https:\/\/handbag-sense.com\/de\/wp-json\/wp\/v2\/product_brand?post=7520"},{"taxonomy":"product_cat","embeddable":true,"href":"https:\/\/handbag-sense.com\/de\/wp-json\/wp\/v2\/product_cat?post=7520"},{"taxonomy":"product_tag","embeddable":true,"href":"https:\/\/handbag-sense.com\/de\/wp-json\/wp\/v2\/product_tag?post=7520"}],"curies":[{"name":"wp","href":"https:\/\/api.w.org\/{rel}","templated":true}]}}