{"id":7470,"date":"2024-03-19T16:02:35","date_gmt":"2024-03-19T15:02:35","guid":{"rendered":"https:\/\/handbag-sense.com\/?post_type=product&#038;p=7470"},"modified":"2025-05-06T11:56:40","modified_gmt":"2025-05-06T09:56:40","slug":"hermes-kelly-mini-20-alligator-schwarz","status":"publish","type":"product","link":"https:\/\/handbag-sense.com\/de\/produkt\/hermes-kelly-mini-20-alligator-schwarz\/","title":{"rendered":"Kelly Mini 20 Alligator Schwarz"},"content":{"rendered":"<div class=\"c-columns-m-1 c-columns-2 c-columns-gap-s\">\n<div><strong>Material:<\/strong> Alligator gl\u00e4nzend<br \/>\n<strong>Farbe:<\/strong> Schwarz<br \/>\n<strong>Metallelemente:<\/strong> Gold Hardware<br \/>\n<strong>Innenmaterial:<\/strong> Leder<\/div>\n<div><strong>Grade:<\/strong> 1 <img decoding=\"async\" class=\"info_box alignnone size-medium wp-image-885\" title=\"Info\" role=\"img\" src=\"https:\/\/handbag-sense.com\/wp-content\/uploads\/2023\/05\/info_icon.svg\" alt=\"info box\" width=\"15\" height=\"15\" \/><br \/>\n<strong>Jahresstempel:<\/strong> 2022 \/ U<br \/>\n<strong>Gr\u00f6\u00dfe:<\/strong> 20 x 12 x 6 cm<br \/>\n<strong>Versand:<\/strong> Weltweit<\/div>\n<\/div>\n<p><strong>Enth\u00e4lt:<\/strong> Originalquittung, Cites, Staubbeutel, Gurt, Filz, Booklet, Box<\/p>\n","protected":false},"excerpt":{"rendered":"<p><strong>Herm\u00e8s Kelly Mini 20 Alligator Schwarz Gl\u00e4nzend mit Goldbeschl\u00e4gen. <\/strong>Entdecken Sie den ultimativen Luxus mit der <strong>Herm\u00e8s Kelly Mini in gl\u00e4nzendem<\/strong> Schwarz, handgefertigt aus exquisitem Alligatorleder, erg\u00e4nzt durch goldene Beschl\u00e4ge. Die <strong>Herm\u00e8s Mini Kelly<\/strong> ist der Inbegriff von Stil und Klasse und setzt ein echtes Statement in der Welt der Mode. Ob zu besonderen Anl\u00e4ssen oder als Alltagsbegleiter, diese Tasche setzt Akzente, die unverwechselbar sind. Ein ganz besonderes Sammlerst\u00fcck, der <strong>Herm\u00e8s Kelly im Format 20 cm<\/strong> , l\u00e4dt Sie ein, in die Welt des Luxus und der Eleganz einzutauchen. Sichern Sie sich Ihre <strong>Herm\u00e8s 20 Kelly<\/strong> und erleben Sie die Exklusivit\u00e4t und das herausragende Design, das nur Herm\u00e8s bieten kann!<\/p>\n<p>Diese wundersch\u00f6ne Kelly 20 im Sellier-Stil ist absolut neu und ungetragen und wird mit der Originalrechnung aus 2022 geliefert. Im Lieferumfang enthalten sind ein Schulterriemen, der Herm\u00e8s-Staubbeutel und die orangefarbene Box.<\/p>\n","protected":false},"featured_media":7456,"template":"","meta":[],"product_brand":[2404],"product_cat":[347,351,344,346],"product_tag":[1637,1638,1903],"class_list":{"0":"post-7470","1":"product","2":"type-product","3":"status-publish","4":"has-post-thumbnail","6":"product_brand-hermes-de","7":"product_cat-handtasche","8":"product_cat-kleine-taschen","9":"product_cat-pochette-de","10":"product_cat-abendtasche","11":"product_tag-hermes-kelly-mini-de","12":"product_tag-kelly-mini-alligator-de","13":"product_tag-kelly-mini-schwarz-de","14":"pa_brand-hermes-de","15":"pa_color-gruen","16":"pa_color-grau","17":"pa_grade-grad-1","18":"pa_hermes-models-kelly-de","19":"pa_material-leder","20":"pa_material-exotisches-leder","22":"first","23":"outofstock","24":"shipping-taxable","25":"product-type-simple"},"_links":{"self":[{"href":"https:\/\/handbag-sense.com\/de\/wp-json\/wp\/v2\/product\/7470","targetHints":{"allow":["GET"]}}],"collection":[{"href":"https:\/\/handbag-sense.com\/de\/wp-json\/wp\/v2\/product"}],"about":[{"href":"https:\/\/handbag-sense.com\/de\/wp-json\/wp\/v2\/types\/product"}],"wp:featuredmedia":[{"embeddable":true,"href":"https:\/\/handbag-sense.com\/de\/wp-json\/wp\/v2\/media\/7456"}],"wp:attachment":[{"href":"https:\/\/handbag-sense.com\/de\/wp-json\/wp\/v2\/media?parent=7470"}],"wp:term":[{"taxonomy":"product_brand","embeddable":true,"href":"https:\/\/handbag-sense.com\/de\/wp-json\/wp\/v2\/product_brand?post=7470"},{"taxonomy":"product_cat","embeddable":true,"href":"https:\/\/handbag-sense.com\/de\/wp-json\/wp\/v2\/product_cat?post=7470"},{"taxonomy":"product_tag","embeddable":true,"href":"https:\/\/handbag-sense.com\/de\/wp-json\/wp\/v2\/product_tag?post=7470"}],"curies":[{"name":"wp","href":"https:\/\/api.w.org\/{rel}","templated":true}]}}