{"id":7466,"date":"2024-03-19T15:05:16","date_gmt":"2024-03-19T14:05:16","guid":{"rendered":"https:\/\/handbag-sense.com\/?post_type=product&#038;p=7466"},"modified":"2025-05-06T11:56:42","modified_gmt":"2025-05-06T09:56:42","slug":"hermes-kelly-pocket-guertel-18-mauve","status":"publish","type":"product","link":"https:\/\/handbag-sense.com\/de\/produkt\/hermes-kelly-pocket-guertel-18-mauve\/","title":{"rendered":"Kelly Pocket G\u00fcrtel 18 Mauve Pale"},"content":{"rendered":"<div class=\"c-columns-m-1 c-columns-2 c-columns-gap-s\">\n<div><strong>Material:<\/strong> Epsom Leder<br \/>\n<strong>Farbe: <\/strong>Mauve Pale<br \/>\n<strong>Metallelemente:<\/strong> Palladium Hardware<br \/>\n<strong>Innenmaterial:<\/strong> Leder<\/div>\n<div><strong><b>Grad<\/b>: <\/strong> 1\u00a0<img decoding=\"async\" class=\"info_box alignnone size-medium wp-image-885\" title=\"Info\" role=\"img\" src=\"https:\/\/handbag-sense.com\/wp-content\/uploads\/2023\/05\/info_icon.svg\" alt=\"info box\" width=\"15\" height=\"15\" \/><br \/>\n<strong>Produktionsjahr\/Jahresstempel:\u00a0<\/strong>2023\/B<br \/>\n<strong>Gr\u00f6\u00dfe:<\/strong> 60 bis 100 cm 18 mm<br \/>\n<strong>Versand:<\/strong> Weltweit<\/div>\n<\/div>\n<p>\n<strong>Beinhaltet:<\/strong> Originalrechnung, Staubbeutel, Box<\/p>\n","protected":false},"excerpt":{"rendered":"<p><strong>Herm\u00e8s Kelly Pocket G\u00fcrtel 18<\/strong> ist aus Epsom-Kalbsleder in der Farbe Mauve Palle angefertigt und\u00a0 mit der ikonischen Kelly-Schlie\u00dfe aus silbernem Metall veredelt. Dieses stilvolle Accessoire zeichnet sich nicht nur durch seine hochwertige Verarbeitung aus, sondern bietet auch praktische Funktionalit\u00e4t durch die kleine, abnehmbare Funktionstasche. Ideal f\u00fcr die Unterbringung von wichtigen Kleinigkeiten wie Karten oder einem Lippenstift, ist diese Tasche ein diskreter Begleiter f\u00fcr Ihren Alltag. Der G\u00fcrtel bietet dank seines innovativen, raffinierten Schiebesystems eine einstellbare Einheitsgr\u00f6\u00dfe, die es erm\u00f6glicht, ihn sowohl an der Taille als auch an der H\u00fcfte zu tragen. Ein Must-have f\u00fcr alle, die Eleganz mit Funktionalit\u00e4t verbinden m\u00f6chten.<\/p>\n","protected":false},"featured_media":4766,"template":"","meta":[],"product_brand":[2404],"product_cat":[1587],"product_tag":[],"class_list":{"0":"post-7466","1":"product","2":"type-product","3":"status-publish","4":"has-post-thumbnail","6":"product_brand-hermes-de","7":"product_cat-gurtel","8":"pa_brand-hermes-de","9":"pa_color-beige-de","10":"pa_grade-grad-1","11":"pa_material-leder","13":"first","14":"outofstock","15":"shipping-taxable","16":"product-type-simple"},"_links":{"self":[{"href":"https:\/\/handbag-sense.com\/de\/wp-json\/wp\/v2\/product\/7466","targetHints":{"allow":["GET"]}}],"collection":[{"href":"https:\/\/handbag-sense.com\/de\/wp-json\/wp\/v2\/product"}],"about":[{"href":"https:\/\/handbag-sense.com\/de\/wp-json\/wp\/v2\/types\/product"}],"wp:featuredmedia":[{"embeddable":true,"href":"https:\/\/handbag-sense.com\/de\/wp-json\/wp\/v2\/media\/4766"}],"wp:attachment":[{"href":"https:\/\/handbag-sense.com\/de\/wp-json\/wp\/v2\/media?parent=7466"}],"wp:term":[{"taxonomy":"product_brand","embeddable":true,"href":"https:\/\/handbag-sense.com\/de\/wp-json\/wp\/v2\/product_brand?post=7466"},{"taxonomy":"product_cat","embeddable":true,"href":"https:\/\/handbag-sense.com\/de\/wp-json\/wp\/v2\/product_cat?post=7466"},{"taxonomy":"product_tag","embeddable":true,"href":"https:\/\/handbag-sense.com\/de\/wp-json\/wp\/v2\/product_tag?post=7466"}],"curies":[{"name":"wp","href":"https:\/\/api.w.org\/{rel}","templated":true}]}}