{"id":6834,"date":"2024-03-04T17:05:16","date_gmt":"2024-03-04T16:05:16","guid":{"rendered":"https:\/\/handbag-sense.com\/?post_type=product&#038;p=6834"},"modified":"2025-05-06T11:56:44","modified_gmt":"2025-05-06T09:56:44","slug":"hermes-kelly-25-sellier-hss-schwarz","status":"publish","type":"product","link":"https:\/\/handbag-sense.com\/de\/produkt\/hermes-kelly-25-sellier-hss-schwarz\/","title":{"rendered":"Kelly 25 Sellier HSS Schwarz \/ Rouge De Coeur"},"content":{"rendered":"<div class=\"c-columns-m-1 c-columns-2 c-columns-gap-s\">\n<div><strong>Material:<\/strong> Epsom Leder<br \/>\n<strong>Farbe:<\/strong> Schwarz \/ Rouge de Coeur<br \/>\n<strong>Metallelemente:<\/strong> Goldene Hardware<br \/>\n<strong>Innenmaterial:<\/strong> Leder<\/div>\n<div><strong>Grad:<\/strong> 1 <img decoding=\"async\" class=\"info_box alignnone size-medium wp-image-885\" title=\"Info\" role=\"img\" src=\"https:\/\/handbag-sense.com\/wp-content\/uploads\/2023\/05\/info_icon.svg\" alt=\"info box\" width=\"15\" height=\"15\" \/><br \/>\n<strong>Produktionsjahr\/Jahresstempel:<\/strong> 2023\/B<br \/>\n<strong>Gr\u00f6\u00dfe:<\/strong> 25 x 19 x 9 cm<br \/>\n<strong>Versand:<\/strong> Weltweit<\/div>\n<\/div>\n<p><strong>Beinhaltet:<\/strong> Originalrechnung, Staubbeutel, Schulterriemen, Clochette, Schloss, Schl\u00fcssel, Filz, Regenschutz, Booklet, Box<\/p>\n","protected":false},"excerpt":{"rendered":"<p><strong>Herm\u00e8s Kelly 25 Sellier HSS (Horseshoe Stamp) Schwarz \/ Rouge De Coeur Gold Hardware.<\/strong> Diese seltene Kelly 25 HSS Tasche pr\u00e4sentiert sich in zwei Farben \u2013 au\u00dfen in Schwarz und innen in Rouge De Coeur. Die Gold Hardware verleiht der Tasche eine zus\u00e4tzliche Dimension der Eleganz, w\u00e4hrend das strapazierf\u00e4hige Epsom-Leder sowohl ein luxuri\u00f6ses Gef\u00fchl als auch zeitlose \u00c4sthetik bietet. Die Kelly HSS Tasche ist perfekt f\u00fcr diejenigen, die Wert auf feine Details legen.<\/p>\n<p>Die Kelly 25 HSS Tasche ist absolut neu und ungetragen, hat den Stempel B und wird mit der Originalrechnung aus dem Jahr 2023 geliefert. Eine sehr besondere Sammler-Kelly-Tasche in 25 cm, die nur einer VIP-Kundschaft angeboten wird. Mit ihrer kompakten Gr\u00f6\u00dfe ist sie der ideale Begleiter f\u00fcr besondere Anl\u00e4sse oder als stilvolles Accessoire f\u00fcr den Alltag. Ob als besonderes Geschenk oder als Statement-St\u00fcck f\u00fcr Ihren individuellen Stil \u2013 diese Kelly 25 Tasche wird Ihren Look auf subtile Weise perfektionieren.<\/p>\n","protected":false},"featured_media":6820,"template":"","meta":[],"product_brand":[2404],"product_cat":[347,350,351,345],"product_tag":[2089,1575,2090],"class_list":{"0":"post-6834","1":"product","2":"type-product","3":"status-publish","4":"has-post-thumbnail","6":"product_brand-hermes-de","7":"product_cat-handtasche","8":"product_cat-schultertaschen","9":"product_cat-kleine-taschen","10":"product_cat-crossbody-taschen","11":"product_tag-hermes-kelly-hss-de","12":"product_tag-kelly-25-black-de","13":"product_tag-kelly-hss-schwarz","14":"pa_brand-hermes-de","15":"pa_color-gruen","16":"pa_grade-grad-1","17":"pa_hermes-models-kelly-de","18":"pa_material-leder","20":"first","21":"outofstock","22":"sold-individually","23":"product-type-simple"},"_links":{"self":[{"href":"https:\/\/handbag-sense.com\/de\/wp-json\/wp\/v2\/product\/6834","targetHints":{"allow":["GET"]}}],"collection":[{"href":"https:\/\/handbag-sense.com\/de\/wp-json\/wp\/v2\/product"}],"about":[{"href":"https:\/\/handbag-sense.com\/de\/wp-json\/wp\/v2\/types\/product"}],"wp:featuredmedia":[{"embeddable":true,"href":"https:\/\/handbag-sense.com\/de\/wp-json\/wp\/v2\/media\/6820"}],"wp:attachment":[{"href":"https:\/\/handbag-sense.com\/de\/wp-json\/wp\/v2\/media?parent=6834"}],"wp:term":[{"taxonomy":"product_brand","embeddable":true,"href":"https:\/\/handbag-sense.com\/de\/wp-json\/wp\/v2\/product_brand?post=6834"},{"taxonomy":"product_cat","embeddable":true,"href":"https:\/\/handbag-sense.com\/de\/wp-json\/wp\/v2\/product_cat?post=6834"},{"taxonomy":"product_tag","embeddable":true,"href":"https:\/\/handbag-sense.com\/de\/wp-json\/wp\/v2\/product_tag?post=6834"}],"curies":[{"name":"wp","href":"https:\/\/api.w.org\/{rel}","templated":true}]}}