{"id":6418,"date":"2024-02-29T13:47:01","date_gmt":"2024-02-29T12:47:01","guid":{"rendered":"https:\/\/handbag-sense.com\/?post_type=product&#038;p=6418"},"modified":"2025-05-06T11:56:45","modified_gmt":"2025-05-06T09:56:45","slug":"hermes-garden-party-36-orange-phw","status":"publish","type":"product","link":"https:\/\/handbag-sense.com\/de\/produkt\/hermes-garden-party-36-orange-phw\/","title":{"rendered":"Garden Party 36 Orange"},"content":{"rendered":"<div class=\"c-columns-m-1 c-columns-2 c-columns-gap-s\">\n<div><strong>Material:<\/strong> Canvas \/Leder<br \/>\n<strong>Farbe:<\/strong> Orange<br \/>\n<strong>Metallelemente:<\/strong> Palladium Hardware<br \/>\n<strong>Innenmaterial:<\/strong> Leder<\/div>\n<div><strong>Grad:<\/strong> 4 <img decoding=\"async\" class=\"info_box alignnone size-medium wp-image-885\" title=\"Info\" role=\"img\" src=\"https:\/\/handbag-sense.com\/wp-content\/uploads\/2023\/05\/info_icon.svg\" alt=\"info box\" width=\"15\" height=\"15\" \/><br \/>\n<strong>Produktionsjahr\/Stempel:<\/strong> 2011\/O<br \/>\n<strong>Gr\u00f6\u00dfe:<\/strong> 36 x 26 x 17 cm<br \/>\n<strong>Versand:<\/strong> Weltweit<\/p>\n<div><\/div>\n<\/div>\n<\/div>\n","protected":false},"excerpt":{"rendered":"<p><strong>Herm\u00e8s Garden Party 36 Shopping Bag aus orangefarbenem Canvas und Leder.<\/strong> Entdecken Sie den Charme der Herm\u00e8s Garden Party Shopping Tasche, ein Symbol f\u00fcr Eleganz und Funktionalit\u00e4t. Diese Garden Party Tasche ist aus lebhaftem orangefarbenem Canvas gefertigt und wird durch Akzente aus orangefarbenem Leder erg\u00e4nzt, sowie mit Palladium-Hardware verziert. Die doppelten Henkel, gefertigt aus dem gleichen orangefarbenen Leder, bieten Vielseitigkeit und Komfort beim Tragen in der Hand. Innen ist die Tasche mit einem passenden orangefarbenen Canvas gef\u00fcttert, was ihren \u00e4sthetischen Reiz weiter erh\u00f6ht. Sie verf\u00fcgt \u00fcber einen sicheren und praktischen Druckknopfverschluss. Die Tasche hat den Square O Stempel, welcher auf ihre Herstellung im Jahr 2011 hinweist. Die <strong>Garden Party Orange Tasche<\/strong> befindet sich in einem sehr guten Zustand mit geringf\u00fcgigen Gebrauchsspuren. Dies ist eine praktische Handtasche von Herm\u00e8s, ideal f\u00fcr allt\u00e4gliche Erledigungen!<\/p>\n","protected":false},"featured_media":7230,"template":"","meta":[],"product_brand":[2404],"product_cat":[347,349],"product_tag":[1694],"class_list":{"0":"post-6418","1":"product","2":"type-product","3":"status-publish","4":"has-post-thumbnail","6":"product_brand-hermes-de","7":"product_cat-handtasche","8":"product_cat-shopper-de","9":"product_tag-hermes-garden-party","10":"pa_brand-hermes-de","11":"pa_color-orange-de","12":"pa_grade-grad-4","13":"pa_hermes-models-garden-party-de","14":"pa_material-leder","16":"first","17":"outofstock","18":"shipping-taxable","19":"product-type-simple"},"_links":{"self":[{"href":"https:\/\/handbag-sense.com\/de\/wp-json\/wp\/v2\/product\/6418","targetHints":{"allow":["GET"]}}],"collection":[{"href":"https:\/\/handbag-sense.com\/de\/wp-json\/wp\/v2\/product"}],"about":[{"href":"https:\/\/handbag-sense.com\/de\/wp-json\/wp\/v2\/types\/product"}],"wp:featuredmedia":[{"embeddable":true,"href":"https:\/\/handbag-sense.com\/de\/wp-json\/wp\/v2\/media\/7230"}],"wp:attachment":[{"href":"https:\/\/handbag-sense.com\/de\/wp-json\/wp\/v2\/media?parent=6418"}],"wp:term":[{"taxonomy":"product_brand","embeddable":true,"href":"https:\/\/handbag-sense.com\/de\/wp-json\/wp\/v2\/product_brand?post=6418"},{"taxonomy":"product_cat","embeddable":true,"href":"https:\/\/handbag-sense.com\/de\/wp-json\/wp\/v2\/product_cat?post=6418"},{"taxonomy":"product_tag","embeddable":true,"href":"https:\/\/handbag-sense.com\/de\/wp-json\/wp\/v2\/product_tag?post=6418"}],"curies":[{"name":"wp","href":"https:\/\/api.w.org\/{rel}","templated":true}]}}