{"id":6355,"date":"2024-02-27T17:26:22","date_gmt":"2024-02-27T16:26:22","guid":{"rendered":"https:\/\/handbag-sense.com\/?post_type=product&#038;p=6355"},"modified":"2025-05-06T11:56:49","modified_gmt":"2025-05-06T09:56:49","slug":"birkin-30-hss-straus-marron-fonce-bleu-indigo-ghw-copy","status":"publish","type":"product","link":"https:\/\/handbag-sense.com\/de\/produkt\/birkin-30-hss-straus-marron-fonce-bleu-indigo-ghw-copy\/","title":{"rendered":"Birkin 30 HSS Strau\u00df Marron Fonce \/ Bleu Indigo"},"content":{"rendered":"<div class=\"c-columns-m-1 c-columns-2 c-columns-gap-s\">\n<div><strong>Material:<\/strong> Strau\u00dfenleder<br \/>\n<strong>Farbe:<\/strong> Marron Fonce \/ Bleu Indigo<br \/>\n<strong>Metallelemente:<\/strong> Gold Hardware<br \/>\n<strong>Inner material:<\/strong> Leder<\/div>\n<div><strong>Note: <\/strong>4  <img decoding=\"async\" class=\"info_box alignnone size-medium wp-image-885\" title=\"Info\" role=\"img\" src=\"https:\/\/handbag-sense.com\/wp-content\/uploads\/2023\/05\/info_icon.svg\" alt=\"info box\" width=\"15\" height=\"15\"><br \/>\n<strong>Produktionsjahr \/ Stempel: <\/strong>2014 \/ R<br \/>\n<strong>Gr\u00f6\u00dfe:<\/strong> 30 x 22 x 16 cm<br \/>\n<strong>Versand:<\/strong> Weltweit<\/div>\n<\/div>\n<p><strong>Enth\u00e4lt:<\/strong> Box, Staubbeutel, Clochette, Schl\u00fcssel, Schloss, Filz, Regenmantel<\/p>\n","protected":false},"excerpt":{"rendered":"<p><strong>Herm\u00e8s Birkin 30 HSS Strau\u00df Marron Fonce \/ Bleu Indigo.<\/strong>  Diese seltene Birkin Horseshoe Stamp Tasche ist in 2 Farben \u2013 Marron Fonce und Bleu Indigo \u2013 aus Strau\u00dfenleder mit goldmatten Beschl\u00e4gen erh\u00e4ltlich. Die Tasche hat gerollte Ledergriffe, einen Deckel und einen Riemenverschluss mit Drehverschluss. Diese sch\u00f6ne Handtasche ist in einem ausgezeichneten Zustand und wird mit dem Staubbeutel, einem Schloss mit zwei Schl\u00fcsseln und der Herm\u00e8s-Box geliefert. Die Birkin HSS Tasche ist ein echtes Sammlerst\u00fcck!<\/p>\n","protected":false},"featured_media":6351,"template":"","meta":[],"product_brand":[2404],"product_cat":[347],"product_tag":[1412,1984],"class_list":{"0":"post-6355","1":"product","2":"type-product","3":"status-publish","4":"has-post-thumbnail","6":"product_brand-hermes-de","7":"product_cat-handtasche","8":"product_tag-hermes-birkin-30-de","9":"product_tag-hermes-birkin-tasche","10":"pa_brand-hermes-de","11":"pa_color-gold-de","12":"pa_grade-grad-4","13":"pa_hermes-models-birkin-de","14":"pa_material-leder","16":"first","17":"outofstock","18":"sold-individually","19":"product-type-simple"},"_links":{"self":[{"href":"https:\/\/handbag-sense.com\/de\/wp-json\/wp\/v2\/product\/6355","targetHints":{"allow":["GET"]}}],"collection":[{"href":"https:\/\/handbag-sense.com\/de\/wp-json\/wp\/v2\/product"}],"about":[{"href":"https:\/\/handbag-sense.com\/de\/wp-json\/wp\/v2\/types\/product"}],"wp:featuredmedia":[{"embeddable":true,"href":"https:\/\/handbag-sense.com\/de\/wp-json\/wp\/v2\/media\/6351"}],"wp:attachment":[{"href":"https:\/\/handbag-sense.com\/de\/wp-json\/wp\/v2\/media?parent=6355"}],"wp:term":[{"taxonomy":"product_brand","embeddable":true,"href":"https:\/\/handbag-sense.com\/de\/wp-json\/wp\/v2\/product_brand?post=6355"},{"taxonomy":"product_cat","embeddable":true,"href":"https:\/\/handbag-sense.com\/de\/wp-json\/wp\/v2\/product_cat?post=6355"},{"taxonomy":"product_tag","embeddable":true,"href":"https:\/\/handbag-sense.com\/de\/wp-json\/wp\/v2\/product_tag?post=6355"}],"curies":[{"name":"wp","href":"https:\/\/api.w.org\/{rel}","templated":true}]}}