{"id":6187,"date":"2024-02-23T17:54:14","date_gmt":"2024-02-23T16:54:14","guid":{"rendered":"https:\/\/handbag-sense.com\/?post_type=product&#038;p=6187"},"modified":"2025-05-06T11:56:51","modified_gmt":"2025-05-06T09:56:51","slug":"hermes-kelly-cut-pochette-swift-black-phw","status":"publish","type":"product","link":"https:\/\/handbag-sense.com\/de\/produkt\/hermes-kelly-cut-pochette-swift-black-phw\/","title":{"rendered":"Kelly Cut Pochette Swift Schwarz"},"content":{"rendered":"<div class=\"c-columns-m-1 c-columns-2 c-columns-gap-s\">\n<div><strong>Material:<\/strong> Swift Leder<br \/>\n<strong>Farbe:<\/strong> Schwarz<br \/>\n<strong>Metallelemente:<\/strong> Palladium Hardware<br \/>\n<strong>Innenmaterial:<\/strong> Leder<\/div>\n<div><strong>Grad:<\/strong> 1 <img decoding=\"async\" class=\"info_box alignnone size-medium wp-image-885\" title=\"Info\" role=\"img\" src=\"https:\/\/handbag-sense.com\/wp-content\/uploads\/2023\/05\/info_icon.svg\" alt=\"info box\" width=\"15\" height=\"15\" \/><br \/>\n<strong>Produktionsjahr\/Jahresstempel:<\/strong> 2017\/A<br \/>\n<strong>Gr\u00f6\u00dfe: <\/strong>31 x 13 x 2,5 cm<br \/>\n<strong>Versand:<\/strong> Weltweit<\/div>\n<\/div>\n","protected":false},"excerpt":{"rendered":"<p><strong>Herm\u00e8s Kelly Cut Pochette Swift Schwarz Palladium Hardware. <\/strong>Die Kelly Cut Pochette in der Farbe Schwarz ist ein absoluter Hingucker und ein Must-Have f\u00fcr jede stilbewusste Garderobe. Diese elegante Clutch eignet sich hervorragend f\u00fcr Abendveranstaltungen und l\u00e4sst sich, erg\u00e4nzt durch die Farandole-Halskette, auch als Crossbody- oder Schultertasche tragen. Das hochwertige Swift-Leder in tiefem Schwarz verleiht der Tasche einen luxuri\u00f6sen und zeitlosen Charakter, w\u00e4hrend die Palladium-Hardware f\u00fcr einen modernen und edlen Akzent sorgt.\u00a0Im Inneren offenbart sich ein mit Leder in Schwarz gef\u00fcttertes Interieur, welches \u00fcber ein offenes Fach verf\u00fcgt und somit Platz f\u00fcr Ihre wichtigsten Essentials bietet. Die Kelly Cut Pochette tr\u00e4gt den Stempel A, was auf ihre hohe Qualit\u00e4t und den sehr guten Zustand hinweist. Im Lieferumfang enthalten sind der Herm\u00e8s-Staubbeutel und die ikonische orange Box.<\/p>\n","protected":false},"featured_media":6339,"template":"","meta":[],"product_brand":[2404],"product_cat":[351,344,346],"product_tag":[],"class_list":{"0":"post-6187","1":"product","2":"type-product","3":"status-publish","4":"has-post-thumbnail","6":"product_brand-hermes-de","7":"product_cat-kleine-taschen","8":"product_cat-pochette-de","9":"product_cat-abendtasche","10":"pa_brand-hermes-de","11":"pa_color-gruen","12":"pa_grade-grad-1","13":"pa_hermes-models-kelly-de","14":"pa_material-leder","16":"first","17":"outofstock","18":"sold-individually","19":"product-type-simple"},"_links":{"self":[{"href":"https:\/\/handbag-sense.com\/de\/wp-json\/wp\/v2\/product\/6187","targetHints":{"allow":["GET"]}}],"collection":[{"href":"https:\/\/handbag-sense.com\/de\/wp-json\/wp\/v2\/product"}],"about":[{"href":"https:\/\/handbag-sense.com\/de\/wp-json\/wp\/v2\/types\/product"}],"wp:featuredmedia":[{"embeddable":true,"href":"https:\/\/handbag-sense.com\/de\/wp-json\/wp\/v2\/media\/6339"}],"wp:attachment":[{"href":"https:\/\/handbag-sense.com\/de\/wp-json\/wp\/v2\/media?parent=6187"}],"wp:term":[{"taxonomy":"product_brand","embeddable":true,"href":"https:\/\/handbag-sense.com\/de\/wp-json\/wp\/v2\/product_brand?post=6187"},{"taxonomy":"product_cat","embeddable":true,"href":"https:\/\/handbag-sense.com\/de\/wp-json\/wp\/v2\/product_cat?post=6187"},{"taxonomy":"product_tag","embeddable":true,"href":"https:\/\/handbag-sense.com\/de\/wp-json\/wp\/v2\/product_tag?post=6187"}],"curies":[{"name":"wp","href":"https:\/\/api.w.org\/{rel}","templated":true}]}}