{"id":5803,"date":"2024-01-25T21:52:39","date_gmt":"2024-01-25T20:52:39","guid":{"rendered":"https:\/\/handbag-sense.com\/?post_type=product&#038;p=5803"},"modified":"2025-05-06T11:56:58","modified_gmt":"2025-05-06T09:56:58","slug":"hermes-kelly-25-sellier-toile-h-swift-noir","status":"publish","type":"product","link":"https:\/\/handbag-sense.com\/de\/produkt\/hermes-kelly-25-sellier-toile-h-swift-noir\/","title":{"rendered":"Kelly 25 Sellier Toile H \/ Swift Noir"},"content":{"rendered":"<div class=\"c-columns-m-1 c-columns-2 c-columns-gap-s\">\n<div><strong>Material:<\/strong> Toile H \/ Swift<br \/>\n<strong>Farbe:<\/strong> Ecru-Bleu \/ Noir<br \/>\n<strong>Metallelemente:<\/strong> Palladium Hardware<br \/>\n<strong>Inner material:<\/strong> Leder<\/div>\n<div><strong>Grade:<\/strong> 1 <img decoding=\"async\" class=\"info_box alignnone size-medium wp-image-885\" title=\"Info\" role=\"img\" src=\"https:\/\/handbag-sense.com\/wp-content\/uploads\/2023\/05\/info_icon.svg\" alt=\"info box\" width=\"15\" height=\"15\"><br \/>\n<strong>Baujahr\/Stempel:<\/strong> 2023 \/ B<br \/>\n<strong>Gr\u00f6\u00dfe:<\/strong> 25 x 18 x 10 cm<br \/>\n<strong>Versand:<\/strong> Weltweit<\/div>\n<\/div>\n<p><strong>Enth\u00e4lt:<\/strong> Originalquittung, Staubbeutel, Gurt, Clochette, Schloss, Schl\u00fcssel, Filz, Booklet, Box<\/p>\n","protected":false},"excerpt":{"rendered":"<div class=\"flex-shrink-0 flex flex-col relative items-end\">\n<div>\n<div class=\"pt-0.5\">\n<div class=\"gizmo-shadow-stroke flex h-6 w-6 items-center justify-center overflow-hidden rounded-full\">\n<div class=\"relative p-1 rounded-sm h-9 w-9 text-white flex items-center justify-center\"><strong>Herm\u00e8s Kelly 25 Sellier Toile H Ecru - Bleu \/ Swift Noir Palladium-Beschl\u00e4ge.<\/strong> Eine ganz besondere und exklusive <strong>Herm\u00e8s Kelly 25<\/strong> \u2013 ein handgefertigtes Meisterwerk aus Toile H in Ecru-Bleu und Swift-Leder in elegantem Schwarz mit Palladium-Beschl\u00e4gen, eine limitierte Auflage, die nur f\u00fcr eine exklusive VIP-Kundschaft zug\u00e4nglich ist! Die <strong>Herm\u00e8s Kelly 25 Toile H<\/strong> ist mehr als nur eine Tasche; Es ist ein Statement f\u00fcr Eleganz und Exklusivit\u00e4t. Das geschmeidige Swift-Leder sorgt nicht nur f\u00fcr ein luxuri\u00f6ses Tragegef\u00fchl, sondern auch f\u00fcr eine zeitlose \u00c4sthetik, w\u00e4hrend die goldenen Beschl\u00e4ge einen Hauch von Raffinesse verleihen.<\/div>\n<\/div>\n<\/div>\n<\/div>\n<\/div>\n<div class=\"relative flex w-[calc(100%-50px)] flex-col gizmo:w-full lg:w-[calc(100%-115px)] agent-turn\">\n<div class=\"flex-col gap-1 md:gap-3\">\n<div class=\"flex flex-grow flex-col max-w-full gap-3 gizmo:gap-0\">\n<div class=\"min-h-[20px] text-message flex flex-col items-start gap-3 whitespace-pre-wrap break-words [.text-message+&amp;]:mt-5 overflow-x-auto\" data-message-author-role=\"assistant\" data-message-id=\"134c338f-f219-4d6e-9bdb-658991c379d6\">\n<div class=\"markdown prose w-full break-words dark:prose-invert light\">\n<p>Sichern Sie sich jetzt die Kelly 25 Sellier Toile H und erleben Sie Luxus in einer neuen Dimension. Ob als Sammlerst\u00fcck oder stylisches Accessoire, diese limitierte Kelly wird nicht nur Ihre Garderobe bereichern, sondern auch Ihre Leidenschaft f\u00fcr exklusive Mode steigern. Seien Sie Teil eines exklusiven Erlebnisses und definieren Sie Ihren Stil mit der <strong>Herm\u00e8s Kelly 25 Toile H<\/strong> neu!<\/p>\n<\/div>\n<\/div>\n<\/div>\n<\/div>\n<\/div>\n","protected":false},"featured_media":5791,"template":"","meta":[],"product_brand":[2404],"product_cat":[347],"product_tag":[1703,2003,1677,2004],"class_list":{"0":"post-5803","1":"product","2":"type-product","3":"status-publish","4":"has-post-thumbnail","6":"product_brand-hermes-de","7":"product_cat-handtasche","8":"product_tag-hermes-kelly-25-sellier-de","9":"product_tag-hermes-kelly-25-toile-h-de","10":"product_tag-kelly-25-toile-h-de","11":"product_tag-kelly-toile-h-swift-de","12":"pa_brand-hermes-de","13":"pa_color-schwarz","14":"pa_grade-grad-1","15":"pa_hermes-models-kelly-de","16":"pa_material-leder","18":"first","19":"outofstock","20":"shipping-taxable","21":"product-type-simple"},"_links":{"self":[{"href":"https:\/\/handbag-sense.com\/de\/wp-json\/wp\/v2\/product\/5803","targetHints":{"allow":["GET"]}}],"collection":[{"href":"https:\/\/handbag-sense.com\/de\/wp-json\/wp\/v2\/product"}],"about":[{"href":"https:\/\/handbag-sense.com\/de\/wp-json\/wp\/v2\/types\/product"}],"wp:featuredmedia":[{"embeddable":true,"href":"https:\/\/handbag-sense.com\/de\/wp-json\/wp\/v2\/media\/5791"}],"wp:attachment":[{"href":"https:\/\/handbag-sense.com\/de\/wp-json\/wp\/v2\/media?parent=5803"}],"wp:term":[{"taxonomy":"product_brand","embeddable":true,"href":"https:\/\/handbag-sense.com\/de\/wp-json\/wp\/v2\/product_brand?post=5803"},{"taxonomy":"product_cat","embeddable":true,"href":"https:\/\/handbag-sense.com\/de\/wp-json\/wp\/v2\/product_cat?post=5803"},{"taxonomy":"product_tag","embeddable":true,"href":"https:\/\/handbag-sense.com\/de\/wp-json\/wp\/v2\/product_tag?post=5803"}],"curies":[{"name":"wp","href":"https:\/\/api.w.org\/{rel}","templated":true}]}}