{"id":5741,"date":"2024-01-19T16:47:04","date_gmt":"2024-01-19T15:47:04","guid":{"rendered":"https:\/\/handbag-sense.com\/?post_type=product&#038;p=5741"},"modified":"2025-05-06T11:57:02","modified_gmt":"2025-05-06T09:57:02","slug":"hermes-kelly-35-candy-epsom-etain-blu","status":"publish","type":"product","link":"https:\/\/handbag-sense.com\/de\/produkt\/hermes-kelly-35-candy-epsom-etain-blu\/","title":{"rendered":"Kelly 35 Candy Epsom Etain \/ Blue Thalassa"},"content":{"rendered":"<div class=\"c-columns-m-1 c-columns-2 c-columns-gap-s\">\n<div><strong>Material:<\/strong> Epsom Leder<br \/>\n<strong>Farbe:<\/strong> Etain \/ Blue Thalassa<br \/>\n<strong>Metallelemente:<\/strong> Palladium Hardware<br \/>\n<strong>Innenmaterial:<\/strong> Leder<\/div>\n<div><strong>Grad:<\/strong> 4\u00a0<img decoding=\"async\" class=\"info_box alignnone size-medium wp-image-885\" title=\"Info\" role=\"img\" src=\"https:\/\/handbag-sense.com\/wp-content\/uploads\/2023\/05\/info_icon.svg\" alt=\"info box\" width=\"15\" height=\"15\" \/><br \/>\n<strong>Gr\u00f6\u00dfe:<\/strong> 35 x 24 x 12 cm<br \/>\n<strong>Produktionsjahr\/Jahresstempel:<\/strong> 2012\/P<br \/>\n<strong>Versand:<\/strong> Weltweit<\/div>\n<\/div>\n<p><strong>Beinhaltet:<\/strong> Originalrechnung, Staubbeutel, Schulterriemen, Canvas Riemen 105 cm, Clochette, Schloss, Schl\u00fcssel, Box<\/p>\n","protected":false},"excerpt":{"rendered":"<p><strong>Herm\u00e8s Kelly 35 Candy Epsom Etain \/ Blue Thalassa Palladium Hardware. <\/strong>Diese limitierte Herm\u00e8s Kelly 35 Candy in Etain und Blue Thalassa aus dem Jahr 2012 ist aus robustem Epsom Leder in Etain und innen in lebhaftem Blue Thalassa handgefertigt und durch schicke Palladium Hardware akzentuiert. Zur Ausstattung geh\u00f6ren ein Schloss, zwei Schl\u00fcssel, ein originaler Tragegurt sowie ein 105 cm langer, farblich abgestimmter Schulterriemen aus Canvas f\u00fcr vielseitige Trageoptionen, einschlie\u00dflich als Crossbody. K\u00fcrzlich im Herm\u00e8s Spa aufgearbeitet, weist sie minimale Farbunterschiede auf, die ihren Charakter betonen. Ein Symbol f\u00fcr Eleganz und Klasse, repr\u00e4sentiert diese Kelly Bag aus der begehrten Herm\u00e8s Candy Kollektion sowohl Luxus als auch exklusives Design.<\/p>\n<p>&nbsp;<\/p>\n","protected":false},"featured_media":5604,"template":"","meta":[],"product_brand":[2404],"product_cat":[347],"product_tag":[1658,1659],"class_list":{"0":"post-5741","1":"product","2":"type-product","3":"status-publish","4":"has-post-thumbnail","6":"product_brand-hermes-de","7":"product_cat-handtasche","8":"product_tag-hermes-kelly-35-de","9":"product_tag-hermes-kelly-candy-de","10":"pa_brand-hermes-de","11":"pa_color-gold-de","12":"pa_grade-grad-3","13":"pa_hermes-models-kelly-de","14":"pa_material-leder","16":"first","17":"outofstock","18":"shipping-taxable","19":"product-type-simple"},"_links":{"self":[{"href":"https:\/\/handbag-sense.com\/de\/wp-json\/wp\/v2\/product\/5741","targetHints":{"allow":["GET"]}}],"collection":[{"href":"https:\/\/handbag-sense.com\/de\/wp-json\/wp\/v2\/product"}],"about":[{"href":"https:\/\/handbag-sense.com\/de\/wp-json\/wp\/v2\/types\/product"}],"wp:featuredmedia":[{"embeddable":true,"href":"https:\/\/handbag-sense.com\/de\/wp-json\/wp\/v2\/media\/5604"}],"wp:attachment":[{"href":"https:\/\/handbag-sense.com\/de\/wp-json\/wp\/v2\/media?parent=5741"}],"wp:term":[{"taxonomy":"product_brand","embeddable":true,"href":"https:\/\/handbag-sense.com\/de\/wp-json\/wp\/v2\/product_brand?post=5741"},{"taxonomy":"product_cat","embeddable":true,"href":"https:\/\/handbag-sense.com\/de\/wp-json\/wp\/v2\/product_cat?post=5741"},{"taxonomy":"product_tag","embeddable":true,"href":"https:\/\/handbag-sense.com\/de\/wp-json\/wp\/v2\/product_tag?post=5741"}],"curies":[{"name":"wp","href":"https:\/\/api.w.org\/{rel}","templated":true}]}}