{"id":5645,"date":"2024-01-18T17:59:45","date_gmt":"2024-01-18T16:59:45","guid":{"rendered":"https:\/\/handbag-sense.com\/?post_type=product&#038;p=5645"},"modified":"2025-05-06T11:57:04","modified_gmt":"2025-05-06T09:57:04","slug":"hermes-constance-18-schwarz-box-ghw","status":"publish","type":"product","link":"https:\/\/handbag-sense.com\/de\/produkt\/hermes-constance-18-schwarz-box-ghw\/","title":{"rendered":"Constance 18 Schwarz Box"},"content":{"rendered":"<div class=\"c-columns-m-1 c-columns-2 c-columns-gap-s\">\n<div><strong>Material:<\/strong> Box Leder<br \/>\n<strong>Farbe:<\/strong> Schwarz<br \/>\n<strong>Metallelemente:<\/strong> Gold Hardware<br \/>\n<strong>Innenmaterial:<\/strong> Leder<\/div>\n<div><strong>Grad:<\/strong> 1 <img decoding=\"async\" class=\"info_box alignnone size-medium wp-image-885\" title=\"Info\" role=\"img\" src=\"https:\/\/handbag-sense.com\/wp-content\/uploads\/2023\/05\/info_icon.svg\" alt=\"info box\" width=\"15\" height=\"15\" \/><br \/>\n<strong>Produktionsjahr\/Jahresstempel:<\/strong> 2021\/Z<br \/>\n<strong>Gr\u00f6\u00dfe:<\/strong> 18 x 15 x 4 cm<br \/>\n<strong>Versand:<\/strong> Weltweit<\/div>\n<\/div>\n<p><strong>Beinhaltet:<\/strong> Originalrechnung, Staubbeutel, Filz, Booklet, Box<\/p>\n","protected":false},"excerpt":{"rendered":"<p><strong>Herm\u00e8s Constance 18 Schwarz Box Gold Hardware<\/strong>. Diese Constance mini ist aus Box Leder in der Farbe Schwarz handgefertigt und mit Gold Hardware versehen. Die Tasche hat\u00a0 einen \u201eH\u201c-Verschluss aus Metall und einen Schulterriemen. Das Innere der Tasche ist in zwei F\u00e4cher unterteilt, mit einer Seitentasche an der R\u00fcckwand. Die Tasche ist im ungetragenen Zustand, der \u201eH\u201c-Verschluss ist mit einer Folie verklebt. Die Tasche wird mit Herm\u00e8s Staubbeutel, Filz, Herm\u00e8s Box und der Originalrechnung aus 2021 geliefert. Entdecken Sie die exquisite Eleganz der <strong>Herm\u00e8s Constance 18 Box Noir<\/strong>, eine Ikone unter den Luxushandtaschen.<\/p>\n","protected":false},"featured_media":5642,"template":"","meta":[],"product_brand":[2404],"product_cat":[347,346],"product_tag":[1651,1652],"class_list":{"0":"post-5645","1":"product","2":"type-product","3":"status-publish","4":"has-post-thumbnail","6":"product_brand-hermes-de","7":"product_cat-handtasche","8":"product_cat-abendtasche","9":"product_tag-hermes-constance-18-de","10":"product_tag-hermes-constance-box-de","11":"pa_brand-hermes-de","12":"pa_color-rot","13":"pa_grade-grad-1","14":"pa_hermes-models-constance-de","15":"pa_material-leder","17":"first","18":"outofstock","19":"shipping-taxable","20":"product-type-simple"},"_links":{"self":[{"href":"https:\/\/handbag-sense.com\/de\/wp-json\/wp\/v2\/product\/5645","targetHints":{"allow":["GET"]}}],"collection":[{"href":"https:\/\/handbag-sense.com\/de\/wp-json\/wp\/v2\/product"}],"about":[{"href":"https:\/\/handbag-sense.com\/de\/wp-json\/wp\/v2\/types\/product"}],"wp:featuredmedia":[{"embeddable":true,"href":"https:\/\/handbag-sense.com\/de\/wp-json\/wp\/v2\/media\/5642"}],"wp:attachment":[{"href":"https:\/\/handbag-sense.com\/de\/wp-json\/wp\/v2\/media?parent=5645"}],"wp:term":[{"taxonomy":"product_brand","embeddable":true,"href":"https:\/\/handbag-sense.com\/de\/wp-json\/wp\/v2\/product_brand?post=5645"},{"taxonomy":"product_cat","embeddable":true,"href":"https:\/\/handbag-sense.com\/de\/wp-json\/wp\/v2\/product_cat?post=5645"},{"taxonomy":"product_tag","embeddable":true,"href":"https:\/\/handbag-sense.com\/de\/wp-json\/wp\/v2\/product_tag?post=5645"}],"curies":[{"name":"wp","href":"https:\/\/api.w.org\/{rel}","templated":true}]}}