{"id":5248,"date":"2024-01-05T18:00:26","date_gmt":"2024-01-05T17:00:26","guid":{"rendered":"https:\/\/handbag-sense.com\/?post_type=product&#038;p=5248"},"modified":"2025-05-06T13:03:18","modified_gmt":"2025-05-06T11:03:18","slug":"chanel-chanel-timeless-maxi-flap-bag-gelb","status":"publish","type":"product","link":"https:\/\/handbag-sense.com\/de\/produkt\/chanel-chanel-timeless-maxi-flap-bag-gelb\/","title":{"rendered":"Zeitlose Maxi Klappe Tasche Gelb"},"content":{"rendered":"<div class=\"c-columns-m-1 c-columns-2 c-columns-gap-s\">\n<div><strong>Material:<\/strong> Kaviar-Leder<br \/>\n<strong>Farbe:<\/strong> Gelb<br \/>\n<strong>Metallelemente:<\/strong> Silberne Hardware<br \/>\n<strong>Inner material:<\/strong> Leder<\/div>\n<div><strong>Note: <\/strong>4  <img decoding=\"async\" class=\"info_box alignnone size-medium wp-image-885\" title=\"Info\" role=\"img\" src=\"https:\/\/handbag-sense.com\/wp-content\/uploads\/2023\/05\/info_icon.svg\" alt=\"info box\" width=\"15\" height=\"15\"><br \/>\n<strong>Baujahr\/Seriennummer:<\/strong> 2010, beginnend mit 132...<br \/>\n<strong>Gr\u00f6\u00dfe:<\/strong> 33 x 23 x 10 cm<\/div>\n<\/div>\n<p><strong>Enth\u00e4lt:<\/strong> Echtheitskarte, Staubbeutel, Box<\/p>\n","protected":false},"excerpt":{"rendered":"<p><strong>Chanel Zeitlose Maxi-Tasche mit Klappe Gelb.<\/strong>  Die Maxi Flap Handtasche ist eine klassische und zeitlose Chanel. Diese Tasche ist ideal f\u00fcr jeden Anlass und bietet genug Platz f\u00fcr alles. Die Chanel Maxi Flap Tasche ist aus gelbem Kaviarleder mit silberfarbenen Beschl\u00e4gen und verf\u00fcgt \u00fcber eine Frontklappe mit charakteristischem CC-Drehverschluss, eine halbmondf\u00f6rmige Ges\u00e4\u00dftasche und ein verstellbares, verflochtenes silberfarbenes Kettenglied und einen Schulterriemen aus gelbem Leder. Die Tasche ist in ein Hauptfach, eine Tasche und ein Rei\u00dfverschlussfach unterteilt. Das Innenfutter besteht aus Leder in der Farbe Gelb. Die Tasche kann sowohl \u00fcber der Schulter als auch als Umh\u00e4ngetasche getragen werden. Eine bequeme und elegante Handtasche, die zu den beliebten Klassikern von Chanel geh\u00f6rt. Die Tasche wurde sorgf\u00e4ltig getragen und ist in sehr gutem Zustand, wird mit Chanel-Staubbeutel, Chanel-Box und Authenticity Card geliefert.<\/p>\n","protected":false},"featured_media":5214,"template":"","meta":[],"product_brand":[2417],"product_cat":[347],"product_tag":[2126,1928,1931],"class_list":{"0":"post-5248","1":"product","2":"type-product","3":"status-publish","4":"has-post-thumbnail","6":"product_brand-chanel-de","7":"product_cat-handtasche","8":"product_tag-chanel-medium-classic-de","9":"product_tag-chanel-mittelrosa","10":"product_tag-chanel-rosa","11":"pa_brand-chanel-de","12":"pa_chanel-models-timeless-classique-de","13":"pa_color-pink-de","14":"pa_color-rosa-de","15":"pa_grade-grad-4","16":"pa_material-leder","18":"first","19":"outofstock","20":"sold-individually","21":"product-type-simple"},"_links":{"self":[{"href":"https:\/\/handbag-sense.com\/de\/wp-json\/wp\/v2\/product\/5248","targetHints":{"allow":["GET"]}}],"collection":[{"href":"https:\/\/handbag-sense.com\/de\/wp-json\/wp\/v2\/product"}],"about":[{"href":"https:\/\/handbag-sense.com\/de\/wp-json\/wp\/v2\/types\/product"}],"wp:featuredmedia":[{"embeddable":true,"href":"https:\/\/handbag-sense.com\/de\/wp-json\/wp\/v2\/media\/5214"}],"wp:attachment":[{"href":"https:\/\/handbag-sense.com\/de\/wp-json\/wp\/v2\/media?parent=5248"}],"wp:term":[{"taxonomy":"product_brand","embeddable":true,"href":"https:\/\/handbag-sense.com\/de\/wp-json\/wp\/v2\/product_brand?post=5248"},{"taxonomy":"product_cat","embeddable":true,"href":"https:\/\/handbag-sense.com\/de\/wp-json\/wp\/v2\/product_cat?post=5248"},{"taxonomy":"product_tag","embeddable":true,"href":"https:\/\/handbag-sense.com\/de\/wp-json\/wp\/v2\/product_tag?post=5248"}],"curies":[{"name":"wp","href":"https:\/\/api.w.org\/{rel}","templated":true}]}}