{"id":4937,"date":"2024-01-03T17:23:41","date_gmt":"2024-01-03T16:23:41","guid":{"rendered":"https:\/\/handbag-sense.com\/?post_type=product&#038;p=4937"},"modified":"2025-05-06T15:01:00","modified_gmt":"2025-05-06T13:01:00","slug":"louis-vuitton-x-yk-lv-initiales-wendegurtel","status":"publish","type":"product","link":"https:\/\/handbag-sense.com\/de\/produkt\/louis-vuitton-x-yk-lv-initiales-wendegurtel\/","title":{"rendered":"X YK LV Initiales Wendeg\u00fcrtel"},"content":{"rendered":"<div class=\"c-columns-m-1 c-columns-2 c-columns-gap-s\">\n<div><strong>Farbe:<\/strong> Schwarz \/ Wei\u00df<br \/>\n<strong>Material:<\/strong> Leder<\/div>\n<div><strong>Grade:<\/strong> 1 <img decoding=\"async\" class=\"info_box alignnone size-medium wp-image-885\" title=\"Info\" role=\"img\" src=\"https:\/\/handbag-sense.com\/wp-content\/uploads\/2023\/05\/info_icon.svg\" alt=\"info box\" width=\"15\" height=\"15\"><br \/>\n<strong>Gro\u00dfe: <\/strong>95cm<\/div>\n<\/div>\n<p><strong>Enth\u00e4lt:<\/strong> Staubbeutel, Box<\/p>\n","protected":false},"excerpt":{"rendered":"<p><strong>Louis Vuitton X Yayoi Kusama LV Initialen Wendeg\u00fcrtel Schwarz \/ Wei\u00df. <\/strong>Dieser exklusive <strong>Louis Vuitton G\u00fcrtel<\/strong> verbindet Eleganz mit Funktionalit\u00e4t. Der mit Pr\u00e4zision und Stil gefertigte G\u00fcrtel verf\u00fcgt \u00fcber hochwertige Materialien f\u00fcr Langlebigkeit und eine durchdacht gestaltete Schnalle f\u00fcr Praktikabilit\u00e4t. Es ist nicht nur ein Accessoire; es ist ein Statement. Diese Neuerscheinung wird in einer Box geliefert und eignet sich perfekt zum Verschenken oder Aufwerten Ihrer eigenen Sammlung. Begrenzter Lagerbestand \u2013 sichern Sie sich jetzt Ihren.<\/p>\n","protected":false},"featured_media":4756,"template":"","meta":[],"product_brand":[2436],"product_cat":[1587,342],"product_tag":[1618],"class_list":{"0":"post-4937","1":"product","2":"type-product","3":"status-publish","4":"has-post-thumbnail","6":"product_brand-louis-vuitton-de","7":"product_cat-gurtel","8":"product_cat-accessoire-de","9":"product_tag-louis-vuitton-de","10":"pa_brand-louis-vuitton-de","11":"pa_color-schwarz","12":"pa_color-mehrfarbig","13":"pa_color-silber","14":"pa_color-weiss","15":"pa_grade-grad-1","16":"pa_material-leder","18":"first","19":"outofstock","20":"shipping-taxable","21":"product-type-simple"},"_links":{"self":[{"href":"https:\/\/handbag-sense.com\/de\/wp-json\/wp\/v2\/product\/4937","targetHints":{"allow":["GET"]}}],"collection":[{"href":"https:\/\/handbag-sense.com\/de\/wp-json\/wp\/v2\/product"}],"about":[{"href":"https:\/\/handbag-sense.com\/de\/wp-json\/wp\/v2\/types\/product"}],"wp:featuredmedia":[{"embeddable":true,"href":"https:\/\/handbag-sense.com\/de\/wp-json\/wp\/v2\/media\/4756"}],"wp:attachment":[{"href":"https:\/\/handbag-sense.com\/de\/wp-json\/wp\/v2\/media?parent=4937"}],"wp:term":[{"taxonomy":"product_brand","embeddable":true,"href":"https:\/\/handbag-sense.com\/de\/wp-json\/wp\/v2\/product_brand?post=4937"},{"taxonomy":"product_cat","embeddable":true,"href":"https:\/\/handbag-sense.com\/de\/wp-json\/wp\/v2\/product_cat?post=4937"},{"taxonomy":"product_tag","embeddable":true,"href":"https:\/\/handbag-sense.com\/de\/wp-json\/wp\/v2\/product_tag?post=4937"}],"curies":[{"name":"wp","href":"https:\/\/api.w.org\/{rel}","templated":true}]}}