{"id":4791,"date":"2023-12-27T22:21:01","date_gmt":"2023-12-27T21:21:01","guid":{"rendered":"https:\/\/handbag-sense.com\/?post_type=product&#038;p=4791"},"modified":"2025-05-06T11:57:16","modified_gmt":"2025-05-06T09:57:16","slug":"hermes-chypre-weise-sandalen-fur-herren","status":"publish","type":"product","link":"https:\/\/handbag-sense.com\/de\/produkt\/hermes-chypre-weise-sandalen-fur-herren\/","title":{"rendered":"Chypre Sandalen Wei\u00df f\u00fcr Herren"},"content":{"rendered":"<div class=\"c-columns-m-1 c-columns-2 c-columns-gap-s\">\n<div><strong>Farbe:<\/strong> wei\u00df\/schwarz<br \/>\n<strong>Material:<\/strong> Leder \/ Gummi<\/div>\n<div><strong>Grade:<\/strong> 1 <img decoding=\"async\" class=\"info_box alignnone size-medium wp-image-885\" title=\"Info\" role=\"img\" src=\"https:\/\/handbag-sense.com\/wp-content\/uploads\/2023\/05\/info_icon.svg\" alt=\"info box\" width=\"15\" height=\"15\"><br \/>\n<strong>Gr\u00f6\u00dfe:<\/strong> 43.5<\/div>\n<\/div>\n<p><strong>Enth\u00e4lt:<\/strong> Staubbeutel, Box<\/p>\n","protected":false},"excerpt":{"rendered":"<p><strong>Herm\u00e8s Chypre Wei\u00dfe Sandalen f\u00fcr Herren.  <\/strong>Diese Techno-Sandalen aus Kalbsleder zeichnen sich durch klare Linien, eine ergonomische Gummisohle und einen verstellbaren Riemen aus. Sie verbinden eine l\u00e4ssige \u00c4sthetik mit kompromisslosem Komfort. Die Gummisohle ist in schlichtem Schwarz gehalten, w\u00e4hrend die Innensohle aus schwarzem Kalbsleder besteht. Der Innenraum ist mit wei\u00dfem Ziegenleder gef\u00fcttert und sorgt f\u00fcr einen luxuri\u00f6sen Touch. Treten Sie ein in die Welt des m\u00fchelosen Stils und des au\u00dfergew\u00f6hnlichen Komforts mit diesen Herm\u00e8s Chypre Sandalen. Die <strong>Herm\u00e8s Chypre <\/strong>sind brandneu und werden nie getragen.<\/p>\n","protected":false},"featured_media":4704,"template":"","meta":[],"product_brand":[2404],"product_cat":[1589],"product_tag":[1958,1959],"class_list":{"0":"post-4791","1":"product","2":"type-product","3":"status-publish","4":"has-post-thumbnail","6":"product_brand-hermes-de","7":"product_cat-schuhe","8":"product_tag-hermes-chypre-weis","9":"product_tag-weise-chypre-sandalen","10":"pa_brand-hermes-de","11":"pa_color-beige-de","12":"pa_color-lila","13":"pa_color-mehrfarbig","14":"pa_color-nude-de","15":"pa_color-rosa-de","16":"pa_color-weiss","17":"pa_grade-grad-1","18":"pa_material-leder","20":"first","21":"outofstock","22":"shipping-taxable","23":"product-type-simple"},"_links":{"self":[{"href":"https:\/\/handbag-sense.com\/de\/wp-json\/wp\/v2\/product\/4791","targetHints":{"allow":["GET"]}}],"collection":[{"href":"https:\/\/handbag-sense.com\/de\/wp-json\/wp\/v2\/product"}],"about":[{"href":"https:\/\/handbag-sense.com\/de\/wp-json\/wp\/v2\/types\/product"}],"wp:featuredmedia":[{"embeddable":true,"href":"https:\/\/handbag-sense.com\/de\/wp-json\/wp\/v2\/media\/4704"}],"wp:attachment":[{"href":"https:\/\/handbag-sense.com\/de\/wp-json\/wp\/v2\/media?parent=4791"}],"wp:term":[{"taxonomy":"product_brand","embeddable":true,"href":"https:\/\/handbag-sense.com\/de\/wp-json\/wp\/v2\/product_brand?post=4791"},{"taxonomy":"product_cat","embeddable":true,"href":"https:\/\/handbag-sense.com\/de\/wp-json\/wp\/v2\/product_cat?post=4791"},{"taxonomy":"product_tag","embeddable":true,"href":"https:\/\/handbag-sense.com\/de\/wp-json\/wp\/v2\/product_tag?post=4791"}],"curies":[{"name":"wp","href":"https:\/\/api.w.org\/{rel}","templated":true}]}}