{"id":4786,"date":"2023-12-27T17:09:22","date_gmt":"2023-12-27T16:09:22","guid":{"rendered":"https:\/\/handbag-sense.com\/?post_type=product&#038;p=4786"},"modified":"2025-05-06T15:01:06","modified_gmt":"2025-05-06T13:01:06","slug":"keepall-bandouliere-50-comic-book-monogram-canvas","status":"publish","type":"product","link":"https:\/\/handbag-sense.com\/de\/produkt\/keepall-bandouliere-50-comic-book-monogram-canvas\/","title":{"rendered":"Gucci x Balenciaga The Hacker Project Medium Duffle Bag"},"content":{"rendered":"<div class=\"c-columns-m-1 c-columns-2 c-columns-gap-s\">\n<div><strong>Material:<\/strong> Canvas<br \/>\n<strong>Farbe:<\/strong> Mehrfarbig<br \/>\n<strong>Metallelemente:<\/strong> Goldmetall<\/div>\n<div><strong>Grade:<\/strong> 1 <img decoding=\"async\" class=\"info_box alignnone size-medium wp-image-885\" title=\"Info\" role=\"img\" src=\"https:\/\/handbag-sense.com\/wp-content\/uploads\/2023\/05\/info_icon.svg\" alt=\"info box\" width=\"15\" height=\"15\" \/><br \/>\n<strong>Innenmaterial:<\/strong> Textilfutter<br \/>\n<strong>Gro\u00dfe:<\/strong> 44 x 26 x 22 cm<\/div>\n<\/div>\n<p><strong>Lieferumfang:<\/strong> Staubbeutel, zwei Schl\u00fcssel, Tragegurt, Schulterpolster f\u00fcr Tragegurt, Gep\u00e4ckanh\u00e4nger, Griffhalter<\/p>\n","protected":false},"excerpt":{"rendered":"<p><strong>Gucci x Balenciaga The Hacker Project Medium Duffle Bag. <\/strong>Erh\u00f6hen Sie Ihren Reisestil mit dieser exklusiven Reisetasche. Das Innere dieses au\u00dfergew\u00f6hnlichen Reisebegleiters ist luxuri\u00f6s gef\u00fcttert und verleiht der praktischen Tasche einen Hauch von Eleganz. Der ger\u00e4umige Innenraum bietet reichlich Platz f\u00fcr das N\u00f6tigste auf jeder Reise. Die goldenen Beschl\u00e4ge verleihen der Tasche einen Hauch von Eleganz und erg\u00e4nzen das Gesamtdesign perfekt. Erh\u00f6hen Sie Ihr Reiseverhalten und setzen Sie bei jeder Reise ein markantes Zeichen. Die Tasche ist in einem neuen und ungetragenen Zustand.<\/p>\n","protected":false},"featured_media":4609,"template":"","meta":[],"product_brand":[2409],"product_cat":[1590],"product_tag":[1599],"class_list":{"0":"post-4786","1":"product","2":"type-product","3":"status-publish","4":"has-post-thumbnail","6":"product_brand-balenciaga-de","7":"product_cat-reisetasche","8":"product_tag-balenciaga-de","9":"pa_brand-balenciaga-de","10":"pa_color-beige-de","11":"pa_color-braun","12":"pa_grade-grad-4","13":"pa_material-leder","14":"pa_material-leinwand","15":"pa_material-andere-materialien","17":"first","18":"outofstock","19":"shipping-taxable","20":"purchasable","21":"product-type-simple"},"_links":{"self":[{"href":"https:\/\/handbag-sense.com\/de\/wp-json\/wp\/v2\/product\/4786","targetHints":{"allow":["GET"]}}],"collection":[{"href":"https:\/\/handbag-sense.com\/de\/wp-json\/wp\/v2\/product"}],"about":[{"href":"https:\/\/handbag-sense.com\/de\/wp-json\/wp\/v2\/types\/product"}],"wp:featuredmedia":[{"embeddable":true,"href":"https:\/\/handbag-sense.com\/de\/wp-json\/wp\/v2\/media\/4609"}],"wp:attachment":[{"href":"https:\/\/handbag-sense.com\/de\/wp-json\/wp\/v2\/media?parent=4786"}],"wp:term":[{"taxonomy":"product_brand","embeddable":true,"href":"https:\/\/handbag-sense.com\/de\/wp-json\/wp\/v2\/product_brand?post=4786"},{"taxonomy":"product_cat","embeddable":true,"href":"https:\/\/handbag-sense.com\/de\/wp-json\/wp\/v2\/product_cat?post=4786"},{"taxonomy":"product_tag","embeddable":true,"href":"https:\/\/handbag-sense.com\/de\/wp-json\/wp\/v2\/product_tag?post=4786"}],"curies":[{"name":"wp","href":"https:\/\/api.w.org\/{rel}","templated":true}]}}