{"id":4672,"date":"2023-12-23T23:08:47","date_gmt":"2023-12-23T22:08:47","guid":{"rendered":"https:\/\/handbag-sense.com\/?post_type=product&#038;p=4672"},"modified":"2025-05-06T15:01:14","modified_gmt":"2025-05-06T13:01:14","slug":"louis-vuitton-nigo-blue-monogram-denim-keepall-bandouliere-50","status":"publish","type":"product","link":"https:\/\/handbag-sense.com\/de\/produkt\/louis-vuitton-nigo-blue-monogram-denim-keepall-bandouliere-50\/","title":{"rendered":"NIGO Blue Monogram Denim Keepall Bandouli\u00e8re 50"},"content":{"rendered":"<div class=\"c-columns-m-1 c-columns-2 c-columns-gap-s\">\n<div><strong>Material:<\/strong> Jeans \/ Leder<br \/>\n<strong>Farbe:<\/strong> Marineblau<br \/>\n<strong>Metallelemente:<\/strong> Goldene Beschl\u00e4ge<\/div>\n<div><strong><b>Grad<\/b>:<\/strong> 1 <img decoding=\"async\" class=\"info_box alignnone size-medium wp-image-885\" title=\"Info\" role=\"img\" src=\"https:\/\/handbag-sense.com\/wp-content\/uploads\/2023\/05\/info_icon.svg\" alt=\"info box\" width=\"15\" height=\"15\" \/><br \/>\n<strong>Innenmaterial:<\/strong> Stoffutter<br \/>\n<strong>Gr\u00f6\u00dfe:<\/strong> 50 x 29 x 23 cm<\/div>\n<\/div>\n<p><strong>Beinhaltet:<\/strong> Staubbeutel, Schulterriemen, Schulterpolster f\u00fcr den Riemen, Gep\u00e4ckanh\u00e4nger, Gep\u00e4ckgurt, roter Herzanh\u00e4nger<\/p>\n","protected":false},"excerpt":{"rendered":"<p><strong>Louis Vuitton x NIGO Blue Monogram Denim Drip &amp; Taurillon Keepall Bandouli\u00e8re 50 Gold Hardware.<\/strong> Diese exklusive Reisetasche ist das Ergebnis der Zusammenarbeit zwischen Louis Vuitton und dem japanischen K\u00fcnstler Nigo und wurde in der Fr\u00fchjahrskollektion 2022 vorgestellt. Mit akribischer Aufmerksamkeit f\u00fcr Details gefertigt, verf\u00fcgt diese Keepall \u00fcber eine markante \u00e4u\u00dfere Gestaltung in blauem Monogram Denim Drip, kombiniert mit robusten Akzenten aus Taurillon-Leder. Das Innere ist elegant mit blauem Textilmaterial ausgekleidet, das dem funktionellen Aspekt einen Hauch von Luxus verleiht.\u00a0Die <strong>Louis Vuitton x NIGO <\/strong>Reisetasche befindet sich in neuem und ungetragenem Zustand.<\/p>\n","protected":false},"featured_media":4583,"template":"","meta":[],"product_brand":[2436],"product_cat":[1590],"product_tag":[2045],"class_list":{"0":"post-4672","1":"product","2":"type-product","3":"status-publish","4":"has-post-thumbnail","6":"product_brand-louis-vuitton-de","7":"product_cat-reisetasche","8":"product_tag-nigo-blue-keepall-de","9":"pa_brand-louis-vuitton-de","10":"pa_color-schwarz","11":"pa_color-grau","12":"pa_grade-grad-4","13":"pa_material-leder","14":"pa_material-leinwand","15":"pa_material-andere-materialien","17":"first","18":"outofstock","19":"shipping-taxable","20":"product-type-simple"},"_links":{"self":[{"href":"https:\/\/handbag-sense.com\/de\/wp-json\/wp\/v2\/product\/4672","targetHints":{"allow":["GET"]}}],"collection":[{"href":"https:\/\/handbag-sense.com\/de\/wp-json\/wp\/v2\/product"}],"about":[{"href":"https:\/\/handbag-sense.com\/de\/wp-json\/wp\/v2\/types\/product"}],"wp:featuredmedia":[{"embeddable":true,"href":"https:\/\/handbag-sense.com\/de\/wp-json\/wp\/v2\/media\/4583"}],"wp:attachment":[{"href":"https:\/\/handbag-sense.com\/de\/wp-json\/wp\/v2\/media?parent=4672"}],"wp:term":[{"taxonomy":"product_brand","embeddable":true,"href":"https:\/\/handbag-sense.com\/de\/wp-json\/wp\/v2\/product_brand?post=4672"},{"taxonomy":"product_cat","embeddable":true,"href":"https:\/\/handbag-sense.com\/de\/wp-json\/wp\/v2\/product_cat?post=4672"},{"taxonomy":"product_tag","embeddable":true,"href":"https:\/\/handbag-sense.com\/de\/wp-json\/wp\/v2\/product_tag?post=4672"}],"curies":[{"name":"wp","href":"https:\/\/api.w.org\/{rel}","templated":true}]}}