{"id":4668,"date":"2023-12-23T22:37:07","date_gmt":"2023-12-23T21:37:07","guid":{"rendered":"https:\/\/handbag-sense.com\/?post_type=product&#038;p=4668"},"modified":"2025-05-06T11:57:17","modified_gmt":"2025-05-06T09:57:17","slug":"farandole-lange-halskette-120","status":"publish","type":"product","link":"https:\/\/handbag-sense.com\/de\/produkt\/farandole-lange-halskette-120\/","title":{"rendered":"Chypre Wei\u00dfe Sandalen f\u00fcr Damen"},"content":{"rendered":"<div class=\"c-columns-m-1 c-columns-2 c-columns-gap-s\">\n<div><strong>Farbe:<\/strong> wei\u00df \/ schwarz<br \/>\n<strong>Material:<\/strong> Leder \/ Gummisohle<\/div>\n<div><strong><b>Grad<\/b>:<\/strong> 1 <img decoding=\"async\" class=\"info_box alignnone size-medium wp-image-885\" title=\"Info\" role=\"img\" src=\"https:\/\/handbag-sense.com\/wp-content\/uploads\/2023\/05\/info_icon.svg\" alt=\"info box\" width=\"15\" height=\"15\" \/><br \/>\n<strong>Gr\u00f6\u00dfe:<\/strong> 38<\/p>\n<div><\/div>\n<div><strong>Condition:<\/strong> Used<\/div>\n<\/div>\n<\/div>\n<p><strong>Beinhaltet:<\/strong> Originalrechnung, Staubbeutel, Box<\/p>\n","protected":false},"excerpt":{"rendered":"<p><strong>Herm\u00e8s Chypre Wei\u00dfe Sandalen. <\/strong>Diese Techno-Sandalen aus Kalbsleder zeichnen sich durch klare Linien, eine ergonomische Gummisohle und einen verstellbaren Riemen aus. Sie verbinden eine l\u00e4ssige \u00c4sthetik mit kompromisslosem Komfort. Die Gummisohle ist in elegantem Schwarz gehalten, w\u00e4hrend die Innensohle aus schwarzem Kalbsleder gefertigt ist. Das Innenfutter besteht aus wei\u00dfem Ziegenleder und verleiht diesen Herm\u00e8s Chypre Sandalen einen luxuri\u00f6sen Touch. Betreten Sie die Welt m\u00fchelosen Stils und au\u00dfergew\u00f6hnlichen Komforts mit diesen Herm\u00e8s Chypre Sandalen. Die <strong>Herm\u00e8s Chypre Sandalen<\/strong> sind im neuen ungetragenen Zustand.<\/p>\n","protected":false},"featured_media":4593,"template":"","meta":[],"product_brand":[2404],"product_cat":[1589],"product_tag":[1958,1959],"class_list":{"0":"post-4668","1":"product","2":"type-product","3":"status-publish","4":"has-post-thumbnail","6":"product_brand-hermes-de","7":"product_cat-schuhe","8":"product_tag-hermes-chypre-weis","9":"product_tag-weise-chypre-sandalen","10":"pa_brand-hermes-de","11":"pa_color-beige-de","12":"pa_color-lila","13":"pa_color-mehrfarbig","14":"pa_color-nude-de","15":"pa_color-rosa-de","16":"pa_color-weiss","17":"pa_grade-grad-1","18":"pa_material-leder","20":"first","21":"outofstock","22":"shipping-taxable","23":"product-type-simple"},"_links":{"self":[{"href":"https:\/\/handbag-sense.com\/de\/wp-json\/wp\/v2\/product\/4668","targetHints":{"allow":["GET"]}}],"collection":[{"href":"https:\/\/handbag-sense.com\/de\/wp-json\/wp\/v2\/product"}],"about":[{"href":"https:\/\/handbag-sense.com\/de\/wp-json\/wp\/v2\/types\/product"}],"wp:featuredmedia":[{"embeddable":true,"href":"https:\/\/handbag-sense.com\/de\/wp-json\/wp\/v2\/media\/4593"}],"wp:attachment":[{"href":"https:\/\/handbag-sense.com\/de\/wp-json\/wp\/v2\/media?parent=4668"}],"wp:term":[{"taxonomy":"product_brand","embeddable":true,"href":"https:\/\/handbag-sense.com\/de\/wp-json\/wp\/v2\/product_brand?post=4668"},{"taxonomy":"product_cat","embeddable":true,"href":"https:\/\/handbag-sense.com\/de\/wp-json\/wp\/v2\/product_cat?post=4668"},{"taxonomy":"product_tag","embeddable":true,"href":"https:\/\/handbag-sense.com\/de\/wp-json\/wp\/v2\/product_tag?post=4668"}],"curies":[{"name":"wp","href":"https:\/\/api.w.org\/{rel}","templated":true}]}}