{"id":4611,"date":"2023-12-22T19:19:20","date_gmt":"2023-12-22T18:19:20","guid":{"rendered":"https:\/\/handbag-sense.com\/?post_type=product&#038;p=4611"},"modified":"2025-05-06T15:01:17","modified_gmt":"2025-05-06T13:01:17","slug":"louis-vuitton-keepall-bandouliere-50-comic-book-monogram-canvas","status":"publish","type":"product","link":"https:\/\/handbag-sense.com\/de\/produkt\/louis-vuitton-keepall-bandouliere-50-comic-book-monogram-canvas\/","title":{"rendered":"Keepall Bandouli\u00e8re 50 Comicbuch Monogramm Leinwand"},"content":{"rendered":"<div class=\"c-columns-m-1 c-columns-2 c-columns-gap-s\">\n<div><strong>Material:<\/strong> Canvas<br \/>\n<strong>Farbe:<\/strong> Mehrfarbig<br \/>\n<strong>Metallelemente:<\/strong> Silbernes Metall<\/div>\n<div><strong>Grade:<\/strong> 1 <img decoding=\"async\" class=\"info_box alignnone size-medium wp-image-885\" title=\"Info\" role=\"img\" src=\"https:\/\/handbag-sense.com\/wp-content\/uploads\/2023\/05\/info_icon.svg\" alt=\"info box\" width=\"15\" height=\"15\"><br \/>\n<strong>Innenmaterial:<\/strong> Textilfutter<br \/>\n<strong>Gr\u00f6\u00dfe:<\/strong> 50 x 29 x 22 cm<\/div>\n<\/div>\n<p><strong>Enth\u00e4lt:<\/strong> Originalquittung, Staubbeutel, zwei Schl\u00fcssel, Gurt, Schulterpolster f\u00fcr Gurt, Kofferanh\u00e4nger, Griffhalter<\/p>\n","protected":false},"excerpt":{"rendered":"<p><strong>Louis Vuitton White und Regenbogen Comic Book Monogramm Canvas Keepall Bandouli\u00e8re 50 Silber Hardware.  <\/strong>Werten Sie Ihren Reisestil mit diesem exklusiven Kleidungsst\u00fcck aus der Herrenkollektion Fr\u00fchjahr\/Sommer 2023 von Louis Vuitton auf. Diese Keepall Bandouli\u00e8re 50 ist ein wahres Meisterwerk, das ikonisches Louis Vuitton Monogramm-Canvas mit einem verspielten und lebendigen, von Comics inspirierten Regenbogendesign verbindet. Es ist eine auff\u00e4llige Mischung aus klassischer und zeitgen\u00f6ssischer Mode. Das Innere dieses au\u00dfergew\u00f6hnlichen Reisebegleiters ist luxuri\u00f6s mit hellblauem Canvas gef\u00fcttert, was der Praktikabilit\u00e4t der Tasche einen Hauch von Raffinesse verleiht. Mit seinem ger\u00e4umigen Innenraum haben Sie ausreichend Platz, um Ihre wichtigsten Dinge f\u00fcr jede Reise zu verstauen. Die silbernen Beschl\u00e4ge verleihen der Tasche einen Hauch von Eleganz und erg\u00e4nzen das Gesamtdesign perfekt. Egal, ob Sie um den Globus jetten oder ein stilvolles Statement in der N\u00e4he Ihres Zuhauses setzen, das <strong>Louis Vuitton Comic Book Monogram Canvas Keepall Bandouli\u00e8re 50<\/strong> ist der perfekte Begleiter f\u00fcr alle, die sowohl Mode als auch Funktionalit\u00e4t sch\u00e4tzen. Erleben Sie die Verschmelzung von Kunst und Mode mit diesem limitierten Louis Vuitton St\u00fcck. Erh\u00f6hen Sie Ihr Reiseverhalten und setzen Sie bei jeder Reise ein markantes Zeichen. Die Tasche ist in einem neuen und ungetragenen Zustand.<\/p>\n","protected":false},"featured_media":4551,"template":"","meta":[],"product_brand":[2436],"product_cat":[1590],"product_tag":[1913,1912],"class_list":{"0":"post-4611","1":"product","2":"type-product","3":"status-publish","4":"has-post-thumbnail","6":"product_brand-louis-vuitton-de","7":"product_cat-reisetasche","8":"product_tag-comic-buch-monogramm-keepall","9":"product_tag-louis-vuitton-comic-de","10":"pa_brand-louis-vuitton-de","11":"pa_color-schwarz","12":"pa_color-grau","13":"pa_grade-grad-4","14":"pa_material-leder","15":"pa_material-leinwand","16":"pa_material-andere-materialien","18":"first","19":"instock","20":"shipping-taxable","21":"purchasable","22":"product-type-simple"},"_links":{"self":[{"href":"https:\/\/handbag-sense.com\/de\/wp-json\/wp\/v2\/product\/4611","targetHints":{"allow":["GET"]}}],"collection":[{"href":"https:\/\/handbag-sense.com\/de\/wp-json\/wp\/v2\/product"}],"about":[{"href":"https:\/\/handbag-sense.com\/de\/wp-json\/wp\/v2\/types\/product"}],"wp:featuredmedia":[{"embeddable":true,"href":"https:\/\/handbag-sense.com\/de\/wp-json\/wp\/v2\/media\/4551"}],"wp:attachment":[{"href":"https:\/\/handbag-sense.com\/de\/wp-json\/wp\/v2\/media?parent=4611"}],"wp:term":[{"taxonomy":"product_brand","embeddable":true,"href":"https:\/\/handbag-sense.com\/de\/wp-json\/wp\/v2\/product_brand?post=4611"},{"taxonomy":"product_cat","embeddable":true,"href":"https:\/\/handbag-sense.com\/de\/wp-json\/wp\/v2\/product_cat?post=4611"},{"taxonomy":"product_tag","embeddable":true,"href":"https:\/\/handbag-sense.com\/de\/wp-json\/wp\/v2\/product_tag?post=4611"}],"curies":[{"name":"wp","href":"https:\/\/api.w.org\/{rel}","templated":true}]}}