{"id":3840,"date":"2023-11-06T18:11:35","date_gmt":"2023-11-06T17:11:35","guid":{"rendered":"https:\/\/handbag-sense.com\/?post_type=product&#038;p=3840"},"modified":"2025-05-06T11:57:26","modified_gmt":"2025-05-06T09:57:26","slug":"hermes-kelly-25-epsom-sellier-gold","status":"publish","type":"product","link":"https:\/\/handbag-sense.com\/de\/produkt\/hermes-kelly-25-epsom-sellier-gold\/","title":{"rendered":"Kelly 25 Epsom Sellier Gold"},"content":{"rendered":"<div class=\"c-columns-m-1 c-columns-2 c-columns-gap-s\">\n<div><strong>Material:<\/strong> Epsom leder<br \/>\n<strong>Farbe:<\/strong> Gold<br \/>\n<strong>Metallelemente:<\/strong> Gold Hardware<br \/>\n<strong>Inner material:<\/strong> Leder<\/div>\n<div><strong>Bewertung: <\/strong> 2  <img decoding=\"async\" class=\"info_box alignnone size-medium wp-image-885\" title=\"Info\" role=\"img\" src=\"https:\/\/handbag-sense.com\/wp-content\/uploads\/2023\/05\/info_icon.svg\" alt=\"info box\" width=\"15\" height=\"15\"><br \/>\n<strong>Baujahr\/Stempel:<\/strong> 2023 \/ U<br \/>\n<strong>Gr\u00f6\u00dfe:<\/strong> 25 x 19 x 9 cm<br \/>\n<strong>Versand:<\/strong> Weltweit<\/div>\n<\/div>\n<p><strong>Enth\u00e4lt:<\/strong> Original-Quittung, Staubbeutel, Riemen, Clochette, Schloss, Schl\u00fcssel, Regenmantel, Filz, Heft, Box<\/p>\n","protected":false},"excerpt":{"rendered":"<p><strong>Herm\u00e8s Kelly 25 Epsom Sellier Gold Gold Hardware<\/strong>. Diese Kelly Sellier Tasche in der Farbe Gold ist aus strapazierf\u00e4higem Bitterleder mit goldenen Beschl\u00e4gen gefertigt. Ein Schloss, zwei Schl\u00fcssel, das Originalband, der Original-Staubbeutel, die Herm\u00e8s-Box und die Originalrechnung aus dem Jahr 2023 sind im Lieferumfang enthalten. Die Kelly Tasche aus dem Hause Herm\u00e8s Die Kelly Tasche von Herm\u00e8s ist eine absolute Ikone unter den Handtaschen und steht seit Jahrzehnten f\u00fcr Eleganz und Klasse. Die <strong>Herm\u00e8s Kelly 25 Gold <\/strong>wurde einige Male ausprobiert und befindet sich in einem neuwertigen Zustand, die Dichtungen an den Beschl\u00e4gen sind intakt.<\/p>\n","protected":false},"featured_media":4487,"template":"","meta":[],"product_brand":[2404],"product_cat":[347],"product_tag":[],"class_list":{"0":"post-3840","1":"product","2":"type-product","3":"status-publish","4":"has-post-thumbnail","6":"product_brand-hermes-de","7":"product_cat-handtasche","8":"pa_brand-hermes-de","9":"pa_color-gold-de","10":"pa_grade-grad-2","11":"pa_hermes-models-kelly-de","12":"pa_material-leder","14":"first","15":"outofstock","16":"shipping-taxable","17":"product-type-simple"},"_links":{"self":[{"href":"https:\/\/handbag-sense.com\/de\/wp-json\/wp\/v2\/product\/3840","targetHints":{"allow":["GET"]}}],"collection":[{"href":"https:\/\/handbag-sense.com\/de\/wp-json\/wp\/v2\/product"}],"about":[{"href":"https:\/\/handbag-sense.com\/de\/wp-json\/wp\/v2\/types\/product"}],"wp:featuredmedia":[{"embeddable":true,"href":"https:\/\/handbag-sense.com\/de\/wp-json\/wp\/v2\/media\/4487"}],"wp:attachment":[{"href":"https:\/\/handbag-sense.com\/de\/wp-json\/wp\/v2\/media?parent=3840"}],"wp:term":[{"taxonomy":"product_brand","embeddable":true,"href":"https:\/\/handbag-sense.com\/de\/wp-json\/wp\/v2\/product_brand?post=3840"},{"taxonomy":"product_cat","embeddable":true,"href":"https:\/\/handbag-sense.com\/de\/wp-json\/wp\/v2\/product_cat?post=3840"},{"taxonomy":"product_tag","embeddable":true,"href":"https:\/\/handbag-sense.com\/de\/wp-json\/wp\/v2\/product_tag?post=3840"}],"curies":[{"name":"wp","href":"https:\/\/api.w.org\/{rel}","templated":true}]}}