{"id":3785,"date":"2023-11-06T16:59:27","date_gmt":"2023-11-06T15:59:27","guid":{"rendered":"https:\/\/handbag-sense.com\/?post_type=product&#038;p=3785"},"modified":"2025-05-06T11:57:28","modified_gmt":"2025-05-06T09:57:28","slug":"hermes-birkin-30-schwarz-swift-ghw","status":"publish","type":"product","link":"https:\/\/handbag-sense.com\/de\/produkt\/hermes-birkin-30-schwarz-swift-ghw\/","title":{"rendered":"Birkin 30 Schwarz Swift"},"content":{"rendered":"<div class=\"c-columns-m-1 c-columns-2 c-columns-gap-s\">\n<div><strong>Material:<\/strong> Swift Leder<br \/>\n<strong>Farbe:<\/strong> schwarz<br \/>\n<strong>Metallelemente:<\/strong> Goldene Hardware<br \/>\n<strong>Innenmaterial:<\/strong> Leder<\/div>\n<div><strong>Grad:<\/strong> 3 <img decoding=\"async\" class=\"info_box alignnone size-medium wp-image-885\" title=\"Info\" role=\"img\" src=\"https:\/\/handbag-sense.com\/wp-content\/uploads\/2023\/05\/info_icon.svg\" alt=\"info box\" width=\"15\" height=\"15\" \/><br \/>\n<strong>Produktionsjahr\/Stempel:<\/strong> 2007\/K<br \/>\n<strong>Gr\u00f6\u00dfe:<\/strong> 30 x 22 x 16 cm<br \/>\n<strong>Versand:<\/strong> Weltweit<\/div>\n<\/div>\n<p><strong>Beinhaltet:<\/strong> Box, Staubbeutel, Clochette, Schl\u00fcssel, Schloss<\/p>\n","protected":false},"excerpt":{"rendered":"<p><strong>Herm\u00e8s Birkin 30 Schwarz Swift Gold Hardware<\/strong>. Diese seltene Birkin 30 Handtasche aus Swift Leder ist in der Farbe schwarz mit Gold Hardware. Die wundersch\u00f6ne Birkin Tasche aus dem Hause Herm\u00e8s gilt als absolute Ikone unter den Handtaschen und steht seit Jahrzehnten f\u00fcr Eleganz und Klasse. Mit dabei sind eine Clochette, ein Schloss mit 2x Schl\u00fcssel, Herm\u00e8s Staubbeutel und die orangene Box. Die <strong>Herm\u00e8s Birkin <span style=\"color: black;\">30 schwarz<\/span><\/strong><span style=\"color: black;\"> ist ein paar m<\/span><span style=\"color: black;\">al ausgef\u00fchrt worden und befindet sich im exzellenten Zustand,\u00a0 die Folien sind teilweise an der Hardware intakt.\u00a0<\/span><\/p>\n","protected":false},"featured_media":4039,"template":"","meta":[],"product_brand":[2404],"product_cat":[347],"product_tag":[2283,1412,1984],"class_list":{"0":"post-3785","1":"product","2":"type-product","3":"status-publish","4":"has-post-thumbnail","6":"product_brand-hermes-de","7":"product_cat-handtasche","8":"product_tag-birkin-30-schwarz","9":"product_tag-hermes-birkin-30-de","10":"product_tag-hermes-birkin-tasche","11":"pa_brand-hermes-de","12":"pa_color-schwarz","13":"pa_grade-grad-3","14":"pa_hermes-models-birkin-de","15":"pa_material-leder","17":"first","18":"outofstock","19":"sold-individually","20":"product-type-simple"},"_links":{"self":[{"href":"https:\/\/handbag-sense.com\/de\/wp-json\/wp\/v2\/product\/3785","targetHints":{"allow":["GET"]}}],"collection":[{"href":"https:\/\/handbag-sense.com\/de\/wp-json\/wp\/v2\/product"}],"about":[{"href":"https:\/\/handbag-sense.com\/de\/wp-json\/wp\/v2\/types\/product"}],"wp:featuredmedia":[{"embeddable":true,"href":"https:\/\/handbag-sense.com\/de\/wp-json\/wp\/v2\/media\/4039"}],"wp:attachment":[{"href":"https:\/\/handbag-sense.com\/de\/wp-json\/wp\/v2\/media?parent=3785"}],"wp:term":[{"taxonomy":"product_brand","embeddable":true,"href":"https:\/\/handbag-sense.com\/de\/wp-json\/wp\/v2\/product_brand?post=3785"},{"taxonomy":"product_cat","embeddable":true,"href":"https:\/\/handbag-sense.com\/de\/wp-json\/wp\/v2\/product_cat?post=3785"},{"taxonomy":"product_tag","embeddable":true,"href":"https:\/\/handbag-sense.com\/de\/wp-json\/wp\/v2\/product_tag?post=3785"}],"curies":[{"name":"wp","href":"https:\/\/api.w.org\/{rel}","templated":true}]}}