{"id":3783,"date":"2023-11-06T12:25:08","date_gmt":"2023-11-06T11:25:08","guid":{"rendered":"https:\/\/handbag-sense.com\/?post_type=product&#038;p=3783"},"modified":"2025-05-06T11:57:30","modified_gmt":"2025-05-06T09:57:30","slug":"hermes-kelly-mini-chevre-rose-sakura","status":"publish","type":"product","link":"https:\/\/handbag-sense.com\/de\/produkt\/hermes-kelly-mini-chevre-rose-sakura\/","title":{"rendered":"Kelly Mini Ch\u00e8vre Rose Sakura \/ Nata"},"content":{"rendered":"<div class=\"c-columns-m-1 c-columns-2 c-columns-gap-s\">\n<div><strong>Material:<\/strong> Ch\u00e8vre Leder<br \/>\n<strong>Farbe:<\/strong> Rose Sakura\/Nata<br \/>\n<strong>Metallelemente:<\/strong> Goldene Hardware<br \/>\n<strong>Innenmaterial:<\/strong> Leder<\/div>\n<div><strong>Grad:<\/strong> 1 <img decoding=\"async\" class=\"info_box alignnone size-medium wp-image-885\" title=\"Info\" role=\"img\" src=\"https:\/\/handbag-sense.com\/wp-content\/uploads\/2023\/05\/info_icon.svg\" alt=\"info box\" width=\"15\" height=\"15\" \/><br \/>\n<strong>Produktionsjahr\/Jahresstempel:<\/strong> 2023\/B<br \/>\n<strong>Gr\u00f6\u00dfe:<\/strong> 20 x 12 x 6 cm<br \/>\n<strong>Versand:<\/strong> Weltweit<\/div>\n<\/div>\n","protected":false},"excerpt":{"rendered":"<p><strong>Herm\u00e8s Kelly Mini Ch\u00e8vre Rose Sakura\/Nata HSS (Horseshoe Stamp) mit Gold Hardware.<\/strong> Diese seltene Kelly Mini Tasche ist in 2 Farben - Rose Sakura und Nata - aus Ch\u00e8vre Leder mit Gold Hardware. Die Tasche ist absolut neu, hat einen Verschluss vorne, einen einzigen Handgriff und einen abnehmbaren Schulterriemen. Der Innenraum ist mit Leder in der Farbe Rose Sakura gef\u00fcttert und hat eine offene Tasche an der R\u00fcckwand. Mit dabei sind ein Schultergurt, Herm\u00e8s Staubbeutel, die Originalrechnung aus 2023 und die orangene Box. Die <strong>Kelly 20 bi-color HSS<\/strong> Tasche ist eine ganz besondere Sammler-Kelly in 20 cm, die nur einer VIP-Klientel angeboten wird.<\/p>\n","protected":false},"featured_media":4333,"template":"","meta":[],"product_brand":[2404],"product_cat":[347,350,351,344,346],"product_tag":[1637,1876],"class_list":{"0":"post-3783","1":"product","2":"type-product","3":"status-publish","4":"has-post-thumbnail","6":"product_brand-hermes-de","7":"product_cat-handtasche","8":"product_cat-schultertaschen","9":"product_cat-kleine-taschen","10":"product_cat-pochette-de","11":"product_cat-abendtasche","12":"product_tag-hermes-kelly-mini-de","13":"product_tag-kelly-mini-hss-de","14":"pa_brand-hermes-de","15":"pa_color-gruen","16":"pa_grade-grad-1","17":"pa_hermes-models-kelly-de","18":"pa_material-leder","20":"first","21":"outofstock","22":"sold-individually","23":"product-type-simple"},"_links":{"self":[{"href":"https:\/\/handbag-sense.com\/de\/wp-json\/wp\/v2\/product\/3783","targetHints":{"allow":["GET"]}}],"collection":[{"href":"https:\/\/handbag-sense.com\/de\/wp-json\/wp\/v2\/product"}],"about":[{"href":"https:\/\/handbag-sense.com\/de\/wp-json\/wp\/v2\/types\/product"}],"wp:featuredmedia":[{"embeddable":true,"href":"https:\/\/handbag-sense.com\/de\/wp-json\/wp\/v2\/media\/4333"}],"wp:attachment":[{"href":"https:\/\/handbag-sense.com\/de\/wp-json\/wp\/v2\/media?parent=3783"}],"wp:term":[{"taxonomy":"product_brand","embeddable":true,"href":"https:\/\/handbag-sense.com\/de\/wp-json\/wp\/v2\/product_brand?post=3783"},{"taxonomy":"product_cat","embeddable":true,"href":"https:\/\/handbag-sense.com\/de\/wp-json\/wp\/v2\/product_cat?post=3783"},{"taxonomy":"product_tag","embeddable":true,"href":"https:\/\/handbag-sense.com\/de\/wp-json\/wp\/v2\/product_tag?post=3783"}],"curies":[{"name":"wp","href":"https:\/\/api.w.org\/{rel}","templated":true}]}}