{"id":3577,"date":"2023-11-01T17:30:15","date_gmt":"2023-11-01T16:30:15","guid":{"rendered":"https:\/\/handbag-sense.com\/?post_type=product&#038;p=3577"},"modified":"2025-05-06T11:57:33","modified_gmt":"2025-05-06T09:57:33","slug":"kelly-mini-box-schwarz-gold-hardware","status":"publish","type":"product","link":"https:\/\/handbag-sense.com\/de\/produkt\/kelly-mini-box-schwarz-gold-hardware\/","title":{"rendered":"Kelly Mini Box Schwarz"},"content":{"rendered":"<div class=\"c-columns-m-1 c-columns-2 c-columns-gap-s\">\n<div><strong>Material:<\/strong> Epsom Leder<br \/>\n<strong>Farbe:<\/strong> schwarz<br \/>\n<strong>Metallelemente:<\/strong> Goldene Hardware<br \/>\n<strong>Innenmaterial:<\/strong> Leder<\/div>\n<div><strong>Grad:<\/strong> 1 <img decoding=\"async\" class=\"info_box alignnone size-medium wp-image-885\" title=\"Info\" role=\"img\" src=\"https:\/\/handbag-sense.com\/wp-content\/uploads\/2023\/05\/info_icon.svg\" alt=\"info box\" width=\"15\" height=\"15\" \/><br \/>\n<strong>Produktionsjahr\/Jahresstempel:<\/strong> 2022\/U<br \/>\n<strong>Gr\u00f6\u00dfe:<\/strong> 20 x 12 x 6 cm<br \/>\n<strong>Versand:<\/strong> Weltweit<\/div>\n<\/div>\n","protected":false},"excerpt":{"rendered":"<p><strong>Herm\u00e8s Kelly Mini Box schwarz goldene HW<\/strong>. Diese seltene Mini Kelly II im Sellier-Stil in der Farbe schwarz ist ein absoluter Hingucker. Die Tasche ist absolut neu aus Box Leder mit goldener Hardware, hat einen Verschluss vorne, einen einzigen Handgriff und einen abnehmbaren Schulterriemen. Der Innenraum ist mit Leder gef\u00fcttert und hat eine offene Tasche an der R\u00fcckwand. Die wundersch\u00f6ne mini Kelly Tasche aus dem Hause Herm\u00e8s gilt als absolute Ikone unter den Handtaschen und steht seit Jahrzehnten f\u00fcr Eleganz und Klasse. Mit dabei sind ein Schultergurt, Herm\u00e8s Staubbeutel, die Originalrechnung aus 2022 und die orangene Box. Sie befindet sich im brandneuen Zustand.<\/p>\n","protected":false},"featured_media":4474,"template":"","meta":[],"product_brand":[2404],"product_cat":[344,346],"product_tag":[],"class_list":{"0":"post-3577","1":"product","2":"type-product","3":"status-publish","4":"has-post-thumbnail","6":"product_brand-hermes-de","7":"product_cat-pochette-de","8":"product_cat-abendtasche","9":"pa_brand-hermes-de","10":"pa_color-gruen","11":"pa_grade-grad-1","12":"pa_hermes-models-kelly-de","13":"pa_material-leder","15":"first","16":"outofstock","17":"sold-individually","18":"shipping-taxable","19":"product-type-simple"},"_links":{"self":[{"href":"https:\/\/handbag-sense.com\/de\/wp-json\/wp\/v2\/product\/3577","targetHints":{"allow":["GET"]}}],"collection":[{"href":"https:\/\/handbag-sense.com\/de\/wp-json\/wp\/v2\/product"}],"about":[{"href":"https:\/\/handbag-sense.com\/de\/wp-json\/wp\/v2\/types\/product"}],"wp:featuredmedia":[{"embeddable":true,"href":"https:\/\/handbag-sense.com\/de\/wp-json\/wp\/v2\/media\/4474"}],"wp:attachment":[{"href":"https:\/\/handbag-sense.com\/de\/wp-json\/wp\/v2\/media?parent=3577"}],"wp:term":[{"taxonomy":"product_brand","embeddable":true,"href":"https:\/\/handbag-sense.com\/de\/wp-json\/wp\/v2\/product_brand?post=3577"},{"taxonomy":"product_cat","embeddable":true,"href":"https:\/\/handbag-sense.com\/de\/wp-json\/wp\/v2\/product_cat?post=3577"},{"taxonomy":"product_tag","embeddable":true,"href":"https:\/\/handbag-sense.com\/de\/wp-json\/wp\/v2\/product_tag?post=3577"}],"curies":[{"name":"wp","href":"https:\/\/api.w.org\/{rel}","templated":true}]}}