{"id":3565,"date":"2023-11-01T17:13:48","date_gmt":"2023-11-01T16:13:48","guid":{"rendered":"https:\/\/handbag-sense.com\/?post_type=product&#038;p=3565"},"modified":"2025-05-06T11:57:35","modified_gmt":"2025-05-06T09:57:35","slug":"kelly-25-sellier-epsom-vert-fizz-palladium-hardware","status":"publish","type":"product","link":"https:\/\/handbag-sense.com\/de\/produkt\/kelly-25-sellier-epsom-vert-fizz-palladium-hardware\/","title":{"rendered":"Kelly 25 Sellier Epsom Vert Fizz Epsom"},"content":{"rendered":"<div class=\"c-columns-m-1 c-columns-2 c-columns-gap-s\">\n<div><strong>Material:<\/strong> Epsom Leder<br \/>\n<strong>Farbe:<\/strong> Vert Fizz<br \/>\n<strong>Metallelemente:<\/strong> Palladium Hardware<br \/>\n<strong>Innenmaterial:<\/strong> Leder<\/div>\n<div><strong>Grad:<\/strong> 1 <img decoding=\"async\" class=\"info_box alignnone size-medium wp-image-885\" title=\"Info\" role=\"img\" src=\"https:\/\/handbag-sense.com\/wp-content\/uploads\/2023\/05\/info_icon.svg\" alt=\"info box\" width=\"15\" height=\"15\" \/><br \/>\n<strong>Produktionsjahr\/Jahresstempel:<\/strong> 2022\/U<br \/>\n<strong>Gr\u00f6\u00dfe:<\/strong> 25 x 19 x 9 cm<br \/>\n<strong>Versand:<\/strong> Weltweit<\/div>\n<\/div>\n","protected":false},"excerpt":{"rendered":"<p><a><strong>Herm\u00e8s Kelly 25 Vert Fizz Epsom Palladium Hardware<\/strong>. Diese Kelly in der Farbe Vert Fizz ist ein absoluter Hingucker und passt sowohl zu Jeans als auch zu Wei\u00df-, Gr\u00fcn- und Graut\u00f6nen sehr gut. Superschick zu Jeans und Sneakers, aber auch sehr elegant zu Kleidern und Highheels. Mit dabei sind ein Schloss mit zwei Schl\u00fcssel, der originale Tragegurt, der originale Staubbeutel, die Herm\u00e8s Box und die Originalrechnung, die Persona Daten sind geschw\u00e4rzt. Sie kann auch wunderbar als Crossbody getragen werden. Die Kelly Tasche aus dem Hause\u00a0<strong>Herm\u00e8s<\/strong>\u00a0gilt als absolute Ikone unter den Handtaschen und steht seit Jahrzehnten f\u00fcr Eleganz und Klasse. Die\u00a0<strong>Kelly\u00a0<\/strong><\/a><strong><a>25 Sellier Vert Fizz Epsom<\/a><\/strong><a>\u00a0Tasche ist brandneu und nie getragen.<\/a><\/p>\n","protected":false},"featured_media":3569,"template":"","meta":[],"product_brand":[2404],"product_cat":[347],"product_tag":[],"class_list":{"0":"post-3565","1":"product","2":"type-product","3":"status-publish","4":"has-post-thumbnail","6":"product_brand-hermes-de","7":"product_cat-handtasche","8":"pa_brand-hermes-de","9":"pa_color-schwarz","10":"pa_grade-grad-1","11":"pa_hermes-models-kelly-de","12":"pa_material-leder","14":"first","15":"outofstock","16":"sold-individually","17":"shipping-taxable","18":"product-type-simple"},"_links":{"self":[{"href":"https:\/\/handbag-sense.com\/de\/wp-json\/wp\/v2\/product\/3565","targetHints":{"allow":["GET"]}}],"collection":[{"href":"https:\/\/handbag-sense.com\/de\/wp-json\/wp\/v2\/product"}],"about":[{"href":"https:\/\/handbag-sense.com\/de\/wp-json\/wp\/v2\/types\/product"}],"wp:featuredmedia":[{"embeddable":true,"href":"https:\/\/handbag-sense.com\/de\/wp-json\/wp\/v2\/media\/3569"}],"wp:attachment":[{"href":"https:\/\/handbag-sense.com\/de\/wp-json\/wp\/v2\/media?parent=3565"}],"wp:term":[{"taxonomy":"product_brand","embeddable":true,"href":"https:\/\/handbag-sense.com\/de\/wp-json\/wp\/v2\/product_brand?post=3565"},{"taxonomy":"product_cat","embeddable":true,"href":"https:\/\/handbag-sense.com\/de\/wp-json\/wp\/v2\/product_cat?post=3565"},{"taxonomy":"product_tag","embeddable":true,"href":"https:\/\/handbag-sense.com\/de\/wp-json\/wp\/v2\/product_tag?post=3565"}],"curies":[{"name":"wp","href":"https:\/\/api.w.org\/{rel}","templated":true}]}}