{"id":3550,"date":"2023-11-01T15:50:11","date_gmt":"2023-11-01T14:50:11","guid":{"rendered":"https:\/\/handbag-sense.com\/?post_type=product&#038;p=3550"},"modified":"2025-05-06T11:57:38","modified_gmt":"2025-05-06T09:57:38","slug":"hermes-birkin-35-togo-gold-phw","status":"publish","type":"product","link":"https:\/\/handbag-sense.com\/de\/produkt\/hermes-birkin-35-togo-gold-phw\/","title":{"rendered":"Birkin 35 Togo Gold"},"content":{"rendered":"<div class=\"c-columns-m-1 c-columns-2 c-columns-gap-s\">\n<div><strong>Material:<\/strong> Togo Leder<br \/>\n<strong>Farbe:<\/strong> Gold<br \/>\n<strong>Metallelemente:<\/strong> Palladium Hardware<br \/>\n<strong>Innenmaterial:<\/strong> Leder<\/div>\n<div><strong>Grad:<\/strong> 1 <img decoding=\"async\" class=\"info_box alignnone size-medium wp-image-885\" title=\"Info\" role=\"img\" src=\"https:\/\/handbag-sense.com\/wp-content\/uploads\/2023\/05\/info_icon.svg\" alt=\"info box\" width=\"15\" height=\"15\" \/><br \/>\n<strong>Produktionsjahr \/ Buchstabe:<\/strong> 2023 \/ Jahresstempel B<br \/>\n<strong>Gr\u00f6\u00dfe:<\/strong> 35 x 25 x 18 cm<\/div>\n<\/div>\n<p><strong>Beinhaltet:<\/strong> Rechnung, Staubbeutel, Clochette, Schl\u00fcssel, Schloss, Filz, Booklet, Regenschutz, Box<\/p>\n","protected":false},"excerpt":{"rendered":"<p><strong>Herm\u00e8s Birkin 35 Togo Gold Palladium Hardware<\/strong>. Diese ikonische Birkin 35 Handtasche ist aus Togo Leder handgefertigt. Mit ihren markanten Kontrastn\u00e4hten und der Palladium Hardware verk\u00f6rpert diese Tasche Luxus in seiner reinsten Form. Die Birkin, ein zeitloses Symbol f\u00fcr modische Exzellenz, ist eine Ikone unter den Handtaschen und steht f\u00fcr unvergleichliche Eleganz und Klasse. Im Lieferumfang enthalten sind eine Clochette, ein Schloss mit zwei Schl\u00fcsseln, der Herm\u00e8s Staubbeutel und die charakteristische orangene Box. Die <strong>Herm\u00e8s Birkin Gold<\/strong> befindet sich im ungetragenen Zustand, die Originalrechnung von 2023 wird mitgeliefert.<\/p>\n","protected":false},"featured_media":3659,"template":"","meta":[],"product_brand":[2404],"product_cat":[347],"product_tag":[1500,2043,1501,1984],"class_list":{"0":"post-3550","1":"product","2":"type-product","3":"status-publish","4":"has-post-thumbnail","6":"product_brand-hermes-de","7":"product_cat-handtasche","8":"product_tag-birkin-35-gold-de","9":"product_tag-birkin-35-togo-de","10":"product_tag-hermes-birkin-35-de","11":"product_tag-hermes-birkin-tasche","12":"pa_brand-hermes-de","13":"pa_color-grau","14":"pa_grade-grad-1","15":"pa_hermes-models-birkin-de","16":"pa_material-leder","18":"first","19":"outofstock","20":"sold-individually","21":"product-type-simple"},"_links":{"self":[{"href":"https:\/\/handbag-sense.com\/de\/wp-json\/wp\/v2\/product\/3550","targetHints":{"allow":["GET"]}}],"collection":[{"href":"https:\/\/handbag-sense.com\/de\/wp-json\/wp\/v2\/product"}],"about":[{"href":"https:\/\/handbag-sense.com\/de\/wp-json\/wp\/v2\/types\/product"}],"wp:featuredmedia":[{"embeddable":true,"href":"https:\/\/handbag-sense.com\/de\/wp-json\/wp\/v2\/media\/3659"}],"wp:attachment":[{"href":"https:\/\/handbag-sense.com\/de\/wp-json\/wp\/v2\/media?parent=3550"}],"wp:term":[{"taxonomy":"product_brand","embeddable":true,"href":"https:\/\/handbag-sense.com\/de\/wp-json\/wp\/v2\/product_brand?post=3550"},{"taxonomy":"product_cat","embeddable":true,"href":"https:\/\/handbag-sense.com\/de\/wp-json\/wp\/v2\/product_cat?post=3550"},{"taxonomy":"product_tag","embeddable":true,"href":"https:\/\/handbag-sense.com\/de\/wp-json\/wp\/v2\/product_tag?post=3550"}],"curies":[{"name":"wp","href":"https:\/\/api.w.org\/{rel}","templated":true}]}}