{"id":3525,"date":"2023-10-27T16:22:51","date_gmt":"2023-10-27T14:22:51","guid":{"rendered":"https:\/\/handbag-sense.com\/?post_type=product&#038;p=3525"},"modified":"2025-05-06T13:03:19","modified_gmt":"2025-05-06T11:03:19","slug":"chanel-boy-bag-hellrosa","status":"publish","type":"product","link":"https:\/\/handbag-sense.com\/de\/produkt\/chanel-boy-bag-hellrosa\/","title":{"rendered":"Boy Bag Hellrosa"},"content":{"rendered":"<div class=\"c-columns-m-1 c-columns-2 c-columns-gap-s\">\n<div><strong>Material:<\/strong> L<label class=\"selectit\">eder<\/label><br \/>\n<strong>Farbe:<\/strong> Hellrosa<br \/>\n<strong>Metallelemente:<\/strong> Ruthenium Hardware<br \/>\n<strong>Innenmaterial:<\/strong> Textilinnenfutter<\/div>\n<div><strong>Grad:<\/strong> 4\u00a0<img decoding=\"async\" class=\"info_box alignnone size-medium wp-image-885\" title=\"Info\" role=\"img\" src=\"https:\/\/handbag-sense.com\/wp-content\/uploads\/2023\/05\/info_icon.svg\" alt=\"info box\" width=\"15\" height=\"15\" \/><br \/>\n<strong>Produktionsjahr \/ Seriennummer:<\/strong> 2016, beginnt mit 215\u2026<br \/>\n<strong>Gr\u00f6\u00dfe:<\/strong> 25 x 15 x 9 cm<\/div>\n<\/div>\n<p><strong>Beinhaltet:<\/strong> Rechnung, Staubbeutel, Box<\/p>\n","protected":false},"excerpt":{"rendered":"<p><strong>Chanel Boy Bag Hellrosa.<\/strong> Diese Traumtasche geh\u00f6rt zu den Klassikern von CHANEL und ist daher ein zeitloser, immer begehrter Alltagsbegleiter. Chanel Boy Bag ist aus Kalbsleder in der Farbe hellrosa, kombiniert mit einer in der L\u00e4nge verstellbaren Kette mit Ruthenium-Finish, so dass die Tasche lang oder kurz \u00fcber der Schulter getragen werden kann. Das Tascheninnere teilt sich auf in ein gro\u00dfes Hauptfach sowie ein Steckfach im inneren der Tasche. Verschlossen wird die Tasche durch das typische CC-Boy Push Lock. Die <strong>Chanel Boy Hellrosa <\/strong>befindet sich in einem sehr guten Zustand,\u00a0 wird mit dem Originalstaubbeutel, Chanel Box und der Originalrechnung geliefert.<\/p>\n","protected":false},"featured_media":18643,"template":"","meta":[],"product_brand":[2417],"product_cat":[347,350,345],"product_tag":[1493],"class_list":{"0":"post-3525","1":"product","2":"type-product","3":"status-publish","4":"has-post-thumbnail","6":"product_brand-chanel-de","7":"product_cat-handtasche","8":"product_cat-schultertaschen","9":"product_cat-crossbody-taschen","10":"product_tag-chanel-boy-bag-de","11":"pa_brand-chanel-de","12":"pa_chanel-models-boy-bag-de","13":"pa_color-schwarz","14":"pa_color-mehrfarbig","15":"pa_grade-grad-4","16":"pa_material-leder","17":"pa_material-tweed-de","19":"first","20":"instock","21":"shipping-taxable","22":"purchasable","23":"product-type-simple"},"_links":{"self":[{"href":"https:\/\/handbag-sense.com\/de\/wp-json\/wp\/v2\/product\/3525","targetHints":{"allow":["GET"]}}],"collection":[{"href":"https:\/\/handbag-sense.com\/de\/wp-json\/wp\/v2\/product"}],"about":[{"href":"https:\/\/handbag-sense.com\/de\/wp-json\/wp\/v2\/types\/product"}],"wp:featuredmedia":[{"embeddable":true,"href":"https:\/\/handbag-sense.com\/de\/wp-json\/wp\/v2\/media\/18643"}],"wp:attachment":[{"href":"https:\/\/handbag-sense.com\/de\/wp-json\/wp\/v2\/media?parent=3525"}],"wp:term":[{"taxonomy":"product_brand","embeddable":true,"href":"https:\/\/handbag-sense.com\/de\/wp-json\/wp\/v2\/product_brand?post=3525"},{"taxonomy":"product_cat","embeddable":true,"href":"https:\/\/handbag-sense.com\/de\/wp-json\/wp\/v2\/product_cat?post=3525"},{"taxonomy":"product_tag","embeddable":true,"href":"https:\/\/handbag-sense.com\/de\/wp-json\/wp\/v2\/product_tag?post=3525"}],"curies":[{"name":"wp","href":"https:\/\/api.w.org\/{rel}","templated":true}]}}