{"id":3519,"date":"2023-10-25T16:57:24","date_gmt":"2023-10-25T14:57:24","guid":{"rendered":"https:\/\/handbag-sense.com\/?post_type=product&#038;p=3519"},"modified":"2025-05-06T14:58:50","modified_gmt":"2025-05-06T12:58:50","slug":"dior-lady-medium-hellrosa","status":"publish","type":"product","link":"https:\/\/handbag-sense.com\/de\/produkt\/dior-lady-medium-hellrosa\/","title":{"rendered":"Lady Medium Hellrosa"},"content":{"rendered":"<div class=\"c-columns-m-1 c-columns-2 c-columns-gap-s\">\n<div><strong>Material:<\/strong> Kalbsleder<br \/>\n<strong>Farbe:<\/strong> hellrosa<br \/>\n<strong>Metallelemente:<\/strong> goldene Hardware<br \/>\n<strong>Innenmaterial:<\/strong> Textilfutter<\/div>\n<div><strong>Note:<\/strong> 3 <img decoding=\"async\" class=\"info_box alignnone size-medium wp-image-885\" title=\"Info\" role=\"img\" src=\"https:\/\/handbag-sense.com\/wp-content\/uploads\/2023\/05\/info_icon.svg\" alt=\"info box\" width=\"15\" height=\"15\" \/><br \/>\n<strong>Produktionsjahr:<\/strong> 2014<br \/>\n<strong>Gr\u00f6\u00dfe:<\/strong> 24 x 20 x 10 cm<\/div>\n<\/div>\n<p><strong>Enth\u00e4lt:<\/strong> ID-Karte, Gurt, Staubbeutel<\/p>\n","protected":false},"excerpt":{"rendered":"<p><strong>Dior Lady Medium Hellrosa.<\/strong> Diese mittelgro\u00dfe Dior Tasche ist aus hellrosa Kalbsleder gefertigt und hat einen engen, abnehmbaren Schulterriemen aus Leder, so dass sie in der Hand oder als Umh\u00e4ngetasche getragen werden kann. Das Innere der Tasche besteht aus Stoff und ist in ein Hauptfach mit Rei\u00dfverschlusstasche unterteilt. Die D.I.O.R.-Metallanh\u00e4nger mit Gold-Finish verleihen einen modernen Touch und bestehen aus 43 Metallteilen - von den ikonischen Logo-Tags bis hin zu den F\u00fc\u00dfen und \u00d6sen. Die Tasche ist in ausgezeichnetem Zustand. Der Staubbeutel, die ID-Karte und der Gurt sind im Lieferumfang enthalten.<\/p>\n","protected":false},"featured_media":4349,"template":"","meta":[],"product_brand":[2423],"product_cat":[347,346],"product_tag":[],"class_list":{"0":"post-3519","1":"product","2":"type-product","3":"status-publish","4":"has-post-thumbnail","6":"product_brand-dior-de","7":"product_cat-handtasche","8":"product_cat-abendtasche","9":"pa_brand-dior-de","10":"pa_color-rosa-de","11":"pa_grade-grad-3","12":"pa_material-leder","14":"first","15":"outofstock","16":"shipping-taxable","17":"product-type-simple"},"_links":{"self":[{"href":"https:\/\/handbag-sense.com\/de\/wp-json\/wp\/v2\/product\/3519","targetHints":{"allow":["GET"]}}],"collection":[{"href":"https:\/\/handbag-sense.com\/de\/wp-json\/wp\/v2\/product"}],"about":[{"href":"https:\/\/handbag-sense.com\/de\/wp-json\/wp\/v2\/types\/product"}],"wp:featuredmedia":[{"embeddable":true,"href":"https:\/\/handbag-sense.com\/de\/wp-json\/wp\/v2\/media\/4349"}],"wp:attachment":[{"href":"https:\/\/handbag-sense.com\/de\/wp-json\/wp\/v2\/media?parent=3519"}],"wp:term":[{"taxonomy":"product_brand","embeddable":true,"href":"https:\/\/handbag-sense.com\/de\/wp-json\/wp\/v2\/product_brand?post=3519"},{"taxonomy":"product_cat","embeddable":true,"href":"https:\/\/handbag-sense.com\/de\/wp-json\/wp\/v2\/product_cat?post=3519"},{"taxonomy":"product_tag","embeddable":true,"href":"https:\/\/handbag-sense.com\/de\/wp-json\/wp\/v2\/product_tag?post=3519"}],"curies":[{"name":"wp","href":"https:\/\/api.w.org\/{rel}","templated":true}]}}