{"id":3502,"date":"2023-10-24T17:00:37","date_gmt":"2023-10-24T15:00:37","guid":{"rendered":"https:\/\/handbag-sense.com\/?post_type=product&#038;p=3502"},"modified":"2025-05-06T11:57:40","modified_gmt":"2025-05-06T09:57:40","slug":"hermes-constance-24-epsom-bougainvillier","status":"publish","type":"product","link":"https:\/\/handbag-sense.com\/de\/produkt\/hermes-constance-24-epsom-bougainvillier\/","title":{"rendered":"Constance 24 Epsom Bougainvillier"},"content":{"rendered":"<div class=\"c-columns-m-1 c-columns-2 c-columns-gap-s\">\n<div><strong>Material:<\/strong> Epsom Leder<br \/>\n<strong>Farbe:<\/strong> Bougainvillier<br \/>\n<strong>Metallelemente:<\/strong> Gold Hardware<br \/>\n<strong>Inner material:<\/strong> Leder<\/div>\n<div><strong>Note: <\/strong>3,5 <img decoding=\"async\" class=\"info_box alignnone size-medium wp-image-885\" title=\"Info\" role=\"img\" src=\"https:\/\/handbag-sense.com\/wp-content\/uploads\/2023\/05\/info_icon.svg\" alt=\"info box\" width=\"15\" height=\"15\" \/><br \/>\n<strong>Produktionsjahr \/ Stempel:<\/strong> 2020 \/ Y<br \/>\n<strong>Gr\u00f6\u00dfe:<\/strong> 24 x 18 x 5 cm<br \/>\n<strong>Versand:<\/strong> Weltweit<\/div>\n<\/div>\n<p><strong>Enth\u00e4lt:<\/strong> Originalrechnung, Staubbeutel, Originalbox<\/p>\n","protected":false},"excerpt":{"rendered":"<p><strong>Herm\u00e8s Constance 24 Epsom Bougainvillier Gold Hardware. <\/strong>Die <strong>Herm\u00e8s Constance 24<\/strong> in Bougainvillier, handgefertigt aus Epsom Leder, verbindet Eleganz mit Funktionalit\u00e4t. Diese ausgefallene Constance Tasche, die sich durch ihre leuchtend rote Farbe und die goldenen Beschl\u00e4ge auszeichnet, ist ein echter Hingucker. Es verf\u00fcgt \u00fcber farblich abgestimmte N\u00e4hte, einen charakteristischen \"H\"-Metallverschluss und einen praktischen Schulterriemen. Der Innenraum ist mit Leder gef\u00fcttert und verf\u00fcgt \u00fcber eine Rei\u00dfverschlusstasche mit Herm\u00e8s-Gravur. Die <strong>Constance 24<\/strong> <strong>Bougainvillier<\/strong> befindet sich in einem sehr guten Zustand, weist jedoch Kratzer auf der Hardware auf. Enthalten sind der Herm\u00e8s-Staubbeutel, die originale orangefarbene Box und die Originalrechnung aus dem Jahr 2020. Ein exquisites St\u00fcck f\u00fcr Liebhaber von Luxus-Accessoires.<\/p>\n","protected":false},"featured_media":4027,"template":"","meta":[],"product_brand":[2404],"product_cat":[347,345],"product_tag":[1927,1447,1448,1926],"class_list":{"0":"post-3502","1":"product","2":"type-product","3":"status-publish","4":"has-post-thumbnail","6":"product_brand-hermes-de","7":"product_cat-handtasche","8":"product_cat-crossbody-taschen","9":"product_tag-constance-epsom-bougainvillier-de","10":"product_tag-hermes-constance-24-de","11":"product_tag-hermes-constance-bougainvillier-de","12":"product_tag-konstanz-24-bougainvillier","13":"pa_brand-hermes-de","14":"pa_color-bordeaux-de","15":"pa_color-rot","16":"pa_grade-grad-4","17":"pa_hermes-models-constance-de","18":"pa_material-leder","20":"first","21":"outofstock","22":"shipping-taxable","23":"product-type-simple"},"_links":{"self":[{"href":"https:\/\/handbag-sense.com\/de\/wp-json\/wp\/v2\/product\/3502","targetHints":{"allow":["GET"]}}],"collection":[{"href":"https:\/\/handbag-sense.com\/de\/wp-json\/wp\/v2\/product"}],"about":[{"href":"https:\/\/handbag-sense.com\/de\/wp-json\/wp\/v2\/types\/product"}],"wp:featuredmedia":[{"embeddable":true,"href":"https:\/\/handbag-sense.com\/de\/wp-json\/wp\/v2\/media\/4027"}],"wp:attachment":[{"href":"https:\/\/handbag-sense.com\/de\/wp-json\/wp\/v2\/media?parent=3502"}],"wp:term":[{"taxonomy":"product_brand","embeddable":true,"href":"https:\/\/handbag-sense.com\/de\/wp-json\/wp\/v2\/product_brand?post=3502"},{"taxonomy":"product_cat","embeddable":true,"href":"https:\/\/handbag-sense.com\/de\/wp-json\/wp\/v2\/product_cat?post=3502"},{"taxonomy":"product_tag","embeddable":true,"href":"https:\/\/handbag-sense.com\/de\/wp-json\/wp\/v2\/product_tag?post=3502"}],"curies":[{"name":"wp","href":"https:\/\/api.w.org\/{rel}","templated":true}]}}