{"id":3156,"date":"2023-10-16T15:42:44","date_gmt":"2023-10-16T13:42:44","guid":{"rendered":"https:\/\/handbag-sense.com\/?post_type=product&#038;p=3156"},"modified":"2025-05-06T11:57:45","modified_gmt":"2025-05-06T09:57:45","slug":"hermes-birkin-30-togo-schwarz-gold-hardware","status":"publish","type":"product","link":"https:\/\/handbag-sense.com\/de\/produkt\/hermes-birkin-30-togo-schwarz-gold-hardware\/","title":{"rendered":"Birkin 30 Togo Schwarz"},"content":{"rendered":"<div class=\"c-columns-m-1 c-columns-2 c-columns-gap-s\">\n<div><strong>Material:<\/strong> Togo Leder<br \/>\n<strong>Farbe:<\/strong> schwarz<br \/>\n<strong>Metallelemente:<\/strong> Goldene Hardware<br \/>\n<strong>Innenmaterial:<\/strong> Leder<\/div>\n<div><strong>Grad:<\/strong> 2 <img decoding=\"async\" class=\"info_box alignnone size-medium wp-image-885\" title=\"Info\" role=\"img\" src=\"https:\/\/handbag-sense.com\/wp-content\/uploads\/2023\/05\/info_icon.svg\" alt=\"info box\" width=\"15\" height=\"15\" \/><br \/>\n<strong>Produktionsjahr \/ Stempel:<\/strong> 2022 \/ U<br \/>\n<strong>Gr\u00f6\u00dfe:<\/strong> 30 x 22 x 16 cm<br \/>\n<strong>Versand:<\/strong> Weltweit<\/div>\n<\/div>\n","protected":false},"excerpt":{"rendered":"<p><strong>Herm\u00e8s Birkin 30 Togo Gris Meyer Gold Hardware<\/strong>. Diese seltene Birkin 30 Handtasche aus Togo Leder ist in der Farbe Gris Meyer mit Gold Hardware. Die wundersch\u00f6ne Birkin Tasche aus dem Hause\u00a0<strong>Herm\u00e8s<\/strong>\u00a0gilt als absolute Ikone unter den Handtaschen und steht seit Jahrzehnten f\u00fcr Eleganz und Klasse. Mit dabei sind eine Clochette, ein Schloss mit 2x Schl\u00fcssel, Herm\u00e8s Staubbeutel und die orangene Box. Die\u00a0<strong>Herm\u00e8s Birkin<span style=\"color: black;\">30 schwarz Tasche w<\/span><\/strong><span style=\"color: black;\">urde 2 mal ausgef\u00fchrt und befindet sich im neuwertigen Zustand,\u00a0 die Folien sind teilweise an der Hardware intakt. Die Originalrechnung von 2022 wird mitgeliefert.\u00a0<\/span><\/p>\n","protected":false},"featured_media":3172,"template":"","meta":[],"product_brand":[2404],"product_cat":[347],"product_tag":[2283,2049,1412,1984],"class_list":{"0":"post-3156","1":"product","2":"type-product","3":"status-publish","4":"has-post-thumbnail","6":"product_brand-hermes-de","7":"product_cat-handtasche","8":"product_tag-birkin-30-schwarz","9":"product_tag-birkin-30-togo-de","10":"product_tag-hermes-birkin-30-de","11":"product_tag-hermes-birkin-tasche","12":"pa_brand-hermes-de","13":"pa_color-schwarz","14":"pa_grade-grad-2","15":"pa_hermes-models-birkin-de","16":"pa_material-leder","18":"first","19":"outofstock","20":"sold-individually","21":"product-type-simple"},"_links":{"self":[{"href":"https:\/\/handbag-sense.com\/de\/wp-json\/wp\/v2\/product\/3156","targetHints":{"allow":["GET"]}}],"collection":[{"href":"https:\/\/handbag-sense.com\/de\/wp-json\/wp\/v2\/product"}],"about":[{"href":"https:\/\/handbag-sense.com\/de\/wp-json\/wp\/v2\/types\/product"}],"wp:featuredmedia":[{"embeddable":true,"href":"https:\/\/handbag-sense.com\/de\/wp-json\/wp\/v2\/media\/3172"}],"wp:attachment":[{"href":"https:\/\/handbag-sense.com\/de\/wp-json\/wp\/v2\/media?parent=3156"}],"wp:term":[{"taxonomy":"product_brand","embeddable":true,"href":"https:\/\/handbag-sense.com\/de\/wp-json\/wp\/v2\/product_brand?post=3156"},{"taxonomy":"product_cat","embeddable":true,"href":"https:\/\/handbag-sense.com\/de\/wp-json\/wp\/v2\/product_cat?post=3156"},{"taxonomy":"product_tag","embeddable":true,"href":"https:\/\/handbag-sense.com\/de\/wp-json\/wp\/v2\/product_tag?post=3156"}],"curies":[{"name":"wp","href":"https:\/\/api.w.org\/{rel}","templated":true}]}}