{"id":3021,"date":"2023-10-09T15:36:37","date_gmt":"2023-10-09T13:36:37","guid":{"rendered":"https:\/\/handbag-sense.com\/?post_type=product&#038;p=3021"},"modified":"2025-05-06T11:57:49","modified_gmt":"2025-05-06T09:57:49","slug":"hermes-birkin-30-togo-gris-meyer-gold-hardware","status":"publish","type":"product","link":"https:\/\/handbag-sense.com\/de\/produkt\/hermes-birkin-30-togo-gris-meyer-gold-hardware\/","title":{"rendered":"Birkin 30 Togo Gris Meyer"},"content":{"rendered":"<div class=\"c-columns-m-1 c-columns-2 c-columns-gap-s\">\n<div><strong>Material:<\/strong> Togo Leder<br \/>\n<strong>Farbe:<\/strong> Gris Meyer<br \/>\n<strong>Metallelemente:<\/strong> Goldene Hardware<br \/>\n<strong>Innenmaterial:<\/strong> Leder<\/div>\n<div><strong>Grad:<\/strong> 1 <img decoding=\"async\" class=\"info_box alignnone size-medium wp-image-885\" title=\"Info\" role=\"img\" src=\"https:\/\/handbag-sense.com\/wp-content\/uploads\/2023\/05\/info_icon.svg\" alt=\"info box\" width=\"15\" height=\"15\" \/><br \/>\n<strong>Produktionsjahr \/ Stempel:<\/strong> 2023 \/ B<br \/>\n<strong>Gr\u00f6\u00dfe:<\/strong> 30 x 22 x 16 cm<br \/>\n<strong>Versand:<\/strong> Weltweit<\/div>\n<\/div>\n<p><strong>Beinhaltet:<\/strong> Originalrechnung, Staubbeutel, Clochette, Schloss, Schl\u00fcssel, Filz, Regenschutz, Booklet, Box<\/p>\n","protected":false},"excerpt":{"rendered":"<p><strong>Herm\u00e8s Birkin 30 Togo Gris Meyer Gold Hardware<\/strong>. Diese seltene Birkin 30 Handtasche aus Togo Leder ist in der Farbe Gris Meyer mit Gold Hardware. Die wundersch\u00f6ne Birkin Tasche aus dem Hause\u00a0<strong>Herm\u00e8s<\/strong>\u00a0gilt als absolute Ikone unter den Handtaschen und steht seit Jahrzehnten f\u00fcr Eleganz und Klasse. Mit dabei sind eine Clochette, ein Schloss mit 2x Schl\u00fcssel, Herm\u00e8s Staubbeutel und die orangene Box. Die\u00a0<strong>Herm\u00e8s Birkin Gris Meyer<\/strong> befindet sich im brandneuen Zustand, die Originalrechnung von 2023 wird mitgeliefert.<\/p>\n","protected":false},"featured_media":4093,"template":"","meta":[],"product_brand":[2404],"product_cat":[347],"product_tag":[2049,2042,1412,1984],"class_list":{"0":"post-3021","1":"product","2":"type-product","3":"status-publish","4":"has-post-thumbnail","6":"product_brand-hermes-de","7":"product_cat-handtasche","8":"product_tag-birkin-30-togo-de","9":"product_tag-birkin-gris-meyer-de","10":"product_tag-hermes-birkin-30-de","11":"product_tag-hermes-birkin-tasche","12":"pa_brand-hermes-de","13":"pa_color-grau","14":"pa_grade-grad-1","15":"pa_hermes-models-birkin-de","16":"pa_material-leder","18":"first","19":"outofstock","20":"sold-individually","21":"product-type-simple"},"_links":{"self":[{"href":"https:\/\/handbag-sense.com\/de\/wp-json\/wp\/v2\/product\/3021","targetHints":{"allow":["GET"]}}],"collection":[{"href":"https:\/\/handbag-sense.com\/de\/wp-json\/wp\/v2\/product"}],"about":[{"href":"https:\/\/handbag-sense.com\/de\/wp-json\/wp\/v2\/types\/product"}],"wp:featuredmedia":[{"embeddable":true,"href":"https:\/\/handbag-sense.com\/de\/wp-json\/wp\/v2\/media\/4093"}],"wp:attachment":[{"href":"https:\/\/handbag-sense.com\/de\/wp-json\/wp\/v2\/media?parent=3021"}],"wp:term":[{"taxonomy":"product_brand","embeddable":true,"href":"https:\/\/handbag-sense.com\/de\/wp-json\/wp\/v2\/product_brand?post=3021"},{"taxonomy":"product_cat","embeddable":true,"href":"https:\/\/handbag-sense.com\/de\/wp-json\/wp\/v2\/product_cat?post=3021"},{"taxonomy":"product_tag","embeddable":true,"href":"https:\/\/handbag-sense.com\/de\/wp-json\/wp\/v2\/product_tag?post=3021"}],"curies":[{"name":"wp","href":"https:\/\/api.w.org\/{rel}","templated":true}]}}