{"id":2965,"date":"2023-10-09T11:11:52","date_gmt":"2023-10-09T09:11:52","guid":{"rendered":"https:\/\/handbag-sense.com\/?post_type=product&#038;p=2965"},"modified":"2025-05-06T13:03:24","modified_gmt":"2025-05-06T11:03:24","slug":"chanel-medium-classic-double-flap-bag-pink","status":"publish","type":"product","link":"https:\/\/handbag-sense.com\/de\/produkt\/chanel-medium-classic-double-flap-bag-pink\/","title":{"rendered":"Mittelgro\u00dfe klassische Tasche mit doppelter Klappe, Pink"},"content":{"rendered":"<div class=\"c-columns-m-1 c-columns-2 c-columns-gap-s\">\n<div><strong>Material:<\/strong> Lammfell<br \/>\n<strong>Farbe:<\/strong> Rosa<br \/>\n<strong>Metallelemente:<\/strong> Silberne Hardware<br \/>\n<strong>Inner material:<\/strong> Leder<\/div>\n<div><strong>Note: <\/strong> 4  <img decoding=\"async\" class=\"info_box alignnone size-medium wp-image-885\" title=\"Info\" role=\"img\" src=\"https:\/\/handbag-sense.com\/wp-content\/uploads\/2023\/05\/info_icon.svg\" alt=\"info box\" width=\"15\" height=\"15\"><br \/>\n<strong>Baujahr\/Seriennummer:<\/strong> 2019, beginnend mit 265...<br \/>\n<strong>Gr\u00f6\u00dfe:<\/strong> 25,5 x 15,5 x 6,5 cm<\/div>\n<\/div>\n","protected":false},"excerpt":{"rendered":"<p><strong>Chanel Medium Klassische Tasche mit doppelter Klappe, Rosa.<\/strong>  Die Medium Double Flap Handtasche ist ein klassischer und zeitloser Chanel. Diese Tasche ist ideal f\u00fcr jeden Anlass und bietet genug Platz f\u00fcr alles. Der Medium Double Flap ist aus Lammfell in der Farbe Pink gefertigt, hat einen gewebten Kettenriemen und einen CC-Verschluss in Silber-Finish. Die Tasche ist in ein Hauptfach, eine Tasche und ein Rei\u00dfverschlussfach unterteilt. Auf der R\u00fcckseite der Tasche befindet sich eine weitere aufgesetzte Tasche. Das Innenfutter besteht aus Leder in der Farbe Rosa. Die Tasche kann sowohl \u00fcber der Schulter als auch als Umh\u00e4ngetasche getragen werden. Eine bequeme und elegante Handtasche, die zu den beliebten Klassikern von Chanel geh\u00f6rt. Die Tasche wurde selten getragen und ist in ausgezeichnetem Zustand, wird mit Chanel-Staubbeutel, Chanel-Box und Entrupy-Echtheitszertifikat geliefert.<\/p>\n","protected":false},"featured_media":2914,"template":"","meta":[],"product_brand":[2417],"product_cat":[347],"product_tag":[2126,1928,1931],"class_list":{"0":"post-2965","1":"product","2":"type-product","3":"status-publish","4":"has-post-thumbnail","6":"product_brand-chanel-de","7":"product_cat-handtasche","8":"product_tag-chanel-medium-classic-de","9":"product_tag-chanel-mittelrosa","10":"product_tag-chanel-rosa","11":"pa_brand-chanel-de","12":"pa_chanel-models-timeless-classique-de","13":"pa_color-pink-de","14":"pa_color-rosa-de","15":"pa_grade-grad-4","16":"pa_material-leder","18":"first","19":"outofstock","20":"sold-individually","21":"product-type-simple"},"_links":{"self":[{"href":"https:\/\/handbag-sense.com\/de\/wp-json\/wp\/v2\/product\/2965","targetHints":{"allow":["GET"]}}],"collection":[{"href":"https:\/\/handbag-sense.com\/de\/wp-json\/wp\/v2\/product"}],"about":[{"href":"https:\/\/handbag-sense.com\/de\/wp-json\/wp\/v2\/types\/product"}],"wp:featuredmedia":[{"embeddable":true,"href":"https:\/\/handbag-sense.com\/de\/wp-json\/wp\/v2\/media\/2914"}],"wp:attachment":[{"href":"https:\/\/handbag-sense.com\/de\/wp-json\/wp\/v2\/media?parent=2965"}],"wp:term":[{"taxonomy":"product_brand","embeddable":true,"href":"https:\/\/handbag-sense.com\/de\/wp-json\/wp\/v2\/product_brand?post=2965"},{"taxonomy":"product_cat","embeddable":true,"href":"https:\/\/handbag-sense.com\/de\/wp-json\/wp\/v2\/product_cat?post=2965"},{"taxonomy":"product_tag","embeddable":true,"href":"https:\/\/handbag-sense.com\/de\/wp-json\/wp\/v2\/product_tag?post=2965"}],"curies":[{"name":"wp","href":"https:\/\/api.w.org\/{rel}","templated":true}]}}