{"id":2963,"date":"2023-10-09T10:56:45","date_gmt":"2023-10-09T08:56:45","guid":{"rendered":"https:\/\/handbag-sense.com\/?post_type=product&#038;p=2963"},"modified":"2025-05-06T11:57:51","modified_gmt":"2025-05-06T09:57:51","slug":"hermes-kelly-32-epsom-sellier-blue-jean-palladium-hw","status":"publish","type":"product","link":"https:\/\/handbag-sense.com\/de\/produkt\/hermes-kelly-32-epsom-sellier-blue-jean-palladium-hw\/","title":{"rendered":"Kelly 32 Epsom Sellier Blue Jean"},"content":{"rendered":"<div class=\"c-columns-m-1 c-columns-2 c-columns-gap-s\">\n<div><strong>Material:<\/strong> Epsom Leder<br \/>\n<strong>Farbe:<\/strong> Blue Jean<br \/>\n<strong>Metallelemente:<\/strong> Palladium Hardware<br \/>\n<strong>Innenmaterial:<\/strong> Leder<\/div>\n<div><strong>Grad:<\/strong> 3 <img decoding=\"async\" class=\"info_box alignnone size-medium wp-image-885\" title=\"Info\" role=\"img\" src=\"https:\/\/handbag-sense.com\/wp-content\/uploads\/2023\/05\/info_icon.svg\" alt=\"info box\" width=\"15\" height=\"15\" \/><br \/>\n<strong>Produktionsjahr\/Jahresstempel:<\/strong> 2006\/J<br \/>\n<strong>Gr\u00f6\u00dfe:<\/strong> 32 x 23 x 10,5 cm<br \/>\n<strong>Versand:<\/strong> Weltweit<\/p>\n<div><\/div>\n<div><strong>Condition:<\/strong> Used<\/div>\n<\/div>\n<\/div>\n<p><strong>Beinhaltet:<\/strong> Staubbeutel, Schulterriemen, Clochette, Schloss, Schl\u00fcssel<\/p>\n","protected":false},"excerpt":{"rendered":"<p><strong>Herm\u00e8s Kelly 32 Epsom Sellier Blue Jean Palladium Hardware.<\/strong>\u00a0Diese Kelly 32 Sellier Tasche in der Farbe Blue Jean ist aus strapazierf\u00e4higem Epsom Leder mit Palladium Hardware. Mit dabei sind ein Schloss, zwei Schl\u00fcssel, der originale Tragegurt und Herm\u00e8s Staubbeutel. Sie kann auch wunderbar als Crossbody getragen werden. Die Kelly Tasche aus dem Hause Herm\u00e8s gilt als absolute Ikone unter den Handtaschen und steht seit Jahrzehnten f\u00fcr Eleganz und Klasse. Die\u00a0<strong>Kelly Sellier<\/strong>\u00a0Tasche ist im Jahr 2006 hergestellt worden, hat Stempel J, befindet sich im exzellenten Zustand, teilweisen sind die Folien an der Hardware intakt.<\/p>\n","protected":false},"featured_media":2942,"template":"","meta":[],"product_brand":[2404],"product_cat":[347],"product_tag":[1626,1573],"class_list":{"0":"post-2963","1":"product","2":"type-product","3":"status-publish","4":"has-post-thumbnail","6":"product_brand-hermes-de","7":"product_cat-handtasche","8":"product_tag-hermes-kelly-32-de","9":"product_tag-hermes-kelly-sellier-de","10":"pa_brand-hermes-de","11":"pa_color-blau","12":"pa_grade-grad-3","13":"pa_hermes-models-kelly-de","14":"pa_material-leder","16":"first","17":"outofstock","18":"sold-individually","19":"shipping-taxable","20":"product-type-simple"},"_links":{"self":[{"href":"https:\/\/handbag-sense.com\/de\/wp-json\/wp\/v2\/product\/2963","targetHints":{"allow":["GET"]}}],"collection":[{"href":"https:\/\/handbag-sense.com\/de\/wp-json\/wp\/v2\/product"}],"about":[{"href":"https:\/\/handbag-sense.com\/de\/wp-json\/wp\/v2\/types\/product"}],"wp:featuredmedia":[{"embeddable":true,"href":"https:\/\/handbag-sense.com\/de\/wp-json\/wp\/v2\/media\/2942"}],"wp:attachment":[{"href":"https:\/\/handbag-sense.com\/de\/wp-json\/wp\/v2\/media?parent=2963"}],"wp:term":[{"taxonomy":"product_brand","embeddable":true,"href":"https:\/\/handbag-sense.com\/de\/wp-json\/wp\/v2\/product_brand?post=2963"},{"taxonomy":"product_cat","embeddable":true,"href":"https:\/\/handbag-sense.com\/de\/wp-json\/wp\/v2\/product_cat?post=2963"},{"taxonomy":"product_tag","embeddable":true,"href":"https:\/\/handbag-sense.com\/de\/wp-json\/wp\/v2\/product_tag?post=2963"}],"curies":[{"name":"wp","href":"https:\/\/api.w.org\/{rel}","templated":true}]}}