{"id":2960,"date":"2023-10-09T10:01:43","date_gmt":"2023-10-09T08:01:43","guid":{"rendered":"https:\/\/handbag-sense.com\/?post_type=product&#038;p=2960"},"modified":"2025-05-06T13:03:26","modified_gmt":"2025-05-06T11:03:26","slug":"chanel-medium-classic-double-flap-bag-rot","status":"publish","type":"product","link":"https:\/\/handbag-sense.com\/de\/produkt\/chanel-medium-classic-double-flap-bag-rot\/","title":{"rendered":"Medium Classic Double Flap Bag Rot"},"content":{"rendered":"<div class=\"c-columns-m-1 c-columns-2 c-columns-gap-s\">\n<div><strong>Material:<\/strong> Lammleder<br \/>\n<strong>Farbe:<\/strong> Rot<br \/>\n<strong>Metallelemente:<\/strong> Silberne Hardware<br \/>\n<strong>Inner material:<\/strong> Leder<\/div>\n<div><strong>Note: <\/strong> 4 <img decoding=\"async\" class=\"info_box alignnone size-medium wp-image-885\" title=\"Info\" role=\"img\" src=\"https:\/\/handbag-sense.com\/wp-content\/uploads\/2023\/05\/info_icon.svg\" alt=\"info box\" width=\"15\" height=\"15\" \/><br \/>\n<strong>Baujahr\/Seriennummer:<\/strong> 2011, beginnt mit 173...<br \/>\n<strong>Gr\u00f6\u00dfe:<\/strong> 25,5 x 15,5 x 6,5 cm<\/div>\n<\/div>\n<p><strong>Enth\u00e4lt:<\/strong> Entrupy Zertifikat, Staubbeutel<\/p>\n","protected":false},"excerpt":{"rendered":"<p><strong>Chanel Medium Classic Double Flap in Rot.<\/strong> Die Medium Double Flap Handtasche ist ein klassischer und zeitloser Chanel. Diese Tasche ist ideal f\u00fcr jeden Anlass und bietet genug Platz f\u00fcr alles. Der Medium Double Flap ist aus Lammleder in der Farbe Rot gefertigt, hat einen gewebten Kettenriemen und ein CC-Schloss in Silber-Finish. Die Tasche ist in ein Hauptfach, eine Tasche und ein Rei\u00dfverschlussfach unterteilt. Auf der R\u00fcckseite der Tasche befindet sich eine weitere aufgesetzte Tasche. Das Innenfutter besteht aus Leder in der Farbe Rot. Die Tasche kann sowohl \u00fcber der Schulter als auch als Umh\u00e4ngetasche getragen werden. Eine bequeme und elegante Handtasche, die zu den beliebten Klassikern von Chanel geh\u00f6rt. Die Tasche ist insgesamt in einem sehr guten Zustand, weist jedoch im Inneren der Tasche einen deutlichen Geruch nach einem Reinigungs- oder Pflegemittel auf.\u00a0 Sie wird mit Chanel-Staubbeutel und Entrupy-Echtheitszertifikat geliefert.<\/p>\n","protected":false},"featured_media":2928,"template":"","meta":[],"product_brand":[2417],"product_cat":[347,350],"product_tag":[],"class_list":{"0":"post-2960","1":"product","2":"type-product","3":"status-publish","4":"has-post-thumbnail","6":"product_brand-chanel-de","7":"product_cat-handtasche","8":"product_cat-schultertaschen","9":"pa_brand-chanel-de","10":"pa_chanel-models-timeless-classique-de","11":"pa_color-rot","12":"pa_grade-grad-4","13":"pa_material-leder","15":"first","16":"outofstock","17":"shipping-taxable","18":"purchasable","19":"product-type-simple"},"_links":{"self":[{"href":"https:\/\/handbag-sense.com\/de\/wp-json\/wp\/v2\/product\/2960","targetHints":{"allow":["GET"]}}],"collection":[{"href":"https:\/\/handbag-sense.com\/de\/wp-json\/wp\/v2\/product"}],"about":[{"href":"https:\/\/handbag-sense.com\/de\/wp-json\/wp\/v2\/types\/product"}],"wp:featuredmedia":[{"embeddable":true,"href":"https:\/\/handbag-sense.com\/de\/wp-json\/wp\/v2\/media\/2928"}],"wp:attachment":[{"href":"https:\/\/handbag-sense.com\/de\/wp-json\/wp\/v2\/media?parent=2960"}],"wp:term":[{"taxonomy":"product_brand","embeddable":true,"href":"https:\/\/handbag-sense.com\/de\/wp-json\/wp\/v2\/product_brand?post=2960"},{"taxonomy":"product_cat","embeddable":true,"href":"https:\/\/handbag-sense.com\/de\/wp-json\/wp\/v2\/product_cat?post=2960"},{"taxonomy":"product_tag","embeddable":true,"href":"https:\/\/handbag-sense.com\/de\/wp-json\/wp\/v2\/product_tag?post=2960"}],"curies":[{"name":"wp","href":"https:\/\/api.w.org\/{rel}","templated":true}]}}