{"id":2904,"date":"2023-10-08T18:05:24","date_gmt":"2023-10-08T16:05:24","guid":{"rendered":"https:\/\/handbag-sense.com\/?post_type=product&#038;p=2904"},"modified":"2025-05-06T13:03:32","modified_gmt":"2025-05-06T11:03:32","slug":"chanel-timeless-jumbo-double-flap-bag-schwarz","status":"publish","type":"product","link":"https:\/\/handbag-sense.com\/de\/produkt\/chanel-timeless-jumbo-double-flap-bag-schwarz\/","title":{"rendered":"Timeless Jumbo Double Flap Bag Schwarz"},"content":{"rendered":"<div class=\"c-columns-m-1 c-columns-2 c-columns-gap-s\">\n<div><strong>Material:<\/strong> Lammleder<br \/>\n<strong>Farbe:<\/strong> Schwarz<br \/>\n<strong>Metallelemente:<\/strong> Silberne Hardware<br \/>\n<strong>Innenmaterial:<\/strong> Weinrotes Leder<\/div>\n<div><strong>Note: <\/strong> 4 <img decoding=\"async\" class=\"info_box alignnone size-medium wp-image-885\" title=\"Info\" role=\"img\" src=\"https:\/\/handbag-sense.com\/wp-content\/uploads\/2023\/05\/info_icon.svg\" alt=\"info box\" width=\"15\" height=\"15\" \/><br \/>\n<strong>Baujahr\/Seriennummer:<\/strong> 2011, beginnt mit 156...<br \/>\n<strong>Gr\u00f6\u00dfe:<\/strong> 30 x 19,5 x 10 cm<\/div>\n<\/div>\n<p><strong>Beinhaltet:<\/strong> Authentizit\u00e4tskarte, Staubbeutel, Box<\/p>\n","protected":false},"excerpt":{"rendered":"<p><strong>Chanel Timeless Jumbo Double Flap Bag in Schwarz.<\/strong> Die Classic Jumbo Double Flap Tasche ist eine klassische und zeitlose <strong>Chanel-Tasche.<\/strong> Diese Tasche ist ideal f\u00fcr jeden Anlass und bietet genug Platz f\u00fcr alles, sie ist perfekt f\u00fcr Shoppingtage oder f\u00fcr die Arbeit. Der Timeless Jumbo Double Flap ist aus Lammleder in der Farbe Schwarz gefertigt, hat einen gewebten Kettenriemen und einen CC-Verschluss in Silber-Finish. Das Innere der Tasche ist in ein Hauptfach, eine Tasche, ein Rei\u00dfverschlussfach und 2 kleine Taschen unterteilt. Auf der R\u00fcckseite der Tasche befindet sich eine weitere aufgesetzte Tasche. Das Innenfutter besteht aus Leder in der Farbe Weinrot. Die Tasche kann sowohl \u00fcber der Schulter als auch als Umh\u00e4ngetasche getragen werden. Eine bequeme und elegante Handtasche, die zu den beliebten Klassikern von Chanel geh\u00f6rt. Die Tasche ist in sehr gutem Zustand, wird mit dem Staubbeutel, der Echtheitskarte und der Chanel-Box geliefert.<\/p>\n","protected":false},"featured_media":2890,"template":"","meta":[],"product_brand":[2417],"product_cat":[347],"product_tag":[],"class_list":{"0":"post-2904","1":"product","2":"type-product","3":"status-publish","4":"has-post-thumbnail","6":"product_brand-chanel-de","7":"product_cat-handtasche","8":"pa_brand-chanel-de","9":"pa_chanel-models-timeless-classique-de","10":"pa_color-schwarz","11":"pa_grade-grad-4","12":"pa_material-leder","14":"first","15":"outofstock","16":"shipping-taxable","17":"product-type-simple"},"_links":{"self":[{"href":"https:\/\/handbag-sense.com\/de\/wp-json\/wp\/v2\/product\/2904","targetHints":{"allow":["GET"]}}],"collection":[{"href":"https:\/\/handbag-sense.com\/de\/wp-json\/wp\/v2\/product"}],"about":[{"href":"https:\/\/handbag-sense.com\/de\/wp-json\/wp\/v2\/types\/product"}],"wp:featuredmedia":[{"embeddable":true,"href":"https:\/\/handbag-sense.com\/de\/wp-json\/wp\/v2\/media\/2890"}],"wp:attachment":[{"href":"https:\/\/handbag-sense.com\/de\/wp-json\/wp\/v2\/media?parent=2904"}],"wp:term":[{"taxonomy":"product_brand","embeddable":true,"href":"https:\/\/handbag-sense.com\/de\/wp-json\/wp\/v2\/product_brand?post=2904"},{"taxonomy":"product_cat","embeddable":true,"href":"https:\/\/handbag-sense.com\/de\/wp-json\/wp\/v2\/product_cat?post=2904"},{"taxonomy":"product_tag","embeddable":true,"href":"https:\/\/handbag-sense.com\/de\/wp-json\/wp\/v2\/product_tag?post=2904"}],"curies":[{"name":"wp","href":"https:\/\/api.w.org\/{rel}","templated":true}]}}