{"id":2857,"date":"2023-10-08T14:50:46","date_gmt":"2023-10-08T12:50:46","guid":{"rendered":"https:\/\/handbag-sense.com\/?post_type=product&#038;p=2857"},"modified":"2025-05-06T11:57:54","modified_gmt":"2025-05-06T09:57:54","slug":"hermes-jypsiere-28-taurillon-clemence-beton-phw","status":"publish","type":"product","link":"https:\/\/handbag-sense.com\/de\/produkt\/hermes-jypsiere-28-taurillon-clemence-beton-phw\/","title":{"rendered":"Jypsiere 28 Taurillon Clemence Beton"},"content":{"rendered":"<div class=\"c-columns-m-1 c-columns-2 c-columns-gap-s\">\n<div><strong>Material:<\/strong> Taurillon Clemence<br \/>\n<strong>Farbe:<\/strong> Beton<br \/>\n<strong>Metallelemente:<\/strong> Palladium Hardware<br \/>\n<strong>Inner material:<\/strong> Leder<\/div>\n<div><strong>Grade:<\/strong> 1 <img decoding=\"async\" class=\"info_box alignnone size-medium wp-image-885\" title=\"Info\" role=\"img\" src=\"https:\/\/handbag-sense.com\/wp-content\/uploads\/2023\/05\/info_icon.svg\" alt=\"info box\" width=\"15\" height=\"15\"><br \/>\n<strong>Baujahr\/Stempel:<\/strong> 2022 \/ U<br \/>\n<strong>Gr\u00f6\u00dfe:<\/strong> 28 x 23,5 x 12,5 cm<br \/>\n<strong>Versand:<\/strong> Weltweit<\/div>\n<div><strong>Zustand:<\/strong> Gebraucht<\/div>\n<\/div>\n<p><strong>Enth\u00e4lt:<\/strong> Originalquittung, Staubbeutel, Gurt, Filz, Booklet, Box<\/p>\n","protected":false},"excerpt":{"rendered":"<p><strong>Herm\u00e8s Jypsiere 28 Taurillon Clemence Beton Palladium Beschl\u00e4ge<\/strong>. Die Herm\u00e8s Jypsiere hat farblich abgestimmte N\u00e4hte, einen Drehverschluss in der vorderen Mitte und einen verstellbaren Schulterriemen. Die Tasche verf\u00fcgt \u00fcber ein gro\u00dfes Hauptfach, zwei Steckf\u00e4cher und eine Rei\u00dfverschlusstasche. Dies ist eine praktische Handtasche von Herm\u00e8s, ideal f\u00fcr allt\u00e4gliche Besorgungen! Der <strong>Herm\u00e8s Jypsiere Beton<\/strong> ist absolut neu, wird mit Staubbeutel, Herm\u00e8s-Box und der Originalrechnung von 2022 geliefert.<\/p>\n","protected":false},"featured_media":4317,"template":"","meta":[],"product_brand":[2404],"product_cat":[347],"product_tag":[],"class_list":{"0":"post-2857","1":"product","2":"type-product","3":"status-publish","4":"has-post-thumbnail","6":"product_brand-hermes-de","7":"product_cat-handtasche","8":"pa_brand-hermes-de","9":"pa_color-grau","10":"pa_grade-grad-1","11":"pa_hermes-models-jypsiere-de","12":"pa_material-leder","14":"first","15":"outofstock","16":"shipping-taxable","17":"product-type-simple"},"_links":{"self":[{"href":"https:\/\/handbag-sense.com\/de\/wp-json\/wp\/v2\/product\/2857","targetHints":{"allow":["GET"]}}],"collection":[{"href":"https:\/\/handbag-sense.com\/de\/wp-json\/wp\/v2\/product"}],"about":[{"href":"https:\/\/handbag-sense.com\/de\/wp-json\/wp\/v2\/types\/product"}],"wp:featuredmedia":[{"embeddable":true,"href":"https:\/\/handbag-sense.com\/de\/wp-json\/wp\/v2\/media\/4317"}],"wp:attachment":[{"href":"https:\/\/handbag-sense.com\/de\/wp-json\/wp\/v2\/media?parent=2857"}],"wp:term":[{"taxonomy":"product_brand","embeddable":true,"href":"https:\/\/handbag-sense.com\/de\/wp-json\/wp\/v2\/product_brand?post=2857"},{"taxonomy":"product_cat","embeddable":true,"href":"https:\/\/handbag-sense.com\/de\/wp-json\/wp\/v2\/product_cat?post=2857"},{"taxonomy":"product_tag","embeddable":true,"href":"https:\/\/handbag-sense.com\/de\/wp-json\/wp\/v2\/product_tag?post=2857"}],"curies":[{"name":"wp","href":"https:\/\/api.w.org\/{rel}","templated":true}]}}