{"id":2853,"date":"2023-10-08T12:34:29","date_gmt":"2023-10-08T10:34:29","guid":{"rendered":"https:\/\/handbag-sense.com\/?post_type=product&#038;p=2853"},"modified":"2025-05-06T15:01:19","modified_gmt":"2025-05-06T13:01:19","slug":"louis-vuitton-petite-boite-chapeau-krokodilleder","status":"publish","type":"product","link":"https:\/\/handbag-sense.com\/de\/produkt\/louis-vuitton-petite-boite-chapeau-krokodilleder\/","title":{"rendered":"Petite Boite Chapeau Krokodilleder"},"content":{"rendered":"<div class=\"c-columns-m-1 c-columns-2 c-columns-gap-s\">\n<div><strong>Material:<\/strong> Krokodilleder<br \/>\n<strong>Farbe:<\/strong> Silber<br \/>\n<strong>Metallelemente:<\/strong> Goldfarbenes Metall<\/div>\n<div><strong>Innenmaterial:<\/strong> Textilfutter<br \/>\n<strong>Gr\u00f6\u00dfe:<\/strong> 17 x 16 x 7 cm<br \/>\n<strong>Zustand:<\/strong> Sehr gut <img decoding=\"async\" class=\"info_box alignnone size-medium wp-image-885\" title=\"Info\" role=\"img\" src=\"https:\/\/handbag-sense.com\/wp-content\/uploads\/2023\/05\/info_icon.svg\" alt=\"info box\" width=\"15\" height=\"15\" \/><\/div>\n<\/div>\n","protected":false},"excerpt":{"rendered":"<p><strong>Louis Vuitton Petite Boite Chapeau Krokodilleder.<\/strong> Das Louis Vuitton Petite Boite Chapeau ist aus mattem Alligatorleder in der Farbe Silber mit goldfarbenem Metall gefertigt. Das Innere der Tasche ist mit dem geschmeidigen Lammfellfutter verziert, das f\u00fcr einen weiteren Hauch von Komfort sorgt. Die goldfarbenen Beschl\u00e4ge kontrastieren strahlend mit dem tiefmatten Alligatorleder und heben die \u00c4sthetik der Tasche auf ein neues Niveau. Um Ihr Accessoire zu personalisieren, ist ein Namensschild mit der ikonischen metallischen LV-Signatur angebracht \u2013 ein Hauch von Einzigartigkeit, der unverkennbar Louis Vuitton ist. Mit ihrer Liebe zum Detail ist diese Tasche ein wahres Meisterwerk. Die<strong> Petite Boite Chapeau-Tasche<\/strong> ist in neuwertigem Zustand.<\/p>\n","protected":false},"featured_media":2839,"template":"","meta":[],"product_brand":[2436],"product_cat":[344,346,342],"product_tag":[],"class_list":{"0":"post-2853","1":"product","2":"type-product","3":"status-publish","4":"has-post-thumbnail","6":"product_brand-louis-vuitton-de","7":"product_cat-pochette-de","8":"product_cat-abendtasche","9":"product_cat-accessoire-de","10":"pa_brand-louis-vuitton-de","11":"pa_color-silber","12":"pa_material-exotisches-leder","14":"first","15":"outofstock","16":"shipping-taxable","17":"product-type-simple"},"_links":{"self":[{"href":"https:\/\/handbag-sense.com\/de\/wp-json\/wp\/v2\/product\/2853","targetHints":{"allow":["GET"]}}],"collection":[{"href":"https:\/\/handbag-sense.com\/de\/wp-json\/wp\/v2\/product"}],"about":[{"href":"https:\/\/handbag-sense.com\/de\/wp-json\/wp\/v2\/types\/product"}],"wp:featuredmedia":[{"embeddable":true,"href":"https:\/\/handbag-sense.com\/de\/wp-json\/wp\/v2\/media\/2839"}],"wp:attachment":[{"href":"https:\/\/handbag-sense.com\/de\/wp-json\/wp\/v2\/media?parent=2853"}],"wp:term":[{"taxonomy":"product_brand","embeddable":true,"href":"https:\/\/handbag-sense.com\/de\/wp-json\/wp\/v2\/product_brand?post=2853"},{"taxonomy":"product_cat","embeddable":true,"href":"https:\/\/handbag-sense.com\/de\/wp-json\/wp\/v2\/product_cat?post=2853"},{"taxonomy":"product_tag","embeddable":true,"href":"https:\/\/handbag-sense.com\/de\/wp-json\/wp\/v2\/product_tag?post=2853"}],"curies":[{"name":"wp","href":"https:\/\/api.w.org\/{rel}","templated":true}]}}