{"id":2806,"date":"2023-10-08T09:38:55","date_gmt":"2023-10-08T07:38:55","guid":{"rendered":"https:\/\/handbag-sense.com\/?post_type=product&#038;p=2806"},"modified":"2025-05-06T11:57:58","modified_gmt":"2025-05-06T09:57:58","slug":"hermes-kelly-35-flat-weiss","status":"publish","type":"product","link":"https:\/\/handbag-sense.com\/de\/produkt\/hermes-kelly-35-flat-weiss\/","title":{"rendered":"Kelly 35 Flat Wei\u00df"},"content":{"rendered":"<div class=\"c-columns-m-1 c-columns-2 c-columns-gap-s\">\n<div><strong>Material:<\/strong> Swift Leder<br \/>\n<strong>Farbe:<\/strong> Wei\u00df<br \/>\n<strong>Metallelemente:<\/strong> Palladium Hardware<br \/>\n<strong>Innenmaterial:<\/strong> Leder<\/div>\n<div><strong>Grad:<\/strong> 3 <img decoding=\"async\" class=\"info_box alignnone size-medium wp-image-885\" title=\"Info\" role=\"img\" src=\"https:\/\/handbag-sense.com\/wp-content\/uploads\/2023\/05\/info_icon.svg\" alt=\"info box\" width=\"15\" height=\"15\" \/><br \/>\n<strong>Produktionsjahr\/Jahresstempel:<\/strong> 2007\/K<br \/>\n<strong>Gr\u00f6\u00dfe:<\/strong> 35,5 x 24 x 13 cm<br \/>\n<strong>Versand:<\/strong> Weltweit<\/div>\n<\/div>\n","protected":false},"excerpt":{"rendered":"<p><strong>Herm\u00e8s Kelly 35 Flat wei\u00df<\/strong>. Diese Kelly Flat Handtasche in der Farbe wei\u00df ist aus Swift Leder mit Palladium Hardware. Die Kelly Flat wurde zum ersten Mal im Fr\u00fchjahr 2007 gezeigt. Sie wurde so entworfen, dass sie komplett faltbar, zusammenklappbar und leicht zu transportieren ist \u2013 eine geniale Reisetasche von Herm\u00e8s. Sie unterscheidet sich von anderen Kelly-Taschen dadurch, dass sie mit einer Schnalle und einem Riemen ausgestattet ist, um ihre Faltbarkeit zu gew\u00e4hrleisten. Die Kelly Flat wird nicht mehr hergestellt, was sie zu einer seltenen und ungew\u00f6hnlichen Tasche f\u00fcr den Sammlermarkt macht. Die Kelly Flat Tasche ist im Jahr 2007 hergestellt worden, hat Stempel K, befindet sich in einem sehr guten Zustand.<\/p>\n","protected":false},"featured_media":2772,"template":"","meta":[],"product_brand":[2404],"product_cat":[347],"product_tag":[],"class_list":{"0":"post-2806","1":"product","2":"type-product","3":"status-publish","4":"has-post-thumbnail","6":"product_brand-hermes-de","7":"product_cat-handtasche","8":"pa_brand-hermes-de","9":"pa_color-weiss","10":"pa_grade-grad-3","11":"pa_hermes-models-kelly-de","12":"pa_material-leder","14":"first","15":"outofstock","16":"shipping-taxable","17":"product-type-simple"},"_links":{"self":[{"href":"https:\/\/handbag-sense.com\/de\/wp-json\/wp\/v2\/product\/2806","targetHints":{"allow":["GET"]}}],"collection":[{"href":"https:\/\/handbag-sense.com\/de\/wp-json\/wp\/v2\/product"}],"about":[{"href":"https:\/\/handbag-sense.com\/de\/wp-json\/wp\/v2\/types\/product"}],"wp:featuredmedia":[{"embeddable":true,"href":"https:\/\/handbag-sense.com\/de\/wp-json\/wp\/v2\/media\/2772"}],"wp:attachment":[{"href":"https:\/\/handbag-sense.com\/de\/wp-json\/wp\/v2\/media?parent=2806"}],"wp:term":[{"taxonomy":"product_brand","embeddable":true,"href":"https:\/\/handbag-sense.com\/de\/wp-json\/wp\/v2\/product_brand?post=2806"},{"taxonomy":"product_cat","embeddable":true,"href":"https:\/\/handbag-sense.com\/de\/wp-json\/wp\/v2\/product_cat?post=2806"},{"taxonomy":"product_tag","embeddable":true,"href":"https:\/\/handbag-sense.com\/de\/wp-json\/wp\/v2\/product_tag?post=2806"}],"curies":[{"name":"wp","href":"https:\/\/api.w.org\/{rel}","templated":true}]}}