{"id":2804,"date":"2023-10-08T09:08:53","date_gmt":"2023-10-08T07:08:53","guid":{"rendered":"https:\/\/handbag-sense.com\/?post_type=product&#038;p=2804"},"modified":"2025-05-06T15:01:23","modified_gmt":"2025-05-06T13:01:23","slug":"louis-vuitton-multi-pochette-in-braun-monogram-canvas","status":"publish","type":"product","link":"https:\/\/handbag-sense.com\/de\/produkt\/louis-vuitton-multi-pochette-in-braun-monogram-canvas\/","title":{"rendered":"Multi-Pochette Monogramm Canvas Braun"},"content":{"rendered":"<div class=\"c-columns-m-1 c-columns-2 c-columns-gap-s\">\n<div><strong>Material:<\/strong> Monogramm Canvas \/ Leder<br \/>\n<strong>Farbe:<\/strong> Braun<br \/>\n<strong>Metallelemente:<\/strong> Goldfarbenes Metall<br \/>\n<strong>Innenmaterial:<\/strong> Textilfutter<\/div>\n<div><strong>Gr\u00f6\u00dfe:<\/strong> 23,5 x 13,5 x 4 cm,<br \/>\n18,5 x 10,5 x 3 cm, 9 x 9 x 2 cm<br \/>\n<strong>Zustand:<\/strong> Sehr gut  <img decoding=\"async\" class=\"info_box alignnone size-medium wp-image-885\" title=\"Info\" role=\"img\" src=\"https:\/\/handbag-sense.com\/wp-content\/uploads\/2023\/05\/info_icon.svg\" alt=\"info box\" width=\"15\" height=\"15\"><\/div>\n<\/div>\n","protected":false},"excerpt":{"rendered":"<p><strong>Louis Vuitton Multi-Pochette aus braunem Monogramm-Canvas.<\/strong>  Diese vielseitige Louis Vuitton Accessoires Handtasche\/Clutch ist aus braunem Monogramm-Canvas gefertigt, mit Beschl\u00e4gen und einem Kettenriemen aus goldfarbenem Metall sowie einem abnehmbaren Riemen aus khakifarbenem Stoff. Die Tasche kann in der Hand, \u00fcber der Schulter oder quer \u00fcber dem K\u00f6rper getragen werden. Louis Vuitton Multi-Pochette wurde selten getragen und befindet sich in einem neuwertigen Zustand.<\/p>\n","protected":false},"featured_media":2790,"template":"","meta":[],"product_brand":[2436],"product_cat":[351,344],"product_tag":[],"class_list":{"0":"post-2804","1":"product","2":"type-product","3":"status-publish","4":"has-post-thumbnail","6":"product_brand-louis-vuitton-de","7":"product_cat-kleine-taschen","8":"product_cat-pochette-de","9":"pa_brand-louis-vuitton-de","10":"pa_color-braun","11":"pa_material-leder","12":"pa_material-leinwand","14":"first","15":"outofstock","16":"shipping-taxable","17":"product-type-simple"},"_links":{"self":[{"href":"https:\/\/handbag-sense.com\/de\/wp-json\/wp\/v2\/product\/2804","targetHints":{"allow":["GET"]}}],"collection":[{"href":"https:\/\/handbag-sense.com\/de\/wp-json\/wp\/v2\/product"}],"about":[{"href":"https:\/\/handbag-sense.com\/de\/wp-json\/wp\/v2\/types\/product"}],"wp:featuredmedia":[{"embeddable":true,"href":"https:\/\/handbag-sense.com\/de\/wp-json\/wp\/v2\/media\/2790"}],"wp:attachment":[{"href":"https:\/\/handbag-sense.com\/de\/wp-json\/wp\/v2\/media?parent=2804"}],"wp:term":[{"taxonomy":"product_brand","embeddable":true,"href":"https:\/\/handbag-sense.com\/de\/wp-json\/wp\/v2\/product_brand?post=2804"},{"taxonomy":"product_cat","embeddable":true,"href":"https:\/\/handbag-sense.com\/de\/wp-json\/wp\/v2\/product_cat?post=2804"},{"taxonomy":"product_tag","embeddable":true,"href":"https:\/\/handbag-sense.com\/de\/wp-json\/wp\/v2\/product_tag?post=2804"}],"curies":[{"name":"wp","href":"https:\/\/api.w.org\/{rel}","templated":true}]}}