{"id":2755,"date":"2023-10-07T18:23:18","date_gmt":"2023-10-07T16:23:18","guid":{"rendered":"https:\/\/handbag-sense.com\/?post_type=product&#038;p=2755"},"modified":"2026-01-12T14:21:21","modified_gmt":"2026-01-12T13:21:21","slug":"gucci-dionysus-rot","status":"publish","type":"product","link":"https:\/\/handbag-sense.com\/de\/produkt\/gucci-dionysus-rot\/","title":{"rendered":"Dionysus rot"},"content":{"rendered":"<div class=\"c-columns-m-1 c-columns-2 c-columns-gap-s\">\n<div><strong>Material:<\/strong> Samt \/ Leder<br \/>\n<strong>Farbe:<\/strong> Rot \/ Schwarz<br \/>\n<strong>Metallelemente:<\/strong> Silberne Hardware<\/div>\n<div><strong>Innenmaterial:<\/strong> Wildleder<strong><br \/>\nGr\u00f6\u00dfe:<\/strong> 25 x 15 x 7 cm<\/p>\n<div><strong>Condition:<\/strong> Used<\/div>\n<\/div>\n<\/div>\n","protected":false},"excerpt":{"rendered":"<p><strong>GUCCI Dionysus rot.<\/strong>\u00a0100 % authentische Gucci Dionysus GG Monogram Schultertasche aus rotem Samt. Diese sch\u00f6ne Tasche ist aus GG Monogram rotem Samtstoff mit Bes\u00e4tzen aus schwarzem Lackleder und silbernen Metallbeschl\u00e4gen. Die Tasche verf\u00fcgt \u00fcber eine Au\u00dfenseite aus rotem Samt mit beige gepr\u00e4gtem GG-Druck, silberfarbenen Beschl\u00e4gen und Kettenriemen, und silberfarbenem Tigerkopfverschluss mit Steinen. Der Innenraum ist aus beigefarbenem Wildledeund einer Klappe aus schwarzem Lackleder mit darunter liegendem Steckfach. Diese wundersch\u00f6ne und stylische Tasche von Gucci ist im guten gebrauchten Zustand. Einige Flecken auf dem Innenfutter, leichte Gebrauchsspuren an den Ecken.<\/p>\n","protected":false},"featured_media":2702,"template":"","meta":[],"product_brand":[2429],"product_cat":[346],"product_tag":[],"class_list":{"0":"post-2755","1":"product","2":"type-product","3":"status-publish","4":"has-post-thumbnail","6":"product_brand-gucci-de","7":"product_cat-abendtasche","8":"pa_brand-gucci-de","9":"pa_color-schwarz","10":"pa_color-rot","11":"pa_material-leder","12":"pa_material-wildleder","13":"pa_material-stoff","14":"pa_material-samt","16":"first","17":"outofstock","18":"taxable","19":"shipping-taxable","20":"product-type-simple"},"_links":{"self":[{"href":"https:\/\/handbag-sense.com\/de\/wp-json\/wp\/v2\/product\/2755","targetHints":{"allow":["GET"]}}],"collection":[{"href":"https:\/\/handbag-sense.com\/de\/wp-json\/wp\/v2\/product"}],"about":[{"href":"https:\/\/handbag-sense.com\/de\/wp-json\/wp\/v2\/types\/product"}],"wp:featuredmedia":[{"embeddable":true,"href":"https:\/\/handbag-sense.com\/de\/wp-json\/wp\/v2\/media\/2702"}],"wp:attachment":[{"href":"https:\/\/handbag-sense.com\/de\/wp-json\/wp\/v2\/media?parent=2755"}],"wp:term":[{"taxonomy":"product_brand","embeddable":true,"href":"https:\/\/handbag-sense.com\/de\/wp-json\/wp\/v2\/product_brand?post=2755"},{"taxonomy":"product_cat","embeddable":true,"href":"https:\/\/handbag-sense.com\/de\/wp-json\/wp\/v2\/product_cat?post=2755"},{"taxonomy":"product_tag","embeddable":true,"href":"https:\/\/handbag-sense.com\/de\/wp-json\/wp\/v2\/product_tag?post=2755"}],"curies":[{"name":"wp","href":"https:\/\/api.w.org\/{rel}","templated":true}]}}