{"id":2753,"date":"2023-10-07T18:01:15","date_gmt":"2023-10-07T16:01:15","guid":{"rendered":"https:\/\/handbag-sense.com\/?post_type=product&#038;p=2753"},"modified":"2025-05-06T13:03:34","modified_gmt":"2025-05-06T11:03:34","slug":"chanel-wallet-on-chain-schwarz","status":"publish","type":"product","link":"https:\/\/handbag-sense.com\/de\/produkt\/chanel-wallet-on-chain-schwarz\/","title":{"rendered":"Wallet on Chain Schwarz"},"content":{"rendered":"<div class=\"c-columns-m-1 c-columns-2 c-columns-gap-s\">\n<div><strong>Material:<\/strong> Lackleder<br \/>\n<strong>Farbe:<\/strong> Schwarz<br \/>\n<strong>Metallelemente:<\/strong> Silberne Hardware<br \/>\n<strong>Innenmaterial:<\/strong> Textilfutter<\/div>\n<div><strong>Note: <\/strong> 3\/4 <img decoding=\"async\" class=\"info_box alignnone size-medium wp-image-885\" title=\"Info\" role=\"img\" src=\"https:\/\/handbag-sense.com\/wp-content\/uploads\/2023\/05\/info_icon.svg\" alt=\"info box\" width=\"15\" height=\"15\" \/><br \/>\n<strong>Baujahr\/Buchstabe:<\/strong> 2014, beginnt mit 197...<br \/>\n<strong>Gr\u00f6\u00dfe:<\/strong> 19,5 x 13 x 3 cm<\/div>\n<\/div>\n<p><strong>Enth\u00e4lt:<\/strong> Authentizit\u00e4tkarte, Staubbeutel, Box<\/p>\n","protected":false},"excerpt":{"rendered":"<p><strong>Chanel Wallet on Chain schwarz.<\/strong> Die Chanel Wallet On Chain ist ein zeitloses Accessoire im klassischen Stil von Chanel. Durch ihre geringe Gr\u00f6\u00dfe eignet sie sich perfekt als Abendtasche. Die Tasche ist aus Lackleder, die Hardware und die Schulterkette aus silbernem Metall. Das Innere der Tasche ist in zwei Hauptf\u00e4cher und ein Rei\u00dfverschlussfach unterteilt. Unter der Klappe befindet sich ein weiteres Rei\u00dfverschlussfach. Der WOC kann sowohl \u00fcber der Schulter als auch als Umh\u00e4ngetasche getragen werden. Diese kleine Tasche wurde selten getragen, ist daher in sehr gutem Zustand, wird mit dem Staubbeutel, der Echtheitskarte und der Chanel-Box geliefert.<\/p>\n","protected":false},"featured_media":2720,"template":"","meta":[],"product_brand":[2417],"product_cat":[347,351,344,346],"product_tag":[],"class_list":{"0":"post-2753","1":"product","2":"type-product","3":"status-publish","4":"has-post-thumbnail","6":"product_brand-chanel-de","7":"product_cat-handtasche","8":"product_cat-kleine-taschen","9":"product_cat-pochette-de","10":"product_cat-abendtasche","11":"pa_brand-chanel-de","12":"pa_chanel-models-wallet-on-chain-de","13":"pa_color-schwarz","14":"pa_grade-grad-4","15":"pa_material-leder","16":"pa_material-lackleder","18":"first","19":"outofstock","20":"shipping-taxable","21":"product-type-simple"},"_links":{"self":[{"href":"https:\/\/handbag-sense.com\/de\/wp-json\/wp\/v2\/product\/2753","targetHints":{"allow":["GET"]}}],"collection":[{"href":"https:\/\/handbag-sense.com\/de\/wp-json\/wp\/v2\/product"}],"about":[{"href":"https:\/\/handbag-sense.com\/de\/wp-json\/wp\/v2\/types\/product"}],"wp:featuredmedia":[{"embeddable":true,"href":"https:\/\/handbag-sense.com\/de\/wp-json\/wp\/v2\/media\/2720"}],"wp:attachment":[{"href":"https:\/\/handbag-sense.com\/de\/wp-json\/wp\/v2\/media?parent=2753"}],"wp:term":[{"taxonomy":"product_brand","embeddable":true,"href":"https:\/\/handbag-sense.com\/de\/wp-json\/wp\/v2\/product_brand?post=2753"},{"taxonomy":"product_cat","embeddable":true,"href":"https:\/\/handbag-sense.com\/de\/wp-json\/wp\/v2\/product_cat?post=2753"},{"taxonomy":"product_tag","embeddable":true,"href":"https:\/\/handbag-sense.com\/de\/wp-json\/wp\/v2\/product_tag?post=2753"}],"curies":[{"name":"wp","href":"https:\/\/api.w.org\/{rel}","templated":true}]}}