{"id":2700,"date":"2023-10-07T13:58:41","date_gmt":"2023-10-07T11:58:41","guid":{"rendered":"https:\/\/handbag-sense.com\/?post_type=product&#038;p=2700"},"modified":"2025-05-06T13:03:35","modified_gmt":"2025-05-06T11:03:35","slug":"chanel-medium-classic-double-flap-schwarz","status":"publish","type":"product","link":"https:\/\/handbag-sense.com\/de\/produkt\/chanel-medium-classic-double-flap-schwarz\/","title":{"rendered":"Medium Classic Double Flap Schwarz"},"content":{"rendered":"<div class=\"c-columns-m-1 c-columns-2 c-columns-gap-s\">\n<div><strong>Material:<\/strong> Lammleder<br \/>\n<strong>Farbe:<\/strong> Schwarz<br \/>\n<strong>Metallelemente:<\/strong> Goldene Hardware<br \/>\n<strong>Innenmaterial:<\/strong> Leder<\/div>\n<div><strong>Grad:<\/strong> 4 <img decoding=\"async\" class=\"info_box alignnone size-medium wp-image-885\" title=\"Info\" role=\"img\" src=\"https:\/\/handbag-sense.com\/wp-content\/uploads\/2023\/05\/info_icon.svg\" alt=\"info box\" width=\"15\" height=\"15\" \/><br \/>\n<strong>Produktionsjahr \/ Seriennummer:<\/strong> 1993-1994, beginnt mit 260\u2026<br \/>\n<strong>Gr\u00f6\u00dfe:<\/strong> 25.5 x 15,5 x 6.5 cm<\/div>\n<\/div>\n<p><strong>Beinhaltet:<\/strong> Authentizit\u00e4t Karte, Staubbeutel<\/p>\n","protected":false},"excerpt":{"rendered":"<p><strong>Chanel Medium Classic Double Flap schwarz.<\/strong>\u00a0Die Medium Double Flap Handtasche ist eine klassische und zeitlose Chanel. Diese Tasche ist ideal f\u00fcr jede Gelegenheit und hat genug Platz f\u00fcr alles. Die Medium Double Flap ist aus Lammleder in der Farbe schwarz, verf\u00fcgt \u00fcber gewebte Kettenriemen, ein CC-Schloss und goldene Hardware. Die Tasche ist aufgeteilt in ein Hauptfach, ein Steckfach und ein Rei\u00dfverschlussfach. Am Taschenr\u00fccken befindet sich ein weiteres aufgesetztes Steckfach. Das Innenfutter ist aus Leder in der Farbe Weinrot. Die Tasche kann \u00fcber der Schulter, sowie Crossbody getragen werden. Eine komfortable und elegante Handtasche, die zu Chanels beliebten Klassikern z\u00e4hlt. Die Tasche befindet sich im sehr guten Zustand und wird mit Chanel Staubbeutel und der Authentizit\u00e4t Karte geliefert.<\/p>\n","protected":false},"featured_media":2644,"template":"","meta":[],"product_brand":[2417],"product_cat":[347,350,345],"product_tag":[],"class_list":{"0":"post-2700","1":"product","2":"type-product","3":"status-publish","4":"has-post-thumbnail","6":"product_brand-chanel-de","7":"product_cat-handtasche","8":"product_cat-schultertaschen","9":"product_cat-crossbody-taschen","10":"pa_brand-chanel-de","11":"pa_chanel-models-timeless-classique-de","12":"pa_color-schwarz","13":"pa_grade-grad-4","14":"pa_material-leder","16":"first","17":"outofstock","18":"shipping-taxable","19":"product-type-simple"},"_links":{"self":[{"href":"https:\/\/handbag-sense.com\/de\/wp-json\/wp\/v2\/product\/2700","targetHints":{"allow":["GET"]}}],"collection":[{"href":"https:\/\/handbag-sense.com\/de\/wp-json\/wp\/v2\/product"}],"about":[{"href":"https:\/\/handbag-sense.com\/de\/wp-json\/wp\/v2\/types\/product"}],"wp:featuredmedia":[{"embeddable":true,"href":"https:\/\/handbag-sense.com\/de\/wp-json\/wp\/v2\/media\/2644"}],"wp:attachment":[{"href":"https:\/\/handbag-sense.com\/de\/wp-json\/wp\/v2\/media?parent=2700"}],"wp:term":[{"taxonomy":"product_brand","embeddable":true,"href":"https:\/\/handbag-sense.com\/de\/wp-json\/wp\/v2\/product_brand?post=2700"},{"taxonomy":"product_cat","embeddable":true,"href":"https:\/\/handbag-sense.com\/de\/wp-json\/wp\/v2\/product_cat?post=2700"},{"taxonomy":"product_tag","embeddable":true,"href":"https:\/\/handbag-sense.com\/de\/wp-json\/wp\/v2\/product_tag?post=2700"}],"curies":[{"name":"wp","href":"https:\/\/api.w.org\/{rel}","templated":true}]}}