{"id":2698,"date":"2023-10-07T13:39:02","date_gmt":"2023-10-07T11:39:02","guid":{"rendered":"https:\/\/handbag-sense.com\/?post_type=product&#038;p=2698"},"modified":"2025-05-06T11:58:02","modified_gmt":"2025-05-06T09:58:02","slug":"hermes-birkin-35-togo-blue-indigo-phw","status":"publish","type":"product","link":"https:\/\/handbag-sense.com\/de\/produkt\/hermes-birkin-35-togo-blue-indigo-phw\/","title":{"rendered":"Birkin 35 Togo Blue Indigo"},"content":{"rendered":"<div class=\"c-columns-m-1 c-columns-2 c-columns-gap-s\">\n<div><strong>Material:<\/strong> Togo Leder<br \/>\n<strong>Farbe:<\/strong> Blue Indigo<br \/>\n<strong>Metallelemente:<\/strong> Palladium Hardware<br \/>\n<strong>Innenmaterial:<\/strong> Leder<\/div>\n<div><strong>Grad:<\/strong> 4 <img decoding=\"async\" class=\"info_box alignnone size-medium wp-image-885\" title=\"Info\" role=\"img\" src=\"https:\/\/handbag-sense.com\/wp-content\/uploads\/2023\/05\/info_icon.svg\" alt=\"info box\" width=\"15\" height=\"15\" \/><br \/>\n<strong>Produktionsjahr\/Jahresstempel:<\/strong> 2001\/E<br \/>\n<strong>Gr\u00f6\u00dfe:<\/strong> 35 x 25 x 18 cm<br \/>\n<strong>Versand:<\/strong> Weltweit<\/div>\n<\/div>\n<p><strong>Beinhaltet:<\/strong> Staubbeutel, Clochette, Schloss, Schl\u00fcssel<\/p>\n","protected":false},"excerpt":{"rendered":"<p><strong>Herm\u00e8s Birkin 35 Togo Blue Indigo Palladium Hardware.<\/strong>\u00a0Diese ikonische Birkin 35 ist aus Togo Leder in der Farbe Blue Indigo, kombiniert mit Palladium Hardware. Die Tasche verf\u00fcgt \u00fcber gerollte Ledergriffe, ein Oberteil und einen Riemenverschluss mit einem silbernem Drehschloss. Diese sehr begehrte Handtasche ist ideal f\u00fcr jede Gelegenheit und hat Platz f\u00fcr Ihren Laptop, Terminkalender, sowie Telefon und macht sie so zu Ihrem perfekten B\u00fcrobegleiter. Sie befindet sich im sehr gutem Zustand, minimale Kratzer auf der Hardware. Die Tasche wird mit Staubbeutel geliefert.<\/p>\n","protected":false},"featured_media":4097,"template":"","meta":[],"product_brand":[2404],"product_cat":[347],"product_tag":[2043,1501],"class_list":{"0":"post-2698","1":"product","2":"type-product","3":"status-publish","4":"has-post-thumbnail","6":"product_brand-hermes-de","7":"product_cat-handtasche","8":"product_tag-birkin-35-togo-de","9":"product_tag-hermes-birkin-35-de","10":"pa_brand-hermes-de","11":"pa_color-schwarz","12":"pa_color-blau","13":"pa_grade-grad-4","14":"pa_hermes-models-birkin-de","15":"pa_material-leder","17":"first","18":"outofstock","19":"shipping-taxable","20":"product-type-simple"},"_links":{"self":[{"href":"https:\/\/handbag-sense.com\/de\/wp-json\/wp\/v2\/product\/2698","targetHints":{"allow":["GET"]}}],"collection":[{"href":"https:\/\/handbag-sense.com\/de\/wp-json\/wp\/v2\/product"}],"about":[{"href":"https:\/\/handbag-sense.com\/de\/wp-json\/wp\/v2\/types\/product"}],"wp:featuredmedia":[{"embeddable":true,"href":"https:\/\/handbag-sense.com\/de\/wp-json\/wp\/v2\/media\/4097"}],"wp:attachment":[{"href":"https:\/\/handbag-sense.com\/de\/wp-json\/wp\/v2\/media?parent=2698"}],"wp:term":[{"taxonomy":"product_brand","embeddable":true,"href":"https:\/\/handbag-sense.com\/de\/wp-json\/wp\/v2\/product_brand?post=2698"},{"taxonomy":"product_cat","embeddable":true,"href":"https:\/\/handbag-sense.com\/de\/wp-json\/wp\/v2\/product_cat?post=2698"},{"taxonomy":"product_tag","embeddable":true,"href":"https:\/\/handbag-sense.com\/de\/wp-json\/wp\/v2\/product_tag?post=2698"}],"curies":[{"name":"wp","href":"https:\/\/api.w.org\/{rel}","templated":true}]}}